{"id":11309,"date":"2018-01-07T13:01:12","date_gmt":"2018-01-07T12:01:12","guid":{"rendered":"http:\/\/www.bazarbonino.com\/store\/?post_type=product&#038;p=11309"},"modified":"2025-11-22T11:06:34","modified_gmt":"2025-11-22T10:06:34","slug":"jg3740sc-gora-fire-contact-staff-smontabile-portable-in-carbonio","status":"publish","type":"product","link":"https:\/\/www.bazarbonino.com\/store\/prodotto\/jg3740sc-gora-fire-contact-staff-smontabile-portable-in-carbonio\/","title":{"rendered":"JG3740SC &#8211; GORA FIRE CONTACT STAFF SMONTABILE &#8220;PORTABLE&#8221; in CARBONIO"},"content":{"rendered":"<p class=\"articoli\">GORA FIRE CONTACT STAFF SMONTABILE &#8220;PORTABLE&#8221; in CARBONIO Nuova versione della staffa da contact sempre lunga 150 cm. ma pi\u00f9 leggera grazie alla parte mediana costruita in CARBONIO &#8211; Versione smontabile in 3 comodi parti, i professionisti di contact-staff scelgono questo modello. Ma grazie alle sue ottime qualit\u00e0 anche il pi\u00f9 inesperto non avr\u00e0 nessuna difficolt\u00e0 ad imparare. Buon bilanciamento con le estremit\u00e0 un po\u2019 pi\u00f9 pesanti rispetto alla parte centrale che \u00e8 invece pi\u00f9 leggera. Il rivestimento in silicone vicino alle estremit\u00e0 di fuoco protegge la pelle dal contatto col metallo caldo evitando bruciature. I flowers stabilizzano il movimento e permettono rotazioni un po\u2019 pi\u00f9 lente. Il rivestimento centrale \u00e8 un mix tra quello usato nelle racchette da tennis e il classico grip, che rende l&#8217;impugnatura soffice ma allo stesso tempo resistente e a prova di sudore. Ecco quindi il meglio di ci\u00f2 che potete trovare sul mercato: se dovete scegliere il meglio prendete questa e non ve ne pentirete!<\/p>\n<p>ATTENZIONE: VENDUTA SENZA FLOWERS acquistabili a parte art. <a href=\"https:\/\/www.bazarbonino.com\/store\/prodotto\/jg3750-flower-contact-staff-gora\/\">JG3750<\/a><\/p>\n","protected":false},"excerpt":{"rendered":"<p>SUBITO DISPONIBILE<\/p>\n","protected":false},"featured_media":18936,"comment_status":"closed","ping_status":"closed","template":"","meta":{"_et_pb_use_builder":"","_et_pb_old_content":"","_et_gb_content_width":""},"product_brand":[],"product_cat":[46],"product_tag":[308,218,307],"class_list":{"0":"post-11309","1":"product","2":"type-product","3":"status-publish","4":"has-post-thumbnail","6":"product_cat-staffe-x-twirling-contact-infuocate","7":"product_tag-negozio-articoli-giocoleria-da-incendiare","8":"product_tag-negozio-on-line-bazar-bonino-torino","9":"product_tag-staffa-infuocata-di-fuoco","11":"first","12":"instock","13":"sale","14":"taxable","15":"shipping-taxable","16":"purchasable","17":"product-type-simple"},"yoast_head":"<!-- This site is optimized with the Yoast SEO plugin v27.4 - https:\/\/yoast.com\/product\/yoast-seo-wordpress\/ -->\n<title>JG3740SC - GORA FIRE CONTACT STAFF SMONTABILE &quot;PORTABLE&quot; in CARBONIO - BazarBonino<\/title>\n<meta name=\"description\" content=\"GORA FIRE CONTACT STAFF SMONTABILE &quot;PORTABLE&quot; in CARBONIO Nuova versione della staffa da contact sempre lunga 150 cm. ma pi\u00f9 leggera...\" \/>\n<meta name=\"robots\" content=\"index, follow, max-snippet:-1, max-image-preview:large, max-video-preview:-1\" \/>\n<link rel=\"canonical\" href=\"https:\/\/www.bazarbonino.com\/store\/prodotto\/jg3740sc-gora-fire-contact-staff-smontabile-portable-in-carbonio\/\" \/>\n<meta property=\"og:locale\" content=\"it_IT\" \/>\n<meta property=\"og:type\" content=\"article\" \/>\n<meta property=\"og:title\" content=\"JG3740SC - GORA FIRE CONTACT STAFF SMONTABILE &quot;PORTABLE&quot; in CARBONIO - BazarBonino\" \/>\n<meta property=\"og:description\" content=\"GORA FIRE CONTACT STAFF SMONTABILE &quot;PORTABLE&quot; in CARBONIO Nuova versione della staffa da contact sempre lunga 150 cm. ma pi\u00f9 leggera...\" \/>\n<meta property=\"og:url\" content=\"https:\/\/www.bazarbonino.com\/store\/prodotto\/jg3740sc-gora-fire-contact-staff-smontabile-portable-in-carbonio\/\" \/>\n<meta property=\"og:site_name\" content=\"BazarBonino\" \/>\n<meta property=\"article:publisher\" content=\"https:\/\/www.facebook.com\/bazar.bonino\" \/>\n<meta property=\"article:modified_time\" content=\"2025-11-22T10:06:34+00:00\" \/>\n<meta property=\"og:image\" content=\"https:\/\/www.bazarbonino.com\/store\/wp-content\/uploads\/2018\/01\/JG3740SC-GORA-FIRE-CONTACT-STAFF-SMONTABILE-PORTABLE-in-CARBONIO.jpg\" \/>\n\t<meta property=\"og:image:width\" content=\"1000\" \/>\n\t<meta property=\"og:image:height\" content=\"500\" \/>\n\t<meta property=\"og:image:type\" content=\"image\/jpeg\" \/>\n<meta name=\"twitter:card\" content=\"summary_large_image\" \/>\n<meta name=\"twitter:label1\" content=\"Tempo di lettura stimato\" \/>\n\t<meta name=\"twitter:data1\" content=\"1 minuto\" \/>\n<script type=\"application\/ld+json\" class=\"yoast-schema-graph\">{\"@context\":\"https:\\\/\\\/schema.org\",\"@graph\":[{\"@type\":\"WebPage\",\"@id\":\"https:\\\/\\\/www.bazarbonino.com\\\/store\\\/prodotto\\\/jg3740sc-gora-fire-contact-staff-smontabile-portable-in-carbonio\\\/\",\"url\":\"https:\\\/\\\/www.bazarbonino.com\\\/store\\\/prodotto\\\/jg3740sc-gora-fire-contact-staff-smontabile-portable-in-carbonio\\\/\",\"name\":\"JG3740SC - GORA FIRE CONTACT STAFF SMONTABILE \\\"PORTABLE\\\" in CARBONIO - BazarBonino\",\"isPartOf\":{\"@id\":\"https:\\\/\\\/www.bazarbonino.com\\\/store\\\/#website\"},\"primaryImageOfPage\":{\"@id\":\"https:\\\/\\\/www.bazarbonino.com\\\/store\\\/prodotto\\\/jg3740sc-gora-fire-contact-staff-smontabile-portable-in-carbonio\\\/#primaryimage\"},\"image\":{\"@id\":\"https:\\\/\\\/www.bazarbonino.com\\\/store\\\/prodotto\\\/jg3740sc-gora-fire-contact-staff-smontabile-portable-in-carbonio\\\/#primaryimage\"},\"thumbnailUrl\":\"https:\\\/\\\/www.bazarbonino.com\\\/store\\\/wp-content\\\/uploads\\\/2018\\\/01\\\/JG3740SC-GORA-FIRE-CONTACT-STAFF-SMONTABILE-PORTABLE-in-CARBONIO.jpg\",\"datePublished\":\"2018-01-07T12:01:12+00:00\",\"dateModified\":\"2025-11-22T10:06:34+00:00\",\"description\":\"GORA FIRE CONTACT STAFF SMONTABILE \\\"PORTABLE\\\" in CARBONIO Nuova versione della staffa da contact sempre lunga 150 cm. ma pi\u00f9 leggera...\",\"breadcrumb\":{\"@id\":\"https:\\\/\\\/www.bazarbonino.com\\\/store\\\/prodotto\\\/jg3740sc-gora-fire-contact-staff-smontabile-portable-in-carbonio\\\/#breadcrumb\"},\"inLanguage\":\"it-IT\",\"potentialAction\":[{\"@type\":\"ReadAction\",\"target\":[\"https:\\\/\\\/www.bazarbonino.com\\\/store\\\/prodotto\\\/jg3740sc-gora-fire-contact-staff-smontabile-portable-in-carbonio\\\/\"]}]},{\"@type\":\"ImageObject\",\"inLanguage\":\"it-IT\",\"@id\":\"https:\\\/\\\/www.bazarbonino.com\\\/store\\\/prodotto\\\/jg3740sc-gora-fire-contact-staff-smontabile-portable-in-carbonio\\\/#primaryimage\",\"url\":\"https:\\\/\\\/www.bazarbonino.com\\\/store\\\/wp-content\\\/uploads\\\/2018\\\/01\\\/JG3740SC-GORA-FIRE-CONTACT-STAFF-SMONTABILE-PORTABLE-in-CARBONIO.jpg\",\"contentUrl\":\"https:\\\/\\\/www.bazarbonino.com\\\/store\\\/wp-content\\\/uploads\\\/2018\\\/01\\\/JG3740SC-GORA-FIRE-CONTACT-STAFF-SMONTABILE-PORTABLE-in-CARBONIO.jpg\",\"width\":1000,\"height\":500,\"caption\":\"JG3740SC - GORA FIRE CONTACT STAFF SMONTABILE \\\"PORTABLE\\\" in CARBONIO\"},{\"@type\":\"BreadcrumbList\",\"@id\":\"https:\\\/\\\/www.bazarbonino.com\\\/store\\\/prodotto\\\/jg3740sc-gora-fire-contact-staff-smontabile-portable-in-carbonio\\\/#breadcrumb\",\"itemListElement\":[{\"@type\":\"ListItem\",\"position\":1,\"name\":\"Home\",\"item\":\"https:\\\/\\\/www.bazarbonino.com\\\/store\\\/\"},{\"@type\":\"ListItem\",\"position\":2,\"name\":\"Catalogo\",\"item\":\"https:\\\/\\\/www.bazarbonino.com\\\/store\\\/shop\\\/\"},{\"@type\":\"ListItem\",\"position\":3,\"name\":\"JG3740SC &#8211; GORA FIRE CONTACT STAFF SMONTABILE &#8220;PORTABLE&#8221; in CARBONIO\"}]},{\"@type\":\"WebSite\",\"@id\":\"https:\\\/\\\/www.bazarbonino.com\\\/store\\\/#website\",\"url\":\"https:\\\/\\\/www.bazarbonino.com\\\/store\\\/\",\"name\":\"BazarBonino\",\"description\":\"\",\"potentialAction\":[{\"@type\":\"SearchAction\",\"target\":{\"@type\":\"EntryPoint\",\"urlTemplate\":\"https:\\\/\\\/www.bazarbonino.com\\\/store\\\/?s={search_term_string}\"},\"query-input\":{\"@type\":\"PropertyValueSpecification\",\"valueRequired\":true,\"valueName\":\"search_term_string\"}}],\"inLanguage\":\"it-IT\"}]}<\/script>\n<!-- \/ Yoast SEO plugin. -->","yoast_head_json":{"title":"JG3740SC - GORA FIRE CONTACT STAFF SMONTABILE \"PORTABLE\" in CARBONIO - BazarBonino","description":"GORA FIRE CONTACT STAFF SMONTABILE \"PORTABLE\" in CARBONIO Nuova versione della staffa da contact sempre lunga 150 cm. ma pi\u00f9 leggera...","robots":{"index":"index","follow":"follow","max-snippet":"max-snippet:-1","max-image-preview":"max-image-preview:large","max-video-preview":"max-video-preview:-1"},"canonical":"https:\/\/www.bazarbonino.com\/store\/prodotto\/jg3740sc-gora-fire-contact-staff-smontabile-portable-in-carbonio\/","og_locale":"it_IT","og_type":"article","og_title":"JG3740SC - GORA FIRE CONTACT STAFF SMONTABILE \"PORTABLE\" in CARBONIO - BazarBonino","og_description":"GORA FIRE CONTACT STAFF SMONTABILE \"PORTABLE\" in CARBONIO Nuova versione della staffa da contact sempre lunga 150 cm. ma pi\u00f9 leggera...","og_url":"https:\/\/www.bazarbonino.com\/store\/prodotto\/jg3740sc-gora-fire-contact-staff-smontabile-portable-in-carbonio\/","og_site_name":"BazarBonino","article_publisher":"https:\/\/www.facebook.com\/bazar.bonino","article_modified_time":"2025-11-22T10:06:34+00:00","og_image":[{"width":1000,"height":500,"url":"https:\/\/www.bazarbonino.com\/store\/wp-content\/uploads\/2018\/01\/JG3740SC-GORA-FIRE-CONTACT-STAFF-SMONTABILE-PORTABLE-in-CARBONIO.jpg","type":"image\/jpeg"}],"twitter_card":"summary_large_image","twitter_misc":{"Tempo di lettura stimato":"1 minuto"},"schema":{"@context":"https:\/\/schema.org","@graph":[{"@type":"WebPage","@id":"https:\/\/www.bazarbonino.com\/store\/prodotto\/jg3740sc-gora-fire-contact-staff-smontabile-portable-in-carbonio\/","url":"https:\/\/www.bazarbonino.com\/store\/prodotto\/jg3740sc-gora-fire-contact-staff-smontabile-portable-in-carbonio\/","name":"JG3740SC - GORA FIRE CONTACT STAFF SMONTABILE \"PORTABLE\" in CARBONIO - BazarBonino","isPartOf":{"@id":"https:\/\/www.bazarbonino.com\/store\/#website"},"primaryImageOfPage":{"@id":"https:\/\/www.bazarbonino.com\/store\/prodotto\/jg3740sc-gora-fire-contact-staff-smontabile-portable-in-carbonio\/#primaryimage"},"image":{"@id":"https:\/\/www.bazarbonino.com\/store\/prodotto\/jg3740sc-gora-fire-contact-staff-smontabile-portable-in-carbonio\/#primaryimage"},"thumbnailUrl":"https:\/\/www.bazarbonino.com\/store\/wp-content\/uploads\/2018\/01\/JG3740SC-GORA-FIRE-CONTACT-STAFF-SMONTABILE-PORTABLE-in-CARBONIO.jpg","datePublished":"2018-01-07T12:01:12+00:00","dateModified":"2025-11-22T10:06:34+00:00","description":"GORA FIRE CONTACT STAFF SMONTABILE \"PORTABLE\" in CARBONIO Nuova versione della staffa da contact sempre lunga 150 cm. ma pi\u00f9 leggera...","breadcrumb":{"@id":"https:\/\/www.bazarbonino.com\/store\/prodotto\/jg3740sc-gora-fire-contact-staff-smontabile-portable-in-carbonio\/#breadcrumb"},"inLanguage":"it-IT","potentialAction":[{"@type":"ReadAction","target":["https:\/\/www.bazarbonino.com\/store\/prodotto\/jg3740sc-gora-fire-contact-staff-smontabile-portable-in-carbonio\/"]}]},{"@type":"ImageObject","inLanguage":"it-IT","@id":"https:\/\/www.bazarbonino.com\/store\/prodotto\/jg3740sc-gora-fire-contact-staff-smontabile-portable-in-carbonio\/#primaryimage","url":"https:\/\/www.bazarbonino.com\/store\/wp-content\/uploads\/2018\/01\/JG3740SC-GORA-FIRE-CONTACT-STAFF-SMONTABILE-PORTABLE-in-CARBONIO.jpg","contentUrl":"https:\/\/www.bazarbonino.com\/store\/wp-content\/uploads\/2018\/01\/JG3740SC-GORA-FIRE-CONTACT-STAFF-SMONTABILE-PORTABLE-in-CARBONIO.jpg","width":1000,"height":500,"caption":"JG3740SC - GORA FIRE CONTACT STAFF SMONTABILE \"PORTABLE\" in CARBONIO"},{"@type":"BreadcrumbList","@id":"https:\/\/www.bazarbonino.com\/store\/prodotto\/jg3740sc-gora-fire-contact-staff-smontabile-portable-in-carbonio\/#breadcrumb","itemListElement":[{"@type":"ListItem","position":1,"name":"Home","item":"https:\/\/www.bazarbonino.com\/store\/"},{"@type":"ListItem","position":2,"name":"Catalogo","item":"https:\/\/www.bazarbonino.com\/store\/shop\/"},{"@type":"ListItem","position":3,"name":"JG3740SC &#8211; GORA FIRE CONTACT STAFF SMONTABILE &#8220;PORTABLE&#8221; in CARBONIO"}]},{"@type":"WebSite","@id":"https:\/\/www.bazarbonino.com\/store\/#website","url":"https:\/\/www.bazarbonino.com\/store\/","name":"BazarBonino","description":"","potentialAction":[{"@type":"SearchAction","target":{"@type":"EntryPoint","urlTemplate":"https:\/\/www.bazarbonino.com\/store\/?s={search_term_string}"},"query-input":{"@type":"PropertyValueSpecification","valueRequired":true,"valueName":"search_term_string"}}],"inLanguage":"it-IT"}]}},"_links":{"self":[{"href":"https:\/\/www.bazarbonino.com\/store\/wp-json\/wp\/v2\/product\/11309","targetHints":{"allow":["GET"]}}],"collection":[{"href":"https:\/\/www.bazarbonino.com\/store\/wp-json\/wp\/v2\/product"}],"about":[{"href":"https:\/\/www.bazarbonino.com\/store\/wp-json\/wp\/v2\/types\/product"}],"replies":[{"embeddable":true,"href":"https:\/\/www.bazarbonino.com\/store\/wp-json\/wp\/v2\/comments?post=11309"}],"wp:featuredmedia":[{"embeddable":true,"href":"https:\/\/www.bazarbonino.com\/store\/wp-json\/wp\/v2\/media\/18936"}],"wp:attachment":[{"href":"https:\/\/www.bazarbonino.com\/store\/wp-json\/wp\/v2\/media?parent=11309"}],"wp:term":[{"taxonomy":"product_brand","embeddable":true,"href":"https:\/\/www.bazarbonino.com\/store\/wp-json\/wp\/v2\/product_brand?post=11309"},{"taxonomy":"product_cat","embeddable":true,"href":"https:\/\/www.bazarbonino.com\/store\/wp-json\/wp\/v2\/product_cat?post=11309"},{"taxonomy":"product_tag","embeddable":true,"href":"https:\/\/www.bazarbonino.com\/store\/wp-json\/wp\/v2\/product_tag?post=11309"}],"curies":[{"name":"wp","href":"https:\/\/api.w.org\/{rel}","templated":true}]}}