{"id":11299,"date":"2018-01-06T18:19:27","date_gmt":"2018-01-06T17:19:27","guid":{"rendered":"http:\/\/www.bazarbonino.com\/store\/?post_type=product&#038;p=11299"},"modified":"2018-09-25T12:48:27","modified_gmt":"2018-09-25T10:48:27","slug":"bs0166-addensante-bolle-sapone-giganti","status":"publish","type":"product","link":"https:\/\/www.bazarbonino.com\/store\/prodotto\/bs0166-addensante-bolle-sapone-giganti\/","title":{"rendered":"BS0166 &#8211; Addensante per Bolle di Sapone Giganti"},"content":{"rendered":"<p>Questo addensante per bolle di sapone giganti \u00e8 venduto in confezione da1 Kg. Il contenuto \u00e8 di farina dai semi di Cyamopsis che serve per rendere le bolle di sapone giganti pi\u00f9 elastiche e durature da miscelare assieme ad altri componenti come il sapone Fairy, la glicerina e altri&#8230;.<\/p>\n","protected":false},"excerpt":{"rendered":"<p>Questo addensante per bolle di sapone giganti \u00e8 venduto in confezione da1 Kg. Il contenuto \u00e8 di farina dai semi di Cyamopsis che serve per rendere le bolle di sapone giganti pi\u00f9 elastiche e durature da miscelare assieme ad altri componenti come il sapone Fairy, la glicerina e altri&#8230;.<\/p>\n","protected":false},"featured_media":11302,"comment_status":"closed","ping_status":"closed","template":"","meta":{"_et_pb_use_builder":"","_et_pb_old_content":"","_et_gb_content_width":""},"product_brand":[],"product_cat":[564],"product_tag":[1752,1753],"class_list":{"0":"post-11299","1":"product","2":"type-product","3":"status-publish","4":"has-post-thumbnail","6":"product_cat-bolle-di-sapone-giganti","7":"product_tag-addensante-per-bolle-di-sapone-giganti","8":"product_tag-additivo-per-bolle-di-sapone-giganti","9":"pa_prezzo-quantita-01-litro","10":"pa_prezzo-quantita-05-litri","12":"first","13":"instock","14":"taxable","15":"shipping-taxable","16":"purchasable","17":"product-type-simple"},"yoast_head":"<!-- This site is optimized with the Yoast SEO plugin v27.4 - https:\/\/yoast.com\/product\/yoast-seo-wordpress\/ -->\n<title>BS0166 - Addensante per Bolle di Sapone Giganti - BazarBonino<\/title>\n<meta name=\"description\" content=\"Questo addensante per bolle di sapone giganti serve per rendere le bolle di sapone giganti pi\u00f9 elastiche e durature, da miscelare assieme a altri componenti\" \/>\n<meta name=\"robots\" content=\"index, follow, max-snippet:-1, max-image-preview:large, max-video-preview:-1\" \/>\n<link rel=\"canonical\" href=\"https:\/\/www.bazarbonino.com\/store\/prodotto\/bs0166-addensante-bolle-sapone-giganti\/\" \/>\n<meta property=\"og:locale\" content=\"it_IT\" \/>\n<meta property=\"og:type\" content=\"article\" \/>\n<meta property=\"og:title\" content=\"BS0166 - Addensante per Bolle di Sapone Giganti - BazarBonino\" \/>\n<meta property=\"og:description\" content=\"Questo addensante per bolle di sapone giganti serve per rendere le bolle di sapone giganti pi\u00f9 elastiche e durature, da miscelare assieme a altri componenti\" \/>\n<meta property=\"og:url\" content=\"https:\/\/www.bazarbonino.com\/store\/prodotto\/bs0166-addensante-bolle-sapone-giganti\/\" \/>\n<meta property=\"og:site_name\" content=\"BazarBonino\" \/>\n<meta property=\"article:publisher\" content=\"https:\/\/www.facebook.com\/bazar.bonino\" \/>\n<meta property=\"article:modified_time\" content=\"2018-09-25T10:48:27+00:00\" \/>\n<meta property=\"og:image\" content=\"https:\/\/www.bazarbonino.com\/store\/wp-content\/uploads\/2018\/01\/BS0166-Addensante-per-bolle-di-Sapone-Giganti.jpg\" \/>\n\t<meta property=\"og:image:width\" content=\"2448\" \/>\n\t<meta property=\"og:image:height\" content=\"1499\" \/>\n\t<meta property=\"og:image:type\" content=\"image\/jpeg\" \/>\n<meta name=\"twitter:card\" content=\"summary_large_image\" \/>\n<script type=\"application\/ld+json\" class=\"yoast-schema-graph\">{\"@context\":\"https:\\\/\\\/schema.org\",\"@graph\":[{\"@type\":\"WebPage\",\"@id\":\"https:\\\/\\\/www.bazarbonino.com\\\/store\\\/prodotto\\\/bs0166-addensante-bolle-sapone-giganti\\\/\",\"url\":\"https:\\\/\\\/www.bazarbonino.com\\\/store\\\/prodotto\\\/bs0166-addensante-bolle-sapone-giganti\\\/\",\"name\":\"BS0166 - Addensante per Bolle di Sapone Giganti - BazarBonino\",\"isPartOf\":{\"@id\":\"https:\\\/\\\/www.bazarbonino.com\\\/store\\\/#website\"},\"primaryImageOfPage\":{\"@id\":\"https:\\\/\\\/www.bazarbonino.com\\\/store\\\/prodotto\\\/bs0166-addensante-bolle-sapone-giganti\\\/#primaryimage\"},\"image\":{\"@id\":\"https:\\\/\\\/www.bazarbonino.com\\\/store\\\/prodotto\\\/bs0166-addensante-bolle-sapone-giganti\\\/#primaryimage\"},\"thumbnailUrl\":\"https:\\\/\\\/www.bazarbonino.com\\\/store\\\/wp-content\\\/uploads\\\/2018\\\/01\\\/BS0166-Addensante-per-bolle-di-Sapone-Giganti.jpg\",\"datePublished\":\"2018-01-06T17:19:27+00:00\",\"dateModified\":\"2018-09-25T10:48:27+00:00\",\"description\":\"Questo addensante per bolle di sapone giganti serve per rendere le bolle di sapone giganti pi\u00f9 elastiche e durature, da miscelare assieme a altri componenti\",\"breadcrumb\":{\"@id\":\"https:\\\/\\\/www.bazarbonino.com\\\/store\\\/prodotto\\\/bs0166-addensante-bolle-sapone-giganti\\\/#breadcrumb\"},\"inLanguage\":\"it-IT\",\"potentialAction\":[{\"@type\":\"ReadAction\",\"target\":[\"https:\\\/\\\/www.bazarbonino.com\\\/store\\\/prodotto\\\/bs0166-addensante-bolle-sapone-giganti\\\/\"]}]},{\"@type\":\"ImageObject\",\"inLanguage\":\"it-IT\",\"@id\":\"https:\\\/\\\/www.bazarbonino.com\\\/store\\\/prodotto\\\/bs0166-addensante-bolle-sapone-giganti\\\/#primaryimage\",\"url\":\"https:\\\/\\\/www.bazarbonino.com\\\/store\\\/wp-content\\\/uploads\\\/2018\\\/01\\\/BS0166-Addensante-per-bolle-di-Sapone-Giganti.jpg\",\"contentUrl\":\"https:\\\/\\\/www.bazarbonino.com\\\/store\\\/wp-content\\\/uploads\\\/2018\\\/01\\\/BS0166-Addensante-per-bolle-di-Sapone-Giganti.jpg\",\"width\":2448,\"height\":1499,\"caption\":\"BS0166 - Addensante per Bolle di Sapone Giganti\"},{\"@type\":\"BreadcrumbList\",\"@id\":\"https:\\\/\\\/www.bazarbonino.com\\\/store\\\/prodotto\\\/bs0166-addensante-bolle-sapone-giganti\\\/#breadcrumb\",\"itemListElement\":[{\"@type\":\"ListItem\",\"position\":1,\"name\":\"Home\",\"item\":\"https:\\\/\\\/www.bazarbonino.com\\\/store\\\/\"},{\"@type\":\"ListItem\",\"position\":2,\"name\":\"Catalogo\",\"item\":\"https:\\\/\\\/www.bazarbonino.com\\\/store\\\/shop\\\/\"},{\"@type\":\"ListItem\",\"position\":3,\"name\":\"BS0166 &#8211; Addensante per Bolle di Sapone Giganti\"}]},{\"@type\":\"WebSite\",\"@id\":\"https:\\\/\\\/www.bazarbonino.com\\\/store\\\/#website\",\"url\":\"https:\\\/\\\/www.bazarbonino.com\\\/store\\\/\",\"name\":\"BazarBonino\",\"description\":\"\",\"potentialAction\":[{\"@type\":\"SearchAction\",\"target\":{\"@type\":\"EntryPoint\",\"urlTemplate\":\"https:\\\/\\\/www.bazarbonino.com\\\/store\\\/?s={search_term_string}\"},\"query-input\":{\"@type\":\"PropertyValueSpecification\",\"valueRequired\":true,\"valueName\":\"search_term_string\"}}],\"inLanguage\":\"it-IT\"}]}<\/script>\n<!-- \/ Yoast SEO plugin. -->","yoast_head_json":{"title":"BS0166 - Addensante per Bolle di Sapone Giganti - BazarBonino","description":"Questo addensante per bolle di sapone giganti serve per rendere le bolle di sapone giganti pi\u00f9 elastiche e durature, da miscelare assieme a altri componenti","robots":{"index":"index","follow":"follow","max-snippet":"max-snippet:-1","max-image-preview":"max-image-preview:large","max-video-preview":"max-video-preview:-1"},"canonical":"https:\/\/www.bazarbonino.com\/store\/prodotto\/bs0166-addensante-bolle-sapone-giganti\/","og_locale":"it_IT","og_type":"article","og_title":"BS0166 - Addensante per Bolle di Sapone Giganti - BazarBonino","og_description":"Questo addensante per bolle di sapone giganti serve per rendere le bolle di sapone giganti pi\u00f9 elastiche e durature, da miscelare assieme a altri componenti","og_url":"https:\/\/www.bazarbonino.com\/store\/prodotto\/bs0166-addensante-bolle-sapone-giganti\/","og_site_name":"BazarBonino","article_publisher":"https:\/\/www.facebook.com\/bazar.bonino","article_modified_time":"2018-09-25T10:48:27+00:00","og_image":[{"width":2448,"height":1499,"url":"https:\/\/www.bazarbonino.com\/store\/wp-content\/uploads\/2018\/01\/BS0166-Addensante-per-bolle-di-Sapone-Giganti.jpg","type":"image\/jpeg"}],"twitter_card":"summary_large_image","schema":{"@context":"https:\/\/schema.org","@graph":[{"@type":"WebPage","@id":"https:\/\/www.bazarbonino.com\/store\/prodotto\/bs0166-addensante-bolle-sapone-giganti\/","url":"https:\/\/www.bazarbonino.com\/store\/prodotto\/bs0166-addensante-bolle-sapone-giganti\/","name":"BS0166 - Addensante per Bolle di Sapone Giganti - BazarBonino","isPartOf":{"@id":"https:\/\/www.bazarbonino.com\/store\/#website"},"primaryImageOfPage":{"@id":"https:\/\/www.bazarbonino.com\/store\/prodotto\/bs0166-addensante-bolle-sapone-giganti\/#primaryimage"},"image":{"@id":"https:\/\/www.bazarbonino.com\/store\/prodotto\/bs0166-addensante-bolle-sapone-giganti\/#primaryimage"},"thumbnailUrl":"https:\/\/www.bazarbonino.com\/store\/wp-content\/uploads\/2018\/01\/BS0166-Addensante-per-bolle-di-Sapone-Giganti.jpg","datePublished":"2018-01-06T17:19:27+00:00","dateModified":"2018-09-25T10:48:27+00:00","description":"Questo addensante per bolle di sapone giganti serve per rendere le bolle di sapone giganti pi\u00f9 elastiche e durature, da miscelare assieme a altri componenti","breadcrumb":{"@id":"https:\/\/www.bazarbonino.com\/store\/prodotto\/bs0166-addensante-bolle-sapone-giganti\/#breadcrumb"},"inLanguage":"it-IT","potentialAction":[{"@type":"ReadAction","target":["https:\/\/www.bazarbonino.com\/store\/prodotto\/bs0166-addensante-bolle-sapone-giganti\/"]}]},{"@type":"ImageObject","inLanguage":"it-IT","@id":"https:\/\/www.bazarbonino.com\/store\/prodotto\/bs0166-addensante-bolle-sapone-giganti\/#primaryimage","url":"https:\/\/www.bazarbonino.com\/store\/wp-content\/uploads\/2018\/01\/BS0166-Addensante-per-bolle-di-Sapone-Giganti.jpg","contentUrl":"https:\/\/www.bazarbonino.com\/store\/wp-content\/uploads\/2018\/01\/BS0166-Addensante-per-bolle-di-Sapone-Giganti.jpg","width":2448,"height":1499,"caption":"BS0166 - Addensante per Bolle di Sapone Giganti"},{"@type":"BreadcrumbList","@id":"https:\/\/www.bazarbonino.com\/store\/prodotto\/bs0166-addensante-bolle-sapone-giganti\/#breadcrumb","itemListElement":[{"@type":"ListItem","position":1,"name":"Home","item":"https:\/\/www.bazarbonino.com\/store\/"},{"@type":"ListItem","position":2,"name":"Catalogo","item":"https:\/\/www.bazarbonino.com\/store\/shop\/"},{"@type":"ListItem","position":3,"name":"BS0166 &#8211; Addensante per Bolle di Sapone Giganti"}]},{"@type":"WebSite","@id":"https:\/\/www.bazarbonino.com\/store\/#website","url":"https:\/\/www.bazarbonino.com\/store\/","name":"BazarBonino","description":"","potentialAction":[{"@type":"SearchAction","target":{"@type":"EntryPoint","urlTemplate":"https:\/\/www.bazarbonino.com\/store\/?s={search_term_string}"},"query-input":{"@type":"PropertyValueSpecification","valueRequired":true,"valueName":"search_term_string"}}],"inLanguage":"it-IT"}]}},"_links":{"self":[{"href":"https:\/\/www.bazarbonino.com\/store\/wp-json\/wp\/v2\/product\/11299","targetHints":{"allow":["GET"]}}],"collection":[{"href":"https:\/\/www.bazarbonino.com\/store\/wp-json\/wp\/v2\/product"}],"about":[{"href":"https:\/\/www.bazarbonino.com\/store\/wp-json\/wp\/v2\/types\/product"}],"replies":[{"embeddable":true,"href":"https:\/\/www.bazarbonino.com\/store\/wp-json\/wp\/v2\/comments?post=11299"}],"wp:featuredmedia":[{"embeddable":true,"href":"https:\/\/www.bazarbonino.com\/store\/wp-json\/wp\/v2\/media\/11302"}],"wp:attachment":[{"href":"https:\/\/www.bazarbonino.com\/store\/wp-json\/wp\/v2\/media?parent=11299"}],"wp:term":[{"taxonomy":"product_brand","embeddable":true,"href":"https:\/\/www.bazarbonino.com\/store\/wp-json\/wp\/v2\/product_brand?post=11299"},{"taxonomy":"product_cat","embeddable":true,"href":"https:\/\/www.bazarbonino.com\/store\/wp-json\/wp\/v2\/product_cat?post=11299"},{"taxonomy":"product_tag","embeddable":true,"href":"https:\/\/www.bazarbonino.com\/store\/wp-json\/wp\/v2\/product_tag?post=11299"}],"curies":[{"name":"wp","href":"https:\/\/api.w.org\/{rel}","templated":true}]}}