{"id":1118,"date":"2013-01-01T23:32:47","date_gmt":"2013-01-01T22:32:47","guid":{"rendered":"http:\/\/www.bazarbonino.com\/store\/?wpsc-product=jg3920-gora-ventaglio-di-fuoco-set-di-2"},"modified":"2025-11-22T11:12:23","modified_gmt":"2025-11-22T10:12:23","slug":"jg3920-gora-ventaglio-di-fuoco-set-di-2","status":"publish","type":"product","link":"https:\/\/www.bazarbonino.com\/store\/prodotto\/jg3920-gora-ventaglio-di-fuoco-set-di-2\/","title":{"rendered":"JG3920 &#8211; GORA VENTAGLIO DI FUOCO  SET DI 2"},"content":{"rendered":"<h6>FIRE FANS GORA<\/h6>\n<p>Gora ventaglio di fuoco\u00a0 set di 2 pezzi, formato da 5 braccia lunghe 45 cm, ognuna nella parte finale \u00e8 rivestita in silicone (nero non rosso o arancio come nelle foto), impugnatura in metallo, estremit\u00e0 con 3 mt. (totali) di kevlar da 50 mm, per spettacoli sempre pi\u00f9 straordinari, ti sembrer\u00e0 di avere le mani di fuoco. E&#8217; richiudibile, per aprirlo durante lo spettacolo e per riporlo e trasportarlo facilmente.<\/p>\n<p>La danza del fuoco con i ventagli \u00e8 ovviamente estremamente pericolosa e dovrebbe essere praticata solo da adulti con adeguate conoscenze di sicurezza.<\/p>\n<p><iframe loading=\"lazy\" title=\"fire fans\" width=\"1080\" height=\"810\" src=\"https:\/\/www.youtube.com\/embed\/8DEER5_LqJM?start=10&#038;feature=oembed\"  allow=\"accelerometer; autoplay; clipboard-write; encrypted-media; gyroscope; picture-in-picture; web-share\" referrerpolicy=\"strict-origin-when-cross-origin\" allowfullscreen><\/iframe><\/p>\n","protected":false},"excerpt":{"rendered":"<p>SUBITO DISPONIBILE<\/p>\n<p>VEDI ANALOGO <a href=\"https:\/\/www.bazarbonino.com\/store\/prodotto\/jg3919-collapsible-fire-fan-set-di-2\/\">JG3919<\/a><\/p>\n<p>&nbsp;<\/p>\n","protected":false},"featured_media":15846,"comment_status":"closed","ping_status":"closed","template":"","meta":{"_et_pb_use_builder":"","_et_pb_old_content":"","_et_gb_content_width":""},"product_brand":[],"product_cat":[48,2636],"product_tag":[315,317,316,2488],"class_list":{"0":"post-1118","1":"product","2":"type-product","3":"status-publish","4":"has-post-thumbnail","6":"product_cat-attrezzi-infuocati-vari-danza-costumi","7":"product_cat-ventagli-di-fuoco","8":"product_tag-attrezzi-infuocati-gora","9":"product_tag-negozio-on-line-articoli-gora-di-fuoco","10":"product_tag-rivenditore-ufficiale-per-litalia-bazar-bonino","11":"product_tag-shop-acqua-di-fuoco-giocoleria","13":"first","14":"instock","15":"sale","16":"taxable","17":"shipping-taxable","18":"purchasable","19":"product-type-simple"},"yoast_head":"<!-- This site is optimized with the Yoast SEO plugin v27.4 - https:\/\/yoast.com\/product\/yoast-seo-wordpress\/ -->\n<title>JG3920 - GORA VENTAGLIO DI FUOCO SET DI 2 - BazarBonino<\/title>\n<meta name=\"description\" content=\"FIRE FANS GORA Gora ventaglio di fuoco set di 2 pezzi, formato da 5 braccia lunghe 45 cm, ognuna nella parte finale \u00e8 rivestita in silicone, 3 metri kevlar.\" \/>\n<meta name=\"robots\" content=\"index, follow, max-snippet:-1, max-image-preview:large, max-video-preview:-1\" \/>\n<link rel=\"canonical\" href=\"https:\/\/www.bazarbonino.com\/store\/prodotto\/jg3920-gora-ventaglio-di-fuoco-set-di-2\/\" \/>\n<meta property=\"og:locale\" content=\"it_IT\" \/>\n<meta property=\"og:type\" content=\"article\" \/>\n<meta property=\"og:title\" content=\"JG3920 - GORA VENTAGLIO DI FUOCO SET DI 2 - BazarBonino\" \/>\n<meta property=\"og:description\" content=\"FIRE FANS GORA Gora ventaglio di fuoco set di 2 pezzi, formato da 5 braccia lunghe 45 cm, ognuna nella parte finale \u00e8 rivestita in silicone, 3 metri kevlar.\" \/>\n<meta property=\"og:url\" content=\"https:\/\/www.bazarbonino.com\/store\/prodotto\/jg3920-gora-ventaglio-di-fuoco-set-di-2\/\" \/>\n<meta property=\"og:site_name\" content=\"BazarBonino\" \/>\n<meta property=\"article:publisher\" content=\"https:\/\/www.facebook.com\/bazar.bonino\" \/>\n<meta property=\"article:modified_time\" content=\"2025-11-22T10:12:23+00:00\" \/>\n<meta property=\"og:image\" content=\"https:\/\/www.bazarbonino.com\/store\/wp-content\/uploads\/2013\/01\/JG3920-GORA-VENTAGLIO-DI-FUOCO-SET-DI-2-1.jpg\" \/>\n\t<meta property=\"og:image:width\" content=\"650\" \/>\n\t<meta property=\"og:image:height\" content=\"650\" \/>\n\t<meta property=\"og:image:type\" content=\"image\/jpeg\" \/>\n<meta name=\"twitter:card\" content=\"summary_large_image\" \/>\n<meta name=\"twitter:label1\" content=\"Tempo di lettura stimato\" \/>\n\t<meta name=\"twitter:data1\" content=\"1 minuto\" \/>\n<script type=\"application\/ld+json\" class=\"yoast-schema-graph\">{\"@context\":\"https:\\\/\\\/schema.org\",\"@graph\":[{\"@type\":\"WebPage\",\"@id\":\"https:\\\/\\\/www.bazarbonino.com\\\/store\\\/prodotto\\\/jg3920-gora-ventaglio-di-fuoco-set-di-2\\\/\",\"url\":\"https:\\\/\\\/www.bazarbonino.com\\\/store\\\/prodotto\\\/jg3920-gora-ventaglio-di-fuoco-set-di-2\\\/\",\"name\":\"JG3920 - GORA VENTAGLIO DI FUOCO SET DI 2 - BazarBonino\",\"isPartOf\":{\"@id\":\"https:\\\/\\\/www.bazarbonino.com\\\/store\\\/#website\"},\"primaryImageOfPage\":{\"@id\":\"https:\\\/\\\/www.bazarbonino.com\\\/store\\\/prodotto\\\/jg3920-gora-ventaglio-di-fuoco-set-di-2\\\/#primaryimage\"},\"image\":{\"@id\":\"https:\\\/\\\/www.bazarbonino.com\\\/store\\\/prodotto\\\/jg3920-gora-ventaglio-di-fuoco-set-di-2\\\/#primaryimage\"},\"thumbnailUrl\":\"https:\\\/\\\/www.bazarbonino.com\\\/store\\\/wp-content\\\/uploads\\\/2013\\\/01\\\/JG3920-GORA-VENTAGLIO-DI-FUOCO-SET-DI-2-1.jpg\",\"datePublished\":\"2013-01-01T22:32:47+00:00\",\"dateModified\":\"2025-11-22T10:12:23+00:00\",\"description\":\"FIRE FANS GORA Gora ventaglio di fuoco set di 2 pezzi, formato da 5 braccia lunghe 45 cm, ognuna nella parte finale \u00e8 rivestita in silicone, 3 metri kevlar.\",\"breadcrumb\":{\"@id\":\"https:\\\/\\\/www.bazarbonino.com\\\/store\\\/prodotto\\\/jg3920-gora-ventaglio-di-fuoco-set-di-2\\\/#breadcrumb\"},\"inLanguage\":\"it-IT\",\"potentialAction\":[{\"@type\":\"ReadAction\",\"target\":[\"https:\\\/\\\/www.bazarbonino.com\\\/store\\\/prodotto\\\/jg3920-gora-ventaglio-di-fuoco-set-di-2\\\/\"]}]},{\"@type\":\"ImageObject\",\"inLanguage\":\"it-IT\",\"@id\":\"https:\\\/\\\/www.bazarbonino.com\\\/store\\\/prodotto\\\/jg3920-gora-ventaglio-di-fuoco-set-di-2\\\/#primaryimage\",\"url\":\"https:\\\/\\\/www.bazarbonino.com\\\/store\\\/wp-content\\\/uploads\\\/2013\\\/01\\\/JG3920-GORA-VENTAGLIO-DI-FUOCO-SET-DI-2-1.jpg\",\"contentUrl\":\"https:\\\/\\\/www.bazarbonino.com\\\/store\\\/wp-content\\\/uploads\\\/2013\\\/01\\\/JG3920-GORA-VENTAGLIO-DI-FUOCO-SET-DI-2-1.jpg\",\"width\":650,\"height\":650,\"caption\":\"JG3920 - GORA VENTAGLIO DI FUOCO SET DI 2\"},{\"@type\":\"BreadcrumbList\",\"@id\":\"https:\\\/\\\/www.bazarbonino.com\\\/store\\\/prodotto\\\/jg3920-gora-ventaglio-di-fuoco-set-di-2\\\/#breadcrumb\",\"itemListElement\":[{\"@type\":\"ListItem\",\"position\":1,\"name\":\"Home\",\"item\":\"https:\\\/\\\/www.bazarbonino.com\\\/store\\\/\"},{\"@type\":\"ListItem\",\"position\":2,\"name\":\"Catalogo\",\"item\":\"https:\\\/\\\/www.bazarbonino.com\\\/store\\\/shop\\\/\"},{\"@type\":\"ListItem\",\"position\":3,\"name\":\"JG3920 &#8211; GORA VENTAGLIO DI FUOCO SET DI 2\"}]},{\"@type\":\"WebSite\",\"@id\":\"https:\\\/\\\/www.bazarbonino.com\\\/store\\\/#website\",\"url\":\"https:\\\/\\\/www.bazarbonino.com\\\/store\\\/\",\"name\":\"BazarBonino\",\"description\":\"\",\"potentialAction\":[{\"@type\":\"SearchAction\",\"target\":{\"@type\":\"EntryPoint\",\"urlTemplate\":\"https:\\\/\\\/www.bazarbonino.com\\\/store\\\/?s={search_term_string}\"},\"query-input\":{\"@type\":\"PropertyValueSpecification\",\"valueRequired\":true,\"valueName\":\"search_term_string\"}}],\"inLanguage\":\"it-IT\"}]}<\/script>\n<!-- \/ Yoast SEO plugin. -->","yoast_head_json":{"title":"JG3920 - GORA VENTAGLIO DI FUOCO SET DI 2 - BazarBonino","description":"FIRE FANS GORA Gora ventaglio di fuoco set di 2 pezzi, formato da 5 braccia lunghe 45 cm, ognuna nella parte finale \u00e8 rivestita in silicone, 3 metri kevlar.","robots":{"index":"index","follow":"follow","max-snippet":"max-snippet:-1","max-image-preview":"max-image-preview:large","max-video-preview":"max-video-preview:-1"},"canonical":"https:\/\/www.bazarbonino.com\/store\/prodotto\/jg3920-gora-ventaglio-di-fuoco-set-di-2\/","og_locale":"it_IT","og_type":"article","og_title":"JG3920 - GORA VENTAGLIO DI FUOCO SET DI 2 - BazarBonino","og_description":"FIRE FANS GORA Gora ventaglio di fuoco set di 2 pezzi, formato da 5 braccia lunghe 45 cm, ognuna nella parte finale \u00e8 rivestita in silicone, 3 metri kevlar.","og_url":"https:\/\/www.bazarbonino.com\/store\/prodotto\/jg3920-gora-ventaglio-di-fuoco-set-di-2\/","og_site_name":"BazarBonino","article_publisher":"https:\/\/www.facebook.com\/bazar.bonino","article_modified_time":"2025-11-22T10:12:23+00:00","og_image":[{"width":650,"height":650,"url":"https:\/\/www.bazarbonino.com\/store\/wp-content\/uploads\/2013\/01\/JG3920-GORA-VENTAGLIO-DI-FUOCO-SET-DI-2-1.jpg","type":"image\/jpeg"}],"twitter_card":"summary_large_image","twitter_misc":{"Tempo di lettura stimato":"1 minuto"},"schema":{"@context":"https:\/\/schema.org","@graph":[{"@type":"WebPage","@id":"https:\/\/www.bazarbonino.com\/store\/prodotto\/jg3920-gora-ventaglio-di-fuoco-set-di-2\/","url":"https:\/\/www.bazarbonino.com\/store\/prodotto\/jg3920-gora-ventaglio-di-fuoco-set-di-2\/","name":"JG3920 - GORA VENTAGLIO DI FUOCO SET DI 2 - BazarBonino","isPartOf":{"@id":"https:\/\/www.bazarbonino.com\/store\/#website"},"primaryImageOfPage":{"@id":"https:\/\/www.bazarbonino.com\/store\/prodotto\/jg3920-gora-ventaglio-di-fuoco-set-di-2\/#primaryimage"},"image":{"@id":"https:\/\/www.bazarbonino.com\/store\/prodotto\/jg3920-gora-ventaglio-di-fuoco-set-di-2\/#primaryimage"},"thumbnailUrl":"https:\/\/www.bazarbonino.com\/store\/wp-content\/uploads\/2013\/01\/JG3920-GORA-VENTAGLIO-DI-FUOCO-SET-DI-2-1.jpg","datePublished":"2013-01-01T22:32:47+00:00","dateModified":"2025-11-22T10:12:23+00:00","description":"FIRE FANS GORA Gora ventaglio di fuoco set di 2 pezzi, formato da 5 braccia lunghe 45 cm, ognuna nella parte finale \u00e8 rivestita in silicone, 3 metri kevlar.","breadcrumb":{"@id":"https:\/\/www.bazarbonino.com\/store\/prodotto\/jg3920-gora-ventaglio-di-fuoco-set-di-2\/#breadcrumb"},"inLanguage":"it-IT","potentialAction":[{"@type":"ReadAction","target":["https:\/\/www.bazarbonino.com\/store\/prodotto\/jg3920-gora-ventaglio-di-fuoco-set-di-2\/"]}]},{"@type":"ImageObject","inLanguage":"it-IT","@id":"https:\/\/www.bazarbonino.com\/store\/prodotto\/jg3920-gora-ventaglio-di-fuoco-set-di-2\/#primaryimage","url":"https:\/\/www.bazarbonino.com\/store\/wp-content\/uploads\/2013\/01\/JG3920-GORA-VENTAGLIO-DI-FUOCO-SET-DI-2-1.jpg","contentUrl":"https:\/\/www.bazarbonino.com\/store\/wp-content\/uploads\/2013\/01\/JG3920-GORA-VENTAGLIO-DI-FUOCO-SET-DI-2-1.jpg","width":650,"height":650,"caption":"JG3920 - GORA VENTAGLIO DI FUOCO SET DI 2"},{"@type":"BreadcrumbList","@id":"https:\/\/www.bazarbonino.com\/store\/prodotto\/jg3920-gora-ventaglio-di-fuoco-set-di-2\/#breadcrumb","itemListElement":[{"@type":"ListItem","position":1,"name":"Home","item":"https:\/\/www.bazarbonino.com\/store\/"},{"@type":"ListItem","position":2,"name":"Catalogo","item":"https:\/\/www.bazarbonino.com\/store\/shop\/"},{"@type":"ListItem","position":3,"name":"JG3920 &#8211; GORA VENTAGLIO DI FUOCO SET DI 2"}]},{"@type":"WebSite","@id":"https:\/\/www.bazarbonino.com\/store\/#website","url":"https:\/\/www.bazarbonino.com\/store\/","name":"BazarBonino","description":"","potentialAction":[{"@type":"SearchAction","target":{"@type":"EntryPoint","urlTemplate":"https:\/\/www.bazarbonino.com\/store\/?s={search_term_string}"},"query-input":{"@type":"PropertyValueSpecification","valueRequired":true,"valueName":"search_term_string"}}],"inLanguage":"it-IT"}]}},"_links":{"self":[{"href":"https:\/\/www.bazarbonino.com\/store\/wp-json\/wp\/v2\/product\/1118","targetHints":{"allow":["GET"]}}],"collection":[{"href":"https:\/\/www.bazarbonino.com\/store\/wp-json\/wp\/v2\/product"}],"about":[{"href":"https:\/\/www.bazarbonino.com\/store\/wp-json\/wp\/v2\/types\/product"}],"replies":[{"embeddable":true,"href":"https:\/\/www.bazarbonino.com\/store\/wp-json\/wp\/v2\/comments?post=1118"}],"wp:featuredmedia":[{"embeddable":true,"href":"https:\/\/www.bazarbonino.com\/store\/wp-json\/wp\/v2\/media\/15846"}],"wp:attachment":[{"href":"https:\/\/www.bazarbonino.com\/store\/wp-json\/wp\/v2\/media?parent=1118"}],"wp:term":[{"taxonomy":"product_brand","embeddable":true,"href":"https:\/\/www.bazarbonino.com\/store\/wp-json\/wp\/v2\/product_brand?post=1118"},{"taxonomy":"product_cat","embeddable":true,"href":"https:\/\/www.bazarbonino.com\/store\/wp-json\/wp\/v2\/product_cat?post=1118"},{"taxonomy":"product_tag","embeddable":true,"href":"https:\/\/www.bazarbonino.com\/store\/wp-json\/wp\/v2\/product_tag?post=1118"}],"curies":[{"name":"wp","href":"https:\/\/api.w.org\/{rel}","templated":true}]}}