{"id":1112,"date":"2013-01-01T23:32:47","date_gmt":"2013-01-01T22:32:47","guid":{"rendered":"http:\/\/www.bazarbonino.com\/store\/?wpsc-product=jg3730-staffa-fyrefli-cougar-trasformabile-3-pezzi-145-cm"},"modified":"2025-11-11T12:17:04","modified_gmt":"2025-11-11T11:17:04","slug":"jg3730-acro-staff-gora-strong","status":"publish","type":"product","link":"https:\/\/www.bazarbonino.com\/store\/prodotto\/jg3730-acro-staff-gora-strong\/","title":{"rendered":"JG3730 &#8211; ACRO STAFF GORA STRONG"},"content":{"rendered":"<h6>STAFFA ACROBATICA STRONG GORA<\/h6>\n<p class=\"articoli\">l&#8217;Acro Staff Gora Strong \u00e8 lunga 150 cm\/995 gr. <span class=\"VIiyi\" lang=\"it\"><span class=\"JLqJ4b\" data-language-for-alternatives=\"it\" data-language-to-translate-into=\"en\" data-phrase-index=\"0\" data-number-of-phrases=\"1\">Poich\u00e9 \u00e8 necessario un bastone robusto per sostenere il peso dell&#8217;acrobata, \u00e8 disponibile solo nella dimensione 26 x 2,5 mm, dove 26 mm \u00e8 il diametro e 2,5 mm \u00e8 lo spessore della parete del tubo, <\/span><\/span>in fibra di carbonio, leggero ma resistente e flessibile. Parte centrale ricoperta da uno speciale SuperGrip di 3,2 mm. di spessore, extra peso in acciaio su entrambi i lati. <span class=\"VIiyi\" lang=\"it\"><span class=\"JLqJ4b\" data-language-for-alternatives=\"it\" data-language-to-translate-into=\"en\" data-phrase-index=\"0\" data-number-of-phrases=\"1\">All&#8217;interno dell&#8217;Acro Staff c&#8217;\u00e8 un peso d&#8217;acciaio su entrambe le estremit\u00e0. Le estremit\u00e0 sono ricoperte da un robusto pomello in gomma che consente un&#8217;ottima presa sul terreno, protegge sia la staffa dall&#8217;abrasione ed il pavimento del tuo spazio di pratica<\/span><\/span>. Punto centrale evidenziato, due blocchi per lato per facilitare i movimenti del parkour. Ideata per l&#8217;acrobatic style, un mix tra contact staff e parkour.<\/p>\n<p><iframe loading=\"lazy\" title=\"Alain Fernandez, staff performance with Gora&#039;s staffs\" width=\"1080\" height=\"810\" src=\"https:\/\/www.youtube.com\/embed\/kE_Exm8GOHI?feature=oembed\"  allow=\"accelerometer; autoplay; clipboard-write; encrypted-media; gyroscope; picture-in-picture; web-share\" referrerpolicy=\"strict-origin-when-cross-origin\" allowfullscreen><\/iframe><\/p>\n","protected":false},"excerpt":{"rendered":"<div class=\"woocommerce-product-details__short-description\">SUBITO DISPONIBILE<\/div>\n","protected":false},"featured_media":11315,"comment_status":"closed","ping_status":"closed","template":"","meta":{"_et_pb_use_builder":"","_et_pb_old_content":"","_et_gb_content_width":""},"product_brand":[],"product_cat":[46],"product_tag":[1836,308,218,307],"class_list":{"0":"post-1112","1":"product","2":"type-product","3":"status-publish","4":"has-post-thumbnail","6":"product_cat-staffe-x-twirling-contact-infuocate","7":"product_tag-acro-staff-gora","8":"product_tag-negozio-articoli-giocoleria-da-incendiare","9":"product_tag-negozio-on-line-bazar-bonino-torino","10":"product_tag-staffa-infuocata-di-fuoco","12":"first","13":"instock","14":"sale","15":"taxable","16":"shipping-taxable","17":"purchasable","18":"product-type-simple"},"yoast_head":"<!-- This site is optimized with the Yoast SEO plugin v27.4 - https:\/\/yoast.com\/product\/yoast-seo-wordpress\/ -->\n<title>JG3730 - ACRO STAFF GORA STRONG - BazarBonino<\/title>\n<meta name=\"description\" content=\"STAFFA ACROBATICA STRONG GORA l&#039;Acro Staff Gora Strong \u00e8 lunga 150 cm\/995 gr. Disponibile solo nella dimensione 26 x 2,5 mm, dove 26...\" \/>\n<meta name=\"robots\" content=\"index, follow, max-snippet:-1, max-image-preview:large, max-video-preview:-1\" \/>\n<link rel=\"canonical\" href=\"https:\/\/www.bazarbonino.com\/store\/prodotto\/jg3730-acro-staff-gora-strong\/\" \/>\n<meta property=\"og:locale\" content=\"it_IT\" \/>\n<meta property=\"og:type\" content=\"article\" \/>\n<meta property=\"og:title\" content=\"JG3730 - ACRO STAFF GORA STRONG - BazarBonino\" \/>\n<meta property=\"og:description\" content=\"STAFFA ACROBATICA STRONG GORA l&#039;Acro Staff Gora Strong \u00e8 lunga 150 cm\/995 gr. Disponibile solo nella dimensione 26 x 2,5 mm, dove 26...\" \/>\n<meta property=\"og:url\" content=\"https:\/\/www.bazarbonino.com\/store\/prodotto\/jg3730-acro-staff-gora-strong\/\" \/>\n<meta property=\"og:site_name\" content=\"BazarBonino\" \/>\n<meta property=\"article:publisher\" content=\"https:\/\/www.facebook.com\/bazar.bonino\" \/>\n<meta property=\"article:modified_time\" content=\"2025-11-11T11:17:04+00:00\" \/>\n<meta property=\"og:image\" content=\"https:\/\/www.bazarbonino.com\/store\/wp-content\/uploads\/2013\/01\/JG3730-ACRO-STAFF-GORA-STRONG.jpg\" \/>\n\t<meta property=\"og:image:width\" content=\"765\" \/>\n\t<meta property=\"og:image:height\" content=\"937\" \/>\n\t<meta property=\"og:image:type\" content=\"image\/jpeg\" \/>\n<meta name=\"twitter:card\" content=\"summary_large_image\" \/>\n<meta name=\"twitter:label1\" content=\"Tempo di lettura stimato\" \/>\n\t<meta name=\"twitter:data1\" content=\"1 minuto\" \/>\n<script type=\"application\/ld+json\" class=\"yoast-schema-graph\">{\"@context\":\"https:\\\/\\\/schema.org\",\"@graph\":[{\"@type\":\"WebPage\",\"@id\":\"https:\\\/\\\/www.bazarbonino.com\\\/store\\\/prodotto\\\/jg3730-acro-staff-gora-strong\\\/\",\"url\":\"https:\\\/\\\/www.bazarbonino.com\\\/store\\\/prodotto\\\/jg3730-acro-staff-gora-strong\\\/\",\"name\":\"JG3730 - ACRO STAFF GORA STRONG - BazarBonino\",\"isPartOf\":{\"@id\":\"https:\\\/\\\/www.bazarbonino.com\\\/store\\\/#website\"},\"primaryImageOfPage\":{\"@id\":\"https:\\\/\\\/www.bazarbonino.com\\\/store\\\/prodotto\\\/jg3730-acro-staff-gora-strong\\\/#primaryimage\"},\"image\":{\"@id\":\"https:\\\/\\\/www.bazarbonino.com\\\/store\\\/prodotto\\\/jg3730-acro-staff-gora-strong\\\/#primaryimage\"},\"thumbnailUrl\":\"https:\\\/\\\/www.bazarbonino.com\\\/store\\\/wp-content\\\/uploads\\\/2013\\\/01\\\/JG3730-ACRO-STAFF-GORA-STRONG.jpg\",\"datePublished\":\"2013-01-01T22:32:47+00:00\",\"dateModified\":\"2025-11-11T11:17:04+00:00\",\"description\":\"STAFFA ACROBATICA STRONG GORA l'Acro Staff Gora Strong \u00e8 lunga 150 cm\\\/995 gr. Disponibile solo nella dimensione 26 x 2,5 mm, dove 26...\",\"breadcrumb\":{\"@id\":\"https:\\\/\\\/www.bazarbonino.com\\\/store\\\/prodotto\\\/jg3730-acro-staff-gora-strong\\\/#breadcrumb\"},\"inLanguage\":\"it-IT\",\"potentialAction\":[{\"@type\":\"ReadAction\",\"target\":[\"https:\\\/\\\/www.bazarbonino.com\\\/store\\\/prodotto\\\/jg3730-acro-staff-gora-strong\\\/\"]}]},{\"@type\":\"ImageObject\",\"inLanguage\":\"it-IT\",\"@id\":\"https:\\\/\\\/www.bazarbonino.com\\\/store\\\/prodotto\\\/jg3730-acro-staff-gora-strong\\\/#primaryimage\",\"url\":\"https:\\\/\\\/www.bazarbonino.com\\\/store\\\/wp-content\\\/uploads\\\/2013\\\/01\\\/JG3730-ACRO-STAFF-GORA-STRONG.jpg\",\"contentUrl\":\"https:\\\/\\\/www.bazarbonino.com\\\/store\\\/wp-content\\\/uploads\\\/2013\\\/01\\\/JG3730-ACRO-STAFF-GORA-STRONG.jpg\",\"width\":765,\"height\":937,\"caption\":\"JG3730 - ACRO STAFF GORA STRONG\"},{\"@type\":\"BreadcrumbList\",\"@id\":\"https:\\\/\\\/www.bazarbonino.com\\\/store\\\/prodotto\\\/jg3730-acro-staff-gora-strong\\\/#breadcrumb\",\"itemListElement\":[{\"@type\":\"ListItem\",\"position\":1,\"name\":\"Home\",\"item\":\"https:\\\/\\\/www.bazarbonino.com\\\/store\\\/\"},{\"@type\":\"ListItem\",\"position\":2,\"name\":\"Catalogo\",\"item\":\"https:\\\/\\\/www.bazarbonino.com\\\/store\\\/shop\\\/\"},{\"@type\":\"ListItem\",\"position\":3,\"name\":\"JG3730 &#8211; ACRO STAFF GORA STRONG\"}]},{\"@type\":\"WebSite\",\"@id\":\"https:\\\/\\\/www.bazarbonino.com\\\/store\\\/#website\",\"url\":\"https:\\\/\\\/www.bazarbonino.com\\\/store\\\/\",\"name\":\"BazarBonino\",\"description\":\"\",\"potentialAction\":[{\"@type\":\"SearchAction\",\"target\":{\"@type\":\"EntryPoint\",\"urlTemplate\":\"https:\\\/\\\/www.bazarbonino.com\\\/store\\\/?s={search_term_string}\"},\"query-input\":{\"@type\":\"PropertyValueSpecification\",\"valueRequired\":true,\"valueName\":\"search_term_string\"}}],\"inLanguage\":\"it-IT\"}]}<\/script>\n<!-- \/ Yoast SEO plugin. -->","yoast_head_json":{"title":"JG3730 - ACRO STAFF GORA STRONG - BazarBonino","description":"STAFFA ACROBATICA STRONG GORA l'Acro Staff Gora Strong \u00e8 lunga 150 cm\/995 gr. Disponibile solo nella dimensione 26 x 2,5 mm, dove 26...","robots":{"index":"index","follow":"follow","max-snippet":"max-snippet:-1","max-image-preview":"max-image-preview:large","max-video-preview":"max-video-preview:-1"},"canonical":"https:\/\/www.bazarbonino.com\/store\/prodotto\/jg3730-acro-staff-gora-strong\/","og_locale":"it_IT","og_type":"article","og_title":"JG3730 - ACRO STAFF GORA STRONG - BazarBonino","og_description":"STAFFA ACROBATICA STRONG GORA l'Acro Staff Gora Strong \u00e8 lunga 150 cm\/995 gr. Disponibile solo nella dimensione 26 x 2,5 mm, dove 26...","og_url":"https:\/\/www.bazarbonino.com\/store\/prodotto\/jg3730-acro-staff-gora-strong\/","og_site_name":"BazarBonino","article_publisher":"https:\/\/www.facebook.com\/bazar.bonino","article_modified_time":"2025-11-11T11:17:04+00:00","og_image":[{"width":765,"height":937,"url":"https:\/\/www.bazarbonino.com\/store\/wp-content\/uploads\/2013\/01\/JG3730-ACRO-STAFF-GORA-STRONG.jpg","type":"image\/jpeg"}],"twitter_card":"summary_large_image","twitter_misc":{"Tempo di lettura stimato":"1 minuto"},"schema":{"@context":"https:\/\/schema.org","@graph":[{"@type":"WebPage","@id":"https:\/\/www.bazarbonino.com\/store\/prodotto\/jg3730-acro-staff-gora-strong\/","url":"https:\/\/www.bazarbonino.com\/store\/prodotto\/jg3730-acro-staff-gora-strong\/","name":"JG3730 - ACRO STAFF GORA STRONG - BazarBonino","isPartOf":{"@id":"https:\/\/www.bazarbonino.com\/store\/#website"},"primaryImageOfPage":{"@id":"https:\/\/www.bazarbonino.com\/store\/prodotto\/jg3730-acro-staff-gora-strong\/#primaryimage"},"image":{"@id":"https:\/\/www.bazarbonino.com\/store\/prodotto\/jg3730-acro-staff-gora-strong\/#primaryimage"},"thumbnailUrl":"https:\/\/www.bazarbonino.com\/store\/wp-content\/uploads\/2013\/01\/JG3730-ACRO-STAFF-GORA-STRONG.jpg","datePublished":"2013-01-01T22:32:47+00:00","dateModified":"2025-11-11T11:17:04+00:00","description":"STAFFA ACROBATICA STRONG GORA l'Acro Staff Gora Strong \u00e8 lunga 150 cm\/995 gr. Disponibile solo nella dimensione 26 x 2,5 mm, dove 26...","breadcrumb":{"@id":"https:\/\/www.bazarbonino.com\/store\/prodotto\/jg3730-acro-staff-gora-strong\/#breadcrumb"},"inLanguage":"it-IT","potentialAction":[{"@type":"ReadAction","target":["https:\/\/www.bazarbonino.com\/store\/prodotto\/jg3730-acro-staff-gora-strong\/"]}]},{"@type":"ImageObject","inLanguage":"it-IT","@id":"https:\/\/www.bazarbonino.com\/store\/prodotto\/jg3730-acro-staff-gora-strong\/#primaryimage","url":"https:\/\/www.bazarbonino.com\/store\/wp-content\/uploads\/2013\/01\/JG3730-ACRO-STAFF-GORA-STRONG.jpg","contentUrl":"https:\/\/www.bazarbonino.com\/store\/wp-content\/uploads\/2013\/01\/JG3730-ACRO-STAFF-GORA-STRONG.jpg","width":765,"height":937,"caption":"JG3730 - ACRO STAFF GORA STRONG"},{"@type":"BreadcrumbList","@id":"https:\/\/www.bazarbonino.com\/store\/prodotto\/jg3730-acro-staff-gora-strong\/#breadcrumb","itemListElement":[{"@type":"ListItem","position":1,"name":"Home","item":"https:\/\/www.bazarbonino.com\/store\/"},{"@type":"ListItem","position":2,"name":"Catalogo","item":"https:\/\/www.bazarbonino.com\/store\/shop\/"},{"@type":"ListItem","position":3,"name":"JG3730 &#8211; ACRO STAFF GORA STRONG"}]},{"@type":"WebSite","@id":"https:\/\/www.bazarbonino.com\/store\/#website","url":"https:\/\/www.bazarbonino.com\/store\/","name":"BazarBonino","description":"","potentialAction":[{"@type":"SearchAction","target":{"@type":"EntryPoint","urlTemplate":"https:\/\/www.bazarbonino.com\/store\/?s={search_term_string}"},"query-input":{"@type":"PropertyValueSpecification","valueRequired":true,"valueName":"search_term_string"}}],"inLanguage":"it-IT"}]}},"_links":{"self":[{"href":"https:\/\/www.bazarbonino.com\/store\/wp-json\/wp\/v2\/product\/1112","targetHints":{"allow":["GET"]}}],"collection":[{"href":"https:\/\/www.bazarbonino.com\/store\/wp-json\/wp\/v2\/product"}],"about":[{"href":"https:\/\/www.bazarbonino.com\/store\/wp-json\/wp\/v2\/types\/product"}],"replies":[{"embeddable":true,"href":"https:\/\/www.bazarbonino.com\/store\/wp-json\/wp\/v2\/comments?post=1112"}],"wp:featuredmedia":[{"embeddable":true,"href":"https:\/\/www.bazarbonino.com\/store\/wp-json\/wp\/v2\/media\/11315"}],"wp:attachment":[{"href":"https:\/\/www.bazarbonino.com\/store\/wp-json\/wp\/v2\/media?parent=1112"}],"wp:term":[{"taxonomy":"product_brand","embeddable":true,"href":"https:\/\/www.bazarbonino.com\/store\/wp-json\/wp\/v2\/product_brand?post=1112"},{"taxonomy":"product_cat","embeddable":true,"href":"https:\/\/www.bazarbonino.com\/store\/wp-json\/wp\/v2\/product_cat?post=1112"},{"taxonomy":"product_tag","embeddable":true,"href":"https:\/\/www.bazarbonino.com\/store\/wp-json\/wp\/v2\/product_tag?post=1112"}],"curies":[{"name":"wp","href":"https:\/\/api.w.org\/{rel}","templated":true}]}}