{"id":1104,"date":"2013-01-01T23:32:47","date_gmt":"2013-01-01T22:32:47","guid":{"rendered":"http:\/\/www.bazarbonino.com\/store\/?wpsc-product=jg3555-catene-deluxe"},"modified":"2024-09-02T09:08:15","modified_gmt":"2024-09-02T07:08:15","slug":"jg3555-catene-classiche-gora","status":"publish","type":"product","link":"https:\/\/www.bazarbonino.com\/store\/prodotto\/jg3555-catene-classiche-gora\/","title":{"rendered":"JG3555 &#8211; Catene Classiche Gora"},"content":{"rendered":"<p>Catene Classiche Gora Costo al paio. <span class=\"VIiyi\" lang=\"it\"><span class=\"JLqJ4b\" data-language-for-alternatives=\"it\" data-language-to-translate-into=\"en\" data-phrase-index=\"0\">Questo \u00e8 un poi semplice e ben fatto a un prezzo ragionevole. I Classic FIre Poi sono disponibili in 3 taglie, con la stessa larghezza e lunghezza diversa. Poi 50: lunghezza 50 mm &#8211; 188 g. Consigliato per i principianti o per chi teme il fuoco. POI 70: lunghezza 70 mm &#8211; 224 g. Una dimensione conveniente per i giocatori di hobby o se hai iniziato di recente. Poi100: lunghezza 100 mm &#8211; 300 g. Le loro fiamme hanno le stesse dimensioni di quelle grandi di WickerPoi, ma hanno un tempo di combustione pi\u00f9 breve. Il peso si riferisce a un paio di poi con parametri standard (catena classica, manici in pelle a flower). I nostri Classic Fire Poi sono realizzati con catene e anelli extra sicuri. Tutte le catene che offriamo sono catene saldate, di gran lunga la migliore qualit\u00e0 sul mercato. La catena Classic, che \u00e8 la nostra opzione predefinita, \u00e8 un&#8217;ottima scelta per questi POI. Puoi scegliere diversi attacchi\/manici, come manici di fiori, palline di legno o silicone. I manici a fiore in pelle sono pi\u00f9 comodi e pi\u00f9 sicuri di quelli classici. Le impugnature della palla sono migliori per i tricks con i lanci, specialmente quello in silicone. Hanno pi\u00f9 peso, sono pi\u00f9 morbidi, pi\u00f9 durevoli e pi\u00f9 resistenti al fuoco. Controllare sempre le condizioni del Poi prima di utilizzarlo e leggere attentamente le istruzioni di sicurezza antincendio.<\/span><\/span><\/p>\n","protected":false},"excerpt":{"rendered":"<p>Catene Classiche Gora Costo al paio. Questo \u00e8 un poi semplice e ben fatto a un prezzo ragionevole. I Classic FIre Poi sono disponibili in 3 taglie, con la stessa larghezza e lunghezza diversa. Poi 50: lunghezza 50 mm &#8211; 188 g. Consigliato per i principianti o per chi teme il fuoco. POI 70: lunghezza [&hellip;]<\/p>\n","protected":false},"featured_media":18846,"comment_status":"closed","ping_status":"closed","template":"","meta":{"_et_pb_use_builder":"","_et_pb_old_content":"","_et_gb_content_width":""},"product_brand":[],"product_cat":[44],"product_tag":[304,302,303],"class_list":{"0":"post-1104","1":"product","2":"type-product","3":"status-publish","4":"has-post-thumbnail","6":"product_cat-catene-poi-infuocati","7":"product_tag-bazar-bonino-torino-on-line","8":"product_tag-catene-poi-di-fuoco-infuocati-ed-accessori","9":"product_tag-negozio-articoli-giocoleria-di-fuoco","10":"pa_modello-100-mm","11":"pa_modello-50-mm","12":"pa_modello-70-mm","14":"first","15":"instock","16":"taxable","17":"shipping-taxable","18":"purchasable","19":"product-type-variable"},"yoast_head":"<!-- This site is optimized with the Yoast SEO plugin v27.4 - https:\/\/yoast.com\/product\/yoast-seo-wordpress\/ -->\n<title>JG3555 - Catene Classiche Gora - BazarBonino<\/title>\n<meta name=\"description\" content=\"Catene Classiche Gora Costo al paio. Questo \u00e8 un poi semplice e ben fatto a un prezzo ragionevole. I Classic FIre Poi sono disponibili in 3 taglie...\" \/>\n<meta name=\"robots\" content=\"index, follow, max-snippet:-1, max-image-preview:large, max-video-preview:-1\" \/>\n<link rel=\"canonical\" href=\"https:\/\/www.bazarbonino.com\/store\/prodotto\/jg3555-catene-classiche-gora\/\" \/>\n<meta property=\"og:locale\" content=\"it_IT\" \/>\n<meta property=\"og:type\" content=\"article\" \/>\n<meta property=\"og:title\" content=\"JG3555 - Catene Classiche Gora - BazarBonino\" \/>\n<meta property=\"og:description\" content=\"Catene Classiche Gora Costo al paio. Questo \u00e8 un poi semplice e ben fatto a un prezzo ragionevole. I Classic FIre Poi sono disponibili in 3 taglie...\" \/>\n<meta property=\"og:url\" content=\"https:\/\/www.bazarbonino.com\/store\/prodotto\/jg3555-catene-classiche-gora\/\" \/>\n<meta property=\"og:site_name\" content=\"BazarBonino\" \/>\n<meta property=\"article:publisher\" content=\"https:\/\/www.facebook.com\/bazar.bonino\" \/>\n<meta property=\"article:modified_time\" content=\"2024-09-02T07:08:15+00:00\" \/>\n<meta property=\"og:image\" content=\"https:\/\/www.bazarbonino.com\/store\/wp-content\/uploads\/2013\/01\/JG3555-Catene-Classiche-Gora.jpg\" \/>\n\t<meta property=\"og:image:width\" content=\"1000\" \/>\n\t<meta property=\"og:image:height\" content=\"500\" \/>\n\t<meta property=\"og:image:type\" content=\"image\/jpeg\" \/>\n<meta name=\"twitter:card\" content=\"summary_large_image\" \/>\n<meta name=\"twitter:label1\" content=\"Tempo di lettura stimato\" \/>\n\t<meta name=\"twitter:data1\" content=\"2 minuti\" \/>\n<script type=\"application\/ld+json\" class=\"yoast-schema-graph\">{\"@context\":\"https:\\\/\\\/schema.org\",\"@graph\":[{\"@type\":\"WebPage\",\"@id\":\"https:\\\/\\\/www.bazarbonino.com\\\/store\\\/prodotto\\\/jg3555-catene-classiche-gora\\\/\",\"url\":\"https:\\\/\\\/www.bazarbonino.com\\\/store\\\/prodotto\\\/jg3555-catene-classiche-gora\\\/\",\"name\":\"JG3555 - Catene Classiche Gora - BazarBonino\",\"isPartOf\":{\"@id\":\"https:\\\/\\\/www.bazarbonino.com\\\/store\\\/#website\"},\"primaryImageOfPage\":{\"@id\":\"https:\\\/\\\/www.bazarbonino.com\\\/store\\\/prodotto\\\/jg3555-catene-classiche-gora\\\/#primaryimage\"},\"image\":{\"@id\":\"https:\\\/\\\/www.bazarbonino.com\\\/store\\\/prodotto\\\/jg3555-catene-classiche-gora\\\/#primaryimage\"},\"thumbnailUrl\":\"https:\\\/\\\/www.bazarbonino.com\\\/store\\\/wp-content\\\/uploads\\\/2013\\\/01\\\/JG3555-Catene-Classiche-Gora.jpg\",\"datePublished\":\"2013-01-01T22:32:47+00:00\",\"dateModified\":\"2024-09-02T07:08:15+00:00\",\"description\":\"Catene Classiche Gora Costo al paio. Questo \u00e8 un poi semplice e ben fatto a un prezzo ragionevole. I Classic FIre Poi sono disponibili in 3 taglie...\",\"breadcrumb\":{\"@id\":\"https:\\\/\\\/www.bazarbonino.com\\\/store\\\/prodotto\\\/jg3555-catene-classiche-gora\\\/#breadcrumb\"},\"inLanguage\":\"it-IT\",\"potentialAction\":[{\"@type\":\"ReadAction\",\"target\":[\"https:\\\/\\\/www.bazarbonino.com\\\/store\\\/prodotto\\\/jg3555-catene-classiche-gora\\\/\"]}]},{\"@type\":\"ImageObject\",\"inLanguage\":\"it-IT\",\"@id\":\"https:\\\/\\\/www.bazarbonino.com\\\/store\\\/prodotto\\\/jg3555-catene-classiche-gora\\\/#primaryimage\",\"url\":\"https:\\\/\\\/www.bazarbonino.com\\\/store\\\/wp-content\\\/uploads\\\/2013\\\/01\\\/JG3555-Catene-Classiche-Gora.jpg\",\"contentUrl\":\"https:\\\/\\\/www.bazarbonino.com\\\/store\\\/wp-content\\\/uploads\\\/2013\\\/01\\\/JG3555-Catene-Classiche-Gora.jpg\",\"width\":1000,\"height\":500,\"caption\":\"JG3555 - Catene Classiche Gora\"},{\"@type\":\"BreadcrumbList\",\"@id\":\"https:\\\/\\\/www.bazarbonino.com\\\/store\\\/prodotto\\\/jg3555-catene-classiche-gora\\\/#breadcrumb\",\"itemListElement\":[{\"@type\":\"ListItem\",\"position\":1,\"name\":\"Home\",\"item\":\"https:\\\/\\\/www.bazarbonino.com\\\/store\\\/\"},{\"@type\":\"ListItem\",\"position\":2,\"name\":\"Catalogo\",\"item\":\"https:\\\/\\\/www.bazarbonino.com\\\/store\\\/shop\\\/\"},{\"@type\":\"ListItem\",\"position\":3,\"name\":\"JG3555 &#8211; Catene Classiche Gora\"}]},{\"@type\":\"WebSite\",\"@id\":\"https:\\\/\\\/www.bazarbonino.com\\\/store\\\/#website\",\"url\":\"https:\\\/\\\/www.bazarbonino.com\\\/store\\\/\",\"name\":\"BazarBonino\",\"description\":\"\",\"potentialAction\":[{\"@type\":\"SearchAction\",\"target\":{\"@type\":\"EntryPoint\",\"urlTemplate\":\"https:\\\/\\\/www.bazarbonino.com\\\/store\\\/?s={search_term_string}\"},\"query-input\":{\"@type\":\"PropertyValueSpecification\",\"valueRequired\":true,\"valueName\":\"search_term_string\"}}],\"inLanguage\":\"it-IT\"}]}<\/script>\n<!-- \/ Yoast SEO plugin. -->","yoast_head_json":{"title":"JG3555 - Catene Classiche Gora - BazarBonino","description":"Catene Classiche Gora Costo al paio. Questo \u00e8 un poi semplice e ben fatto a un prezzo ragionevole. I Classic FIre Poi sono disponibili in 3 taglie...","robots":{"index":"index","follow":"follow","max-snippet":"max-snippet:-1","max-image-preview":"max-image-preview:large","max-video-preview":"max-video-preview:-1"},"canonical":"https:\/\/www.bazarbonino.com\/store\/prodotto\/jg3555-catene-classiche-gora\/","og_locale":"it_IT","og_type":"article","og_title":"JG3555 - Catene Classiche Gora - BazarBonino","og_description":"Catene Classiche Gora Costo al paio. Questo \u00e8 un poi semplice e ben fatto a un prezzo ragionevole. I Classic FIre Poi sono disponibili in 3 taglie...","og_url":"https:\/\/www.bazarbonino.com\/store\/prodotto\/jg3555-catene-classiche-gora\/","og_site_name":"BazarBonino","article_publisher":"https:\/\/www.facebook.com\/bazar.bonino","article_modified_time":"2024-09-02T07:08:15+00:00","og_image":[{"width":1000,"height":500,"url":"https:\/\/www.bazarbonino.com\/store\/wp-content\/uploads\/2013\/01\/JG3555-Catene-Classiche-Gora.jpg","type":"image\/jpeg"}],"twitter_card":"summary_large_image","twitter_misc":{"Tempo di lettura stimato":"2 minuti"},"schema":{"@context":"https:\/\/schema.org","@graph":[{"@type":"WebPage","@id":"https:\/\/www.bazarbonino.com\/store\/prodotto\/jg3555-catene-classiche-gora\/","url":"https:\/\/www.bazarbonino.com\/store\/prodotto\/jg3555-catene-classiche-gora\/","name":"JG3555 - Catene Classiche Gora - BazarBonino","isPartOf":{"@id":"https:\/\/www.bazarbonino.com\/store\/#website"},"primaryImageOfPage":{"@id":"https:\/\/www.bazarbonino.com\/store\/prodotto\/jg3555-catene-classiche-gora\/#primaryimage"},"image":{"@id":"https:\/\/www.bazarbonino.com\/store\/prodotto\/jg3555-catene-classiche-gora\/#primaryimage"},"thumbnailUrl":"https:\/\/www.bazarbonino.com\/store\/wp-content\/uploads\/2013\/01\/JG3555-Catene-Classiche-Gora.jpg","datePublished":"2013-01-01T22:32:47+00:00","dateModified":"2024-09-02T07:08:15+00:00","description":"Catene Classiche Gora Costo al paio. Questo \u00e8 un poi semplice e ben fatto a un prezzo ragionevole. I Classic FIre Poi sono disponibili in 3 taglie...","breadcrumb":{"@id":"https:\/\/www.bazarbonino.com\/store\/prodotto\/jg3555-catene-classiche-gora\/#breadcrumb"},"inLanguage":"it-IT","potentialAction":[{"@type":"ReadAction","target":["https:\/\/www.bazarbonino.com\/store\/prodotto\/jg3555-catene-classiche-gora\/"]}]},{"@type":"ImageObject","inLanguage":"it-IT","@id":"https:\/\/www.bazarbonino.com\/store\/prodotto\/jg3555-catene-classiche-gora\/#primaryimage","url":"https:\/\/www.bazarbonino.com\/store\/wp-content\/uploads\/2013\/01\/JG3555-Catene-Classiche-Gora.jpg","contentUrl":"https:\/\/www.bazarbonino.com\/store\/wp-content\/uploads\/2013\/01\/JG3555-Catene-Classiche-Gora.jpg","width":1000,"height":500,"caption":"JG3555 - Catene Classiche Gora"},{"@type":"BreadcrumbList","@id":"https:\/\/www.bazarbonino.com\/store\/prodotto\/jg3555-catene-classiche-gora\/#breadcrumb","itemListElement":[{"@type":"ListItem","position":1,"name":"Home","item":"https:\/\/www.bazarbonino.com\/store\/"},{"@type":"ListItem","position":2,"name":"Catalogo","item":"https:\/\/www.bazarbonino.com\/store\/shop\/"},{"@type":"ListItem","position":3,"name":"JG3555 &#8211; Catene Classiche Gora"}]},{"@type":"WebSite","@id":"https:\/\/www.bazarbonino.com\/store\/#website","url":"https:\/\/www.bazarbonino.com\/store\/","name":"BazarBonino","description":"","potentialAction":[{"@type":"SearchAction","target":{"@type":"EntryPoint","urlTemplate":"https:\/\/www.bazarbonino.com\/store\/?s={search_term_string}"},"query-input":{"@type":"PropertyValueSpecification","valueRequired":true,"valueName":"search_term_string"}}],"inLanguage":"it-IT"}]}},"_links":{"self":[{"href":"https:\/\/www.bazarbonino.com\/store\/wp-json\/wp\/v2\/product\/1104","targetHints":{"allow":["GET"]}}],"collection":[{"href":"https:\/\/www.bazarbonino.com\/store\/wp-json\/wp\/v2\/product"}],"about":[{"href":"https:\/\/www.bazarbonino.com\/store\/wp-json\/wp\/v2\/types\/product"}],"replies":[{"embeddable":true,"href":"https:\/\/www.bazarbonino.com\/store\/wp-json\/wp\/v2\/comments?post=1104"}],"wp:featuredmedia":[{"embeddable":true,"href":"https:\/\/www.bazarbonino.com\/store\/wp-json\/wp\/v2\/media\/18846"}],"wp:attachment":[{"href":"https:\/\/www.bazarbonino.com\/store\/wp-json\/wp\/v2\/media?parent=1104"}],"wp:term":[{"taxonomy":"product_brand","embeddable":true,"href":"https:\/\/www.bazarbonino.com\/store\/wp-json\/wp\/v2\/product_brand?post=1104"},{"taxonomy":"product_cat","embeddable":true,"href":"https:\/\/www.bazarbonino.com\/store\/wp-json\/wp\/v2\/product_cat?post=1104"},{"taxonomy":"product_tag","embeddable":true,"href":"https:\/\/www.bazarbonino.com\/store\/wp-json\/wp\/v2\/product_tag?post=1104"}],"curies":[{"name":"wp","href":"https:\/\/api.w.org\/{rel}","templated":true}]}}