{"id":1103,"date":"2013-01-01T23:32:47","date_gmt":"2013-01-01T22:32:47","guid":{"rendered":"http:\/\/www.bazarbonino.com\/store\/?wpsc-product=jg3550-catene-standard"},"modified":"2022-11-16T21:36:10","modified_gmt":"2022-11-16T20:36:10","slug":"jg3550-wicker-poi-gora","status":"publish","type":"product","link":"https:\/\/www.bazarbonino.com\/store\/prodotto\/jg3550-wicker-poi-gora\/","title":{"rendered":"JG3550 &#8211; Wicker Poi Gora"},"content":{"rendered":"<p>Wicker Poi Gora <span class=\"VIiyi\" lang=\"it\"><span class=\"JLqJ4b\" data-language-for-alternatives=\"it\" data-language-to-translate-into=\"en\" data-phrase-index=\"0\">Questo \u00e8 un enorme poi intrecciato, con una forma lunga che d\u00e0 delle fiamme molto belle. Prezzo per un paio di poi. Puoi scegliere tra 3 diverse dimensioni. I pesi sono: 370 g per S, 430 g per M, 500 g per L. Usiamo una corda in kevlar larga 13 mm ondulata da 4 linee. Solo la lunghezza del POI cambia con le dimensioni. La catena \u00e8 fissata saldamente nella parte inferiore del nodo. Tutte le catene che offriamo sono catene saldate, di gran lunga la migliore qualit\u00e0 sul mercato. Usiamo girelle e anelli extra sicuri. Puoi scegliere diversi manici, come passanti in pelle, manici a fiori, palline di legno o silicone. I manici a fiore in pelle sono pi\u00f9 comodi e pi\u00f9 sicuri di quelli classici. Le impugnature della palla sono migliori per lanciare acrobazie, specialmente quelle in silicone. Hanno pi\u00f9 peso, sono pi\u00f9 morbidi, pi\u00f9 durevoli e pi\u00f9 resistenti al fuoco. Consiglio questa attrezzatura per artisti professionisti, che necessitano di attrezzature professionali con un bell&#8217;effetto. &#8211; Verificare sempre lo stato del POI prima di utilizzarlo.<\/span><\/span><\/p>\n","protected":false},"excerpt":{"rendered":"<p>\u2018M\u2019 SUBITO DISPONIBILE<\/p>\n","protected":false},"featured_media":18854,"comment_status":"closed","ping_status":"closed","template":"","meta":{"_et_pb_use_builder":"","_et_pb_old_content":"","_et_gb_content_width":""},"product_brand":[],"product_cat":[44],"product_tag":[304,302,303],"class_list":{"0":"post-1103","1":"product","2":"type-product","3":"status-publish","4":"has-post-thumbnail","6":"product_cat-catene-poi-infuocati","7":"product_tag-bazar-bonino-torino-on-line","8":"product_tag-catene-poi-di-fuoco-infuocati-ed-accessori","9":"product_tag-negozio-articoli-giocoleria-di-fuoco","10":"pa_modello-l","11":"pa_modello-m","12":"pa_modello-s","14":"first","15":"instock","16":"taxable","17":"shipping-taxable","18":"purchasable","19":"product-type-variable"},"yoast_head":"<!-- This site is optimized with the Yoast SEO plugin v27.4 - https:\/\/yoast.com\/product\/yoast-seo-wordpress\/ -->\n<title>JG3550 - Wicker Poi Gora - BazarBonino<\/title>\n<meta name=\"description\" content=\"Wicker Poi Gora Questo \u00e8 un enorme poi intrecciato, con una forma lunga che d\u00e0 delle fiamme molto belle. Prezzo per un paio di poi. 3 modelli...\" \/>\n<meta name=\"robots\" content=\"index, follow, max-snippet:-1, max-image-preview:large, max-video-preview:-1\" \/>\n<link rel=\"canonical\" href=\"https:\/\/www.bazarbonino.com\/store\/prodotto\/jg3550-wicker-poi-gora\/\" \/>\n<meta property=\"og:locale\" content=\"it_IT\" \/>\n<meta property=\"og:type\" content=\"article\" \/>\n<meta property=\"og:title\" content=\"JG3550 - Wicker Poi Gora - BazarBonino\" \/>\n<meta property=\"og:description\" content=\"Wicker Poi Gora Questo \u00e8 un enorme poi intrecciato, con una forma lunga che d\u00e0 delle fiamme molto belle. Prezzo per un paio di poi. 3 modelli...\" \/>\n<meta property=\"og:url\" content=\"https:\/\/www.bazarbonino.com\/store\/prodotto\/jg3550-wicker-poi-gora\/\" \/>\n<meta property=\"og:site_name\" content=\"BazarBonino\" \/>\n<meta property=\"article:publisher\" content=\"https:\/\/www.facebook.com\/bazar.bonino\" \/>\n<meta property=\"article:modified_time\" content=\"2022-11-16T20:36:10+00:00\" \/>\n<meta property=\"og:image\" content=\"https:\/\/www.bazarbonino.com\/store\/wp-content\/uploads\/2013\/01\/JG3550-Wicker-Poi-Gora.jpg\" \/>\n\t<meta property=\"og:image:width\" content=\"1000\" \/>\n\t<meta property=\"og:image:height\" content=\"500\" \/>\n\t<meta property=\"og:image:type\" content=\"image\/jpeg\" \/>\n<meta name=\"twitter:card\" content=\"summary_large_image\" \/>\n<meta name=\"twitter:label1\" content=\"Tempo di lettura stimato\" \/>\n\t<meta name=\"twitter:data1\" content=\"1 minuto\" \/>\n<script type=\"application\/ld+json\" class=\"yoast-schema-graph\">{\"@context\":\"https:\\\/\\\/schema.org\",\"@graph\":[{\"@type\":\"WebPage\",\"@id\":\"https:\\\/\\\/www.bazarbonino.com\\\/store\\\/prodotto\\\/jg3550-wicker-poi-gora\\\/\",\"url\":\"https:\\\/\\\/www.bazarbonino.com\\\/store\\\/prodotto\\\/jg3550-wicker-poi-gora\\\/\",\"name\":\"JG3550 - Wicker Poi Gora - BazarBonino\",\"isPartOf\":{\"@id\":\"https:\\\/\\\/www.bazarbonino.com\\\/store\\\/#website\"},\"primaryImageOfPage\":{\"@id\":\"https:\\\/\\\/www.bazarbonino.com\\\/store\\\/prodotto\\\/jg3550-wicker-poi-gora\\\/#primaryimage\"},\"image\":{\"@id\":\"https:\\\/\\\/www.bazarbonino.com\\\/store\\\/prodotto\\\/jg3550-wicker-poi-gora\\\/#primaryimage\"},\"thumbnailUrl\":\"https:\\\/\\\/www.bazarbonino.com\\\/store\\\/wp-content\\\/uploads\\\/2013\\\/01\\\/JG3550-Wicker-Poi-Gora.jpg\",\"datePublished\":\"2013-01-01T22:32:47+00:00\",\"dateModified\":\"2022-11-16T20:36:10+00:00\",\"description\":\"Wicker Poi Gora Questo \u00e8 un enorme poi intrecciato, con una forma lunga che d\u00e0 delle fiamme molto belle. Prezzo per un paio di poi. 3 modelli...\",\"breadcrumb\":{\"@id\":\"https:\\\/\\\/www.bazarbonino.com\\\/store\\\/prodotto\\\/jg3550-wicker-poi-gora\\\/#breadcrumb\"},\"inLanguage\":\"it-IT\",\"potentialAction\":[{\"@type\":\"ReadAction\",\"target\":[\"https:\\\/\\\/www.bazarbonino.com\\\/store\\\/prodotto\\\/jg3550-wicker-poi-gora\\\/\"]}]},{\"@type\":\"ImageObject\",\"inLanguage\":\"it-IT\",\"@id\":\"https:\\\/\\\/www.bazarbonino.com\\\/store\\\/prodotto\\\/jg3550-wicker-poi-gora\\\/#primaryimage\",\"url\":\"https:\\\/\\\/www.bazarbonino.com\\\/store\\\/wp-content\\\/uploads\\\/2013\\\/01\\\/JG3550-Wicker-Poi-Gora.jpg\",\"contentUrl\":\"https:\\\/\\\/www.bazarbonino.com\\\/store\\\/wp-content\\\/uploads\\\/2013\\\/01\\\/JG3550-Wicker-Poi-Gora.jpg\",\"width\":1000,\"height\":500,\"caption\":\"JG3550 - Wicker Poi Gora\"},{\"@type\":\"BreadcrumbList\",\"@id\":\"https:\\\/\\\/www.bazarbonino.com\\\/store\\\/prodotto\\\/jg3550-wicker-poi-gora\\\/#breadcrumb\",\"itemListElement\":[{\"@type\":\"ListItem\",\"position\":1,\"name\":\"Home\",\"item\":\"https:\\\/\\\/www.bazarbonino.com\\\/store\\\/\"},{\"@type\":\"ListItem\",\"position\":2,\"name\":\"Catalogo\",\"item\":\"https:\\\/\\\/www.bazarbonino.com\\\/store\\\/shop\\\/\"},{\"@type\":\"ListItem\",\"position\":3,\"name\":\"JG3550 &#8211; Wicker Poi Gora\"}]},{\"@type\":\"WebSite\",\"@id\":\"https:\\\/\\\/www.bazarbonino.com\\\/store\\\/#website\",\"url\":\"https:\\\/\\\/www.bazarbonino.com\\\/store\\\/\",\"name\":\"BazarBonino\",\"description\":\"\",\"potentialAction\":[{\"@type\":\"SearchAction\",\"target\":{\"@type\":\"EntryPoint\",\"urlTemplate\":\"https:\\\/\\\/www.bazarbonino.com\\\/store\\\/?s={search_term_string}\"},\"query-input\":{\"@type\":\"PropertyValueSpecification\",\"valueRequired\":true,\"valueName\":\"search_term_string\"}}],\"inLanguage\":\"it-IT\"}]}<\/script>\n<!-- \/ Yoast SEO plugin. -->","yoast_head_json":{"title":"JG3550 - Wicker Poi Gora - BazarBonino","description":"Wicker Poi Gora Questo \u00e8 un enorme poi intrecciato, con una forma lunga che d\u00e0 delle fiamme molto belle. Prezzo per un paio di poi. 3 modelli...","robots":{"index":"index","follow":"follow","max-snippet":"max-snippet:-1","max-image-preview":"max-image-preview:large","max-video-preview":"max-video-preview:-1"},"canonical":"https:\/\/www.bazarbonino.com\/store\/prodotto\/jg3550-wicker-poi-gora\/","og_locale":"it_IT","og_type":"article","og_title":"JG3550 - Wicker Poi Gora - BazarBonino","og_description":"Wicker Poi Gora Questo \u00e8 un enorme poi intrecciato, con una forma lunga che d\u00e0 delle fiamme molto belle. Prezzo per un paio di poi. 3 modelli...","og_url":"https:\/\/www.bazarbonino.com\/store\/prodotto\/jg3550-wicker-poi-gora\/","og_site_name":"BazarBonino","article_publisher":"https:\/\/www.facebook.com\/bazar.bonino","article_modified_time":"2022-11-16T20:36:10+00:00","og_image":[{"width":1000,"height":500,"url":"https:\/\/www.bazarbonino.com\/store\/wp-content\/uploads\/2013\/01\/JG3550-Wicker-Poi-Gora.jpg","type":"image\/jpeg"}],"twitter_card":"summary_large_image","twitter_misc":{"Tempo di lettura stimato":"1 minuto"},"schema":{"@context":"https:\/\/schema.org","@graph":[{"@type":"WebPage","@id":"https:\/\/www.bazarbonino.com\/store\/prodotto\/jg3550-wicker-poi-gora\/","url":"https:\/\/www.bazarbonino.com\/store\/prodotto\/jg3550-wicker-poi-gora\/","name":"JG3550 - Wicker Poi Gora - BazarBonino","isPartOf":{"@id":"https:\/\/www.bazarbonino.com\/store\/#website"},"primaryImageOfPage":{"@id":"https:\/\/www.bazarbonino.com\/store\/prodotto\/jg3550-wicker-poi-gora\/#primaryimage"},"image":{"@id":"https:\/\/www.bazarbonino.com\/store\/prodotto\/jg3550-wicker-poi-gora\/#primaryimage"},"thumbnailUrl":"https:\/\/www.bazarbonino.com\/store\/wp-content\/uploads\/2013\/01\/JG3550-Wicker-Poi-Gora.jpg","datePublished":"2013-01-01T22:32:47+00:00","dateModified":"2022-11-16T20:36:10+00:00","description":"Wicker Poi Gora Questo \u00e8 un enorme poi intrecciato, con una forma lunga che d\u00e0 delle fiamme molto belle. Prezzo per un paio di poi. 3 modelli...","breadcrumb":{"@id":"https:\/\/www.bazarbonino.com\/store\/prodotto\/jg3550-wicker-poi-gora\/#breadcrumb"},"inLanguage":"it-IT","potentialAction":[{"@type":"ReadAction","target":["https:\/\/www.bazarbonino.com\/store\/prodotto\/jg3550-wicker-poi-gora\/"]}]},{"@type":"ImageObject","inLanguage":"it-IT","@id":"https:\/\/www.bazarbonino.com\/store\/prodotto\/jg3550-wicker-poi-gora\/#primaryimage","url":"https:\/\/www.bazarbonino.com\/store\/wp-content\/uploads\/2013\/01\/JG3550-Wicker-Poi-Gora.jpg","contentUrl":"https:\/\/www.bazarbonino.com\/store\/wp-content\/uploads\/2013\/01\/JG3550-Wicker-Poi-Gora.jpg","width":1000,"height":500,"caption":"JG3550 - Wicker Poi Gora"},{"@type":"BreadcrumbList","@id":"https:\/\/www.bazarbonino.com\/store\/prodotto\/jg3550-wicker-poi-gora\/#breadcrumb","itemListElement":[{"@type":"ListItem","position":1,"name":"Home","item":"https:\/\/www.bazarbonino.com\/store\/"},{"@type":"ListItem","position":2,"name":"Catalogo","item":"https:\/\/www.bazarbonino.com\/store\/shop\/"},{"@type":"ListItem","position":3,"name":"JG3550 &#8211; Wicker Poi Gora"}]},{"@type":"WebSite","@id":"https:\/\/www.bazarbonino.com\/store\/#website","url":"https:\/\/www.bazarbonino.com\/store\/","name":"BazarBonino","description":"","potentialAction":[{"@type":"SearchAction","target":{"@type":"EntryPoint","urlTemplate":"https:\/\/www.bazarbonino.com\/store\/?s={search_term_string}"},"query-input":{"@type":"PropertyValueSpecification","valueRequired":true,"valueName":"search_term_string"}}],"inLanguage":"it-IT"}]}},"_links":{"self":[{"href":"https:\/\/www.bazarbonino.com\/store\/wp-json\/wp\/v2\/product\/1103","targetHints":{"allow":["GET"]}}],"collection":[{"href":"https:\/\/www.bazarbonino.com\/store\/wp-json\/wp\/v2\/product"}],"about":[{"href":"https:\/\/www.bazarbonino.com\/store\/wp-json\/wp\/v2\/types\/product"}],"replies":[{"embeddable":true,"href":"https:\/\/www.bazarbonino.com\/store\/wp-json\/wp\/v2\/comments?post=1103"}],"wp:featuredmedia":[{"embeddable":true,"href":"https:\/\/www.bazarbonino.com\/store\/wp-json\/wp\/v2\/media\/18854"}],"wp:attachment":[{"href":"https:\/\/www.bazarbonino.com\/store\/wp-json\/wp\/v2\/media?parent=1103"}],"wp:term":[{"taxonomy":"product_brand","embeddable":true,"href":"https:\/\/www.bazarbonino.com\/store\/wp-json\/wp\/v2\/product_brand?post=1103"},{"taxonomy":"product_cat","embeddable":true,"href":"https:\/\/www.bazarbonino.com\/store\/wp-json\/wp\/v2\/product_cat?post=1103"},{"taxonomy":"product_tag","embeddable":true,"href":"https:\/\/www.bazarbonino.com\/store\/wp-json\/wp\/v2\/product_tag?post=1103"}],"curies":[{"name":"wp","href":"https:\/\/api.w.org\/{rel}","templated":true}]}}