{"id":10821,"date":"2017-04-04T10:00:25","date_gmt":"2017-04-04T08:00:25","guid":{"rendered":"http:\/\/www.bazarbonino.com\/store\/?post_type=product&#038;p=10821"},"modified":"2025-12-04T09:51:20","modified_gmt":"2025-12-04T08:51:20","slug":"jg3570-corda-fuoco-fire-wing-gora","status":"publish","type":"product","link":"https:\/\/www.bazarbonino.com\/store\/prodotto\/jg3570-corda-fuoco-fire-wing-gora\/","title":{"rendered":"JG3570 &#8211; Corda di Fuoco FIRE WING GORA"},"content":{"rendered":"<div id=\"stcpDiv\">JG3570 &#8211; Corda di Fuoco FIRE WING GORA vendute al paio, questa modello ha l&#8217;<strong>impugnatura<\/strong> con il <strong>Pomello in Silicone<\/strong> nero indicato per numeri con lanci &#8211; \u00e8 una catena &#8220;tutta di fuoco&#8221;, conosciuta con il nome &#8220;snake&#8221;. E&#8217; composta da 400 mm di corda kevlar da 13 mm e da un&#8217;estremit\u00e0 con 40 cm di kevlar da 50 mm, \u00e8 quanto di meglio si pu\u00f2 trovare per fare dei cerchi &#8220;pieni&#8221; di fuoco: fantastica.<\/div>\n<div>Controllate sempre lo stato degli attrezzi prima di utilizzarli.<\/div>\n","protected":false},"excerpt":{"rendered":"<p>SUBITO DISPONIBILE<\/p>\n<p>VEDI ANCHE <a href=\"https:\/\/www.bazarbonino.com\/store\/prodotto\/jg3578-straight-snake-fire-poi-set\/\">JG3578<\/a><\/p>\n","protected":false},"featured_media":15824,"comment_status":"closed","ping_status":"closed","template":"","meta":{"_et_pb_use_builder":"","_et_pb_old_content":"","_et_gb_content_width":""},"product_brand":[],"product_cat":[44],"product_tag":[315,1668,303],"class_list":{"0":"post-10821","1":"product","2":"type-product","3":"status-publish","4":"has-post-thumbnail","6":"product_cat-catene-poi-infuocati","7":"product_tag-attrezzi-infuocati-gora","8":"product_tag-corda-di-fuoco-fire-wing-gora","9":"product_tag-negozio-articoli-giocoleria-di-fuoco","11":"first","12":"instock","13":"sale","14":"taxable","15":"shipping-taxable","16":"purchasable","17":"product-type-simple"},"yoast_head":"<!-- This site is optimized with the Yoast SEO plugin v27.4 - https:\/\/yoast.com\/product\/yoast-seo-wordpress\/ -->\n<title>JG3570 - Corda di Fuoco FIRE WING GORA - BazarBonino<\/title>\n<meta name=\"description\" content=\"Corda di Fuoco FIRE WING GORA vendute al paio, hanno l&#039;impugnatura con il pomello in legno nero indicato per numeri con lanci ed \u00e8 tutta infuocata!\" \/>\n<meta name=\"robots\" content=\"index, follow, max-snippet:-1, max-image-preview:large, max-video-preview:-1\" \/>\n<link rel=\"canonical\" href=\"https:\/\/www.bazarbonino.com\/store\/prodotto\/jg3570-corda-fuoco-fire-wing-gora\/\" \/>\n<meta property=\"og:locale\" content=\"it_IT\" \/>\n<meta property=\"og:type\" content=\"article\" \/>\n<meta property=\"og:title\" content=\"JG3570 - Corda di Fuoco FIRE WING GORA - BazarBonino\" \/>\n<meta property=\"og:description\" content=\"Corda di Fuoco FIRE WING GORA vendute al paio, hanno l&#039;impugnatura con il pomello in legno nero indicato per numeri con lanci ed \u00e8 tutta infuocata!\" \/>\n<meta property=\"og:url\" content=\"https:\/\/www.bazarbonino.com\/store\/prodotto\/jg3570-corda-fuoco-fire-wing-gora\/\" \/>\n<meta property=\"og:site_name\" content=\"BazarBonino\" \/>\n<meta property=\"article:publisher\" content=\"https:\/\/www.facebook.com\/bazar.bonino\" \/>\n<meta property=\"article:modified_time\" content=\"2025-12-04T08:51:20+00:00\" \/>\n<meta property=\"og:image\" content=\"https:\/\/www.bazarbonino.com\/store\/wp-content\/uploads\/2017\/04\/JG3570-Corda-di-Fuoco-FIRE-WING-GORA-1.jpg\" \/>\n\t<meta property=\"og:image:width\" content=\"1000\" \/>\n\t<meta property=\"og:image:height\" content=\"1000\" \/>\n\t<meta property=\"og:image:type\" content=\"image\/jpeg\" \/>\n<meta name=\"twitter:card\" content=\"summary_large_image\" \/>\n<script type=\"application\/ld+json\" class=\"yoast-schema-graph\">{\"@context\":\"https:\\\/\\\/schema.org\",\"@graph\":[{\"@type\":\"WebPage\",\"@id\":\"https:\\\/\\\/www.bazarbonino.com\\\/store\\\/prodotto\\\/jg3570-corda-fuoco-fire-wing-gora\\\/\",\"url\":\"https:\\\/\\\/www.bazarbonino.com\\\/store\\\/prodotto\\\/jg3570-corda-fuoco-fire-wing-gora\\\/\",\"name\":\"JG3570 - Corda di Fuoco FIRE WING GORA - BazarBonino\",\"isPartOf\":{\"@id\":\"https:\\\/\\\/www.bazarbonino.com\\\/store\\\/#website\"},\"primaryImageOfPage\":{\"@id\":\"https:\\\/\\\/www.bazarbonino.com\\\/store\\\/prodotto\\\/jg3570-corda-fuoco-fire-wing-gora\\\/#primaryimage\"},\"image\":{\"@id\":\"https:\\\/\\\/www.bazarbonino.com\\\/store\\\/prodotto\\\/jg3570-corda-fuoco-fire-wing-gora\\\/#primaryimage\"},\"thumbnailUrl\":\"https:\\\/\\\/www.bazarbonino.com\\\/store\\\/wp-content\\\/uploads\\\/2017\\\/04\\\/JG3570-Corda-di-Fuoco-FIRE-WING-GORA-1.jpg\",\"datePublished\":\"2017-04-04T08:00:25+00:00\",\"dateModified\":\"2025-12-04T08:51:20+00:00\",\"description\":\"Corda di Fuoco FIRE WING GORA vendute al paio, hanno l'impugnatura con il pomello in legno nero indicato per numeri con lanci ed \u00e8 tutta infuocata!\",\"breadcrumb\":{\"@id\":\"https:\\\/\\\/www.bazarbonino.com\\\/store\\\/prodotto\\\/jg3570-corda-fuoco-fire-wing-gora\\\/#breadcrumb\"},\"inLanguage\":\"it-IT\",\"potentialAction\":[{\"@type\":\"ReadAction\",\"target\":[\"https:\\\/\\\/www.bazarbonino.com\\\/store\\\/prodotto\\\/jg3570-corda-fuoco-fire-wing-gora\\\/\"]}]},{\"@type\":\"ImageObject\",\"inLanguage\":\"it-IT\",\"@id\":\"https:\\\/\\\/www.bazarbonino.com\\\/store\\\/prodotto\\\/jg3570-corda-fuoco-fire-wing-gora\\\/#primaryimage\",\"url\":\"https:\\\/\\\/www.bazarbonino.com\\\/store\\\/wp-content\\\/uploads\\\/2017\\\/04\\\/JG3570-Corda-di-Fuoco-FIRE-WING-GORA-1.jpg\",\"contentUrl\":\"https:\\\/\\\/www.bazarbonino.com\\\/store\\\/wp-content\\\/uploads\\\/2017\\\/04\\\/JG3570-Corda-di-Fuoco-FIRE-WING-GORA-1.jpg\",\"width\":1000,\"height\":1000,\"caption\":\"JG3570 - Corda di Fuoco FIRE WING GORA\"},{\"@type\":\"BreadcrumbList\",\"@id\":\"https:\\\/\\\/www.bazarbonino.com\\\/store\\\/prodotto\\\/jg3570-corda-fuoco-fire-wing-gora\\\/#breadcrumb\",\"itemListElement\":[{\"@type\":\"ListItem\",\"position\":1,\"name\":\"Home\",\"item\":\"https:\\\/\\\/www.bazarbonino.com\\\/store\\\/\"},{\"@type\":\"ListItem\",\"position\":2,\"name\":\"Catalogo\",\"item\":\"https:\\\/\\\/www.bazarbonino.com\\\/store\\\/shop\\\/\"},{\"@type\":\"ListItem\",\"position\":3,\"name\":\"JG3570 &#8211; Corda di Fuoco FIRE WING GORA\"}]},{\"@type\":\"WebSite\",\"@id\":\"https:\\\/\\\/www.bazarbonino.com\\\/store\\\/#website\",\"url\":\"https:\\\/\\\/www.bazarbonino.com\\\/store\\\/\",\"name\":\"BazarBonino\",\"description\":\"\",\"potentialAction\":[{\"@type\":\"SearchAction\",\"target\":{\"@type\":\"EntryPoint\",\"urlTemplate\":\"https:\\\/\\\/www.bazarbonino.com\\\/store\\\/?s={search_term_string}\"},\"query-input\":{\"@type\":\"PropertyValueSpecification\",\"valueRequired\":true,\"valueName\":\"search_term_string\"}}],\"inLanguage\":\"it-IT\"}]}<\/script>\n<!-- \/ Yoast SEO plugin. -->","yoast_head_json":{"title":"JG3570 - Corda di Fuoco FIRE WING GORA - BazarBonino","description":"Corda di Fuoco FIRE WING GORA vendute al paio, hanno l'impugnatura con il pomello in legno nero indicato per numeri con lanci ed \u00e8 tutta infuocata!","robots":{"index":"index","follow":"follow","max-snippet":"max-snippet:-1","max-image-preview":"max-image-preview:large","max-video-preview":"max-video-preview:-1"},"canonical":"https:\/\/www.bazarbonino.com\/store\/prodotto\/jg3570-corda-fuoco-fire-wing-gora\/","og_locale":"it_IT","og_type":"article","og_title":"JG3570 - Corda di Fuoco FIRE WING GORA - BazarBonino","og_description":"Corda di Fuoco FIRE WING GORA vendute al paio, hanno l'impugnatura con il pomello in legno nero indicato per numeri con lanci ed \u00e8 tutta infuocata!","og_url":"https:\/\/www.bazarbonino.com\/store\/prodotto\/jg3570-corda-fuoco-fire-wing-gora\/","og_site_name":"BazarBonino","article_publisher":"https:\/\/www.facebook.com\/bazar.bonino","article_modified_time":"2025-12-04T08:51:20+00:00","og_image":[{"width":1000,"height":1000,"url":"https:\/\/www.bazarbonino.com\/store\/wp-content\/uploads\/2017\/04\/JG3570-Corda-di-Fuoco-FIRE-WING-GORA-1.jpg","type":"image\/jpeg"}],"twitter_card":"summary_large_image","schema":{"@context":"https:\/\/schema.org","@graph":[{"@type":"WebPage","@id":"https:\/\/www.bazarbonino.com\/store\/prodotto\/jg3570-corda-fuoco-fire-wing-gora\/","url":"https:\/\/www.bazarbonino.com\/store\/prodotto\/jg3570-corda-fuoco-fire-wing-gora\/","name":"JG3570 - Corda di Fuoco FIRE WING GORA - BazarBonino","isPartOf":{"@id":"https:\/\/www.bazarbonino.com\/store\/#website"},"primaryImageOfPage":{"@id":"https:\/\/www.bazarbonino.com\/store\/prodotto\/jg3570-corda-fuoco-fire-wing-gora\/#primaryimage"},"image":{"@id":"https:\/\/www.bazarbonino.com\/store\/prodotto\/jg3570-corda-fuoco-fire-wing-gora\/#primaryimage"},"thumbnailUrl":"https:\/\/www.bazarbonino.com\/store\/wp-content\/uploads\/2017\/04\/JG3570-Corda-di-Fuoco-FIRE-WING-GORA-1.jpg","datePublished":"2017-04-04T08:00:25+00:00","dateModified":"2025-12-04T08:51:20+00:00","description":"Corda di Fuoco FIRE WING GORA vendute al paio, hanno l'impugnatura con il pomello in legno nero indicato per numeri con lanci ed \u00e8 tutta infuocata!","breadcrumb":{"@id":"https:\/\/www.bazarbonino.com\/store\/prodotto\/jg3570-corda-fuoco-fire-wing-gora\/#breadcrumb"},"inLanguage":"it-IT","potentialAction":[{"@type":"ReadAction","target":["https:\/\/www.bazarbonino.com\/store\/prodotto\/jg3570-corda-fuoco-fire-wing-gora\/"]}]},{"@type":"ImageObject","inLanguage":"it-IT","@id":"https:\/\/www.bazarbonino.com\/store\/prodotto\/jg3570-corda-fuoco-fire-wing-gora\/#primaryimage","url":"https:\/\/www.bazarbonino.com\/store\/wp-content\/uploads\/2017\/04\/JG3570-Corda-di-Fuoco-FIRE-WING-GORA-1.jpg","contentUrl":"https:\/\/www.bazarbonino.com\/store\/wp-content\/uploads\/2017\/04\/JG3570-Corda-di-Fuoco-FIRE-WING-GORA-1.jpg","width":1000,"height":1000,"caption":"JG3570 - Corda di Fuoco FIRE WING GORA"},{"@type":"BreadcrumbList","@id":"https:\/\/www.bazarbonino.com\/store\/prodotto\/jg3570-corda-fuoco-fire-wing-gora\/#breadcrumb","itemListElement":[{"@type":"ListItem","position":1,"name":"Home","item":"https:\/\/www.bazarbonino.com\/store\/"},{"@type":"ListItem","position":2,"name":"Catalogo","item":"https:\/\/www.bazarbonino.com\/store\/shop\/"},{"@type":"ListItem","position":3,"name":"JG3570 &#8211; Corda di Fuoco FIRE WING GORA"}]},{"@type":"WebSite","@id":"https:\/\/www.bazarbonino.com\/store\/#website","url":"https:\/\/www.bazarbonino.com\/store\/","name":"BazarBonino","description":"","potentialAction":[{"@type":"SearchAction","target":{"@type":"EntryPoint","urlTemplate":"https:\/\/www.bazarbonino.com\/store\/?s={search_term_string}"},"query-input":{"@type":"PropertyValueSpecification","valueRequired":true,"valueName":"search_term_string"}}],"inLanguage":"it-IT"}]}},"_links":{"self":[{"href":"https:\/\/www.bazarbonino.com\/store\/wp-json\/wp\/v2\/product\/10821","targetHints":{"allow":["GET"]}}],"collection":[{"href":"https:\/\/www.bazarbonino.com\/store\/wp-json\/wp\/v2\/product"}],"about":[{"href":"https:\/\/www.bazarbonino.com\/store\/wp-json\/wp\/v2\/types\/product"}],"replies":[{"embeddable":true,"href":"https:\/\/www.bazarbonino.com\/store\/wp-json\/wp\/v2\/comments?post=10821"}],"wp:featuredmedia":[{"embeddable":true,"href":"https:\/\/www.bazarbonino.com\/store\/wp-json\/wp\/v2\/media\/15824"}],"wp:attachment":[{"href":"https:\/\/www.bazarbonino.com\/store\/wp-json\/wp\/v2\/media?parent=10821"}],"wp:term":[{"taxonomy":"product_brand","embeddable":true,"href":"https:\/\/www.bazarbonino.com\/store\/wp-json\/wp\/v2\/product_brand?post=10821"},{"taxonomy":"product_cat","embeddable":true,"href":"https:\/\/www.bazarbonino.com\/store\/wp-json\/wp\/v2\/product_cat?post=10821"},{"taxonomy":"product_tag","embeddable":true,"href":"https:\/\/www.bazarbonino.com\/store\/wp-json\/wp\/v2\/product_tag?post=10821"}],"curies":[{"name":"wp","href":"https:\/\/api.w.org\/{rel}","templated":true}]}}