{"id":10797,"date":"2017-04-03T00:40:17","date_gmt":"2017-04-02T22:40:17","guid":{"rendered":"http:\/\/www.bazarbonino.com\/store\/?post_type=product&#038;p=10797"},"modified":"2024-09-30T08:50:54","modified_gmt":"2024-09-30T06:50:54","slug":"jg3645-fire-flowerstick-hydra-no-sticks","status":"publish","type":"product","link":"https:\/\/www.bazarbonino.com\/store\/prodotto\/jg3645-fire-flowerstick-hydra-no-sticks\/","title":{"rendered":"JG3645 &#8211; FIRE-FLOWERSTICK HYDRA (no sticks)"},"content":{"rendered":"<div id=\"stcpDiv\">FIRE-FLOWERSTICK HYDRA (no sticks) Lunghezza 75 cm, tubo in alluminio T6 diam. 12 mm e spessore 1,5 mm, anima tubolare PX3, tappi di legno 5 cm alle estremit\u00e0, con frange in silicone, <strong>100% PURO KEVLAR alto 2<\/strong>5 mm. Tra i migliori attrezzo sul mercato, ottimo peso e bilanciamento. Fantastico grip comodo e resistente, l&#8217;impugnatura infatti \u00e8 stata studiata per poter essere perfetta per ogni tipo di manipolazione ed \u00e8 nata X-GRIP, una gomma termoretraibile tubolare che \u00e8 praticamente indistruttibile. Resistente alle alte temperature e, a differenza del silicone, pu\u00f2 anche accidentalmente entrare in contatto con qualsiasi tipo di combustibile senza perdere il suo fantastico grip. Inoltre viene applicata sotto all&#8217; X-GRIP una lastra di gomma espansa in EPDM dello spessore di 2 mm che \u00e8 saldamente incollata ai tubi di alluminio T6, garantendo un eccellente isolamento dal calore e la giusta mordidezza per attutire i colpi pi\u00f9 duri. Il corpo \u00e8 irrobustito da un&#8217;anima interna fatta dello stesso materiale PX3, le barre di legno al di sotto alle strisce di kevlar sono avvitate per evitare la trasmissione del calore lungo il tubo di alluminio e per conferire la giusta distribuzione dei pesi alle estremit\u00e0. Per finire 100% PURO KEVLAR garantisce lunga durata della fiamma e la possibilit\u00e0 di essere incendiate centinaia e centinaia di volte!<\/div>\n","protected":false},"excerpt":{"rendered":"<p>ESAURITO IN RIORDINO<\/p>\n","protected":false},"featured_media":10798,"comment_status":"closed","ping_status":"closed","template":"","meta":{"_et_pb_use_builder":"","_et_pb_old_content":"","_et_gb_content_width":""},"product_brand":[],"product_cat":[45],"product_tag":[225,1660,303],"class_list":{"0":"post-10797","1":"product","2":"type-product","3":"status-publish","4":"has-post-thumbnail","6":"product_cat-devil-stick-infuocati","7":"product_tag-attrezzi-infuocati-giocoleria","8":"product_tag-fire-flowerstick-hydra-no-sticks","9":"product_tag-negozio-articoli-giocoleria-di-fuoco","11":"first","12":"outofstock","13":"taxable","14":"shipping-taxable","15":"purchasable","16":"product-type-simple"},"yoast_head":"<!-- This site is optimized with the Yoast SEO plugin v27.4 - https:\/\/yoast.com\/product\/yoast-seo-wordpress\/ -->\n<title>JG3645 - FIRE-FLOWERSTICK HYDRA (no sticks) - BazarBonino<\/title>\n<meta name=\"description\" content=\"FIRE-FLOWERSTICK HYDRA (no sticks) Lunghezza 75 cm, tubo in alluminio T6 diam. 12 mm e spessore 1,5 mm, anima tubolare PX3, tappi di legno 5 cm.\" \/>\n<meta name=\"robots\" content=\"index, follow, max-snippet:-1, max-image-preview:large, max-video-preview:-1\" \/>\n<link rel=\"canonical\" href=\"https:\/\/www.bazarbonino.com\/store\/prodotto\/jg3645-fire-flowerstick-hydra-no-sticks\/\" \/>\n<meta property=\"og:locale\" content=\"it_IT\" \/>\n<meta property=\"og:type\" content=\"article\" \/>\n<meta property=\"og:title\" content=\"JG3645 - FIRE-FLOWERSTICK HYDRA (no sticks) - BazarBonino\" \/>\n<meta property=\"og:description\" content=\"FIRE-FLOWERSTICK HYDRA (no sticks) Lunghezza 75 cm, tubo in alluminio T6 diam. 12 mm e spessore 1,5 mm, anima tubolare PX3, tappi di legno 5 cm.\" \/>\n<meta property=\"og:url\" content=\"https:\/\/www.bazarbonino.com\/store\/prodotto\/jg3645-fire-flowerstick-hydra-no-sticks\/\" \/>\n<meta property=\"og:site_name\" content=\"BazarBonino\" \/>\n<meta property=\"article:publisher\" content=\"https:\/\/www.facebook.com\/bazar.bonino\" \/>\n<meta property=\"article:modified_time\" content=\"2024-09-30T06:50:54+00:00\" \/>\n<meta property=\"og:image\" content=\"https:\/\/www.bazarbonino.com\/store\/wp-content\/uploads\/2017\/04\/JG3645-FIRE-FLOWERSTICK-HYDRA-no-sticks.jpg\" \/>\n\t<meta property=\"og:image:width\" content=\"800\" \/>\n\t<meta property=\"og:image:height\" content=\"600\" \/>\n\t<meta property=\"og:image:type\" content=\"image\/jpeg\" \/>\n<meta name=\"twitter:card\" content=\"summary_large_image\" \/>\n<meta name=\"twitter:label1\" content=\"Tempo di lettura stimato\" \/>\n\t<meta name=\"twitter:data1\" content=\"1 minuto\" \/>\n<script type=\"application\/ld+json\" class=\"yoast-schema-graph\">{\"@context\":\"https:\\\/\\\/schema.org\",\"@graph\":[{\"@type\":\"WebPage\",\"@id\":\"https:\\\/\\\/www.bazarbonino.com\\\/store\\\/prodotto\\\/jg3645-fire-flowerstick-hydra-no-sticks\\\/\",\"url\":\"https:\\\/\\\/www.bazarbonino.com\\\/store\\\/prodotto\\\/jg3645-fire-flowerstick-hydra-no-sticks\\\/\",\"name\":\"JG3645 - FIRE-FLOWERSTICK HYDRA (no sticks) - BazarBonino\",\"isPartOf\":{\"@id\":\"https:\\\/\\\/www.bazarbonino.com\\\/store\\\/#website\"},\"primaryImageOfPage\":{\"@id\":\"https:\\\/\\\/www.bazarbonino.com\\\/store\\\/prodotto\\\/jg3645-fire-flowerstick-hydra-no-sticks\\\/#primaryimage\"},\"image\":{\"@id\":\"https:\\\/\\\/www.bazarbonino.com\\\/store\\\/prodotto\\\/jg3645-fire-flowerstick-hydra-no-sticks\\\/#primaryimage\"},\"thumbnailUrl\":\"https:\\\/\\\/www.bazarbonino.com\\\/store\\\/wp-content\\\/uploads\\\/2017\\\/04\\\/JG3645-FIRE-FLOWERSTICK-HYDRA-no-sticks.jpg\",\"datePublished\":\"2017-04-02T22:40:17+00:00\",\"dateModified\":\"2024-09-30T06:50:54+00:00\",\"description\":\"FIRE-FLOWERSTICK HYDRA (no sticks) Lunghezza 75 cm, tubo in alluminio T6 diam. 12 mm e spessore 1,5 mm, anima tubolare PX3, tappi di legno 5 cm.\",\"breadcrumb\":{\"@id\":\"https:\\\/\\\/www.bazarbonino.com\\\/store\\\/prodotto\\\/jg3645-fire-flowerstick-hydra-no-sticks\\\/#breadcrumb\"},\"inLanguage\":\"it-IT\",\"potentialAction\":[{\"@type\":\"ReadAction\",\"target\":[\"https:\\\/\\\/www.bazarbonino.com\\\/store\\\/prodotto\\\/jg3645-fire-flowerstick-hydra-no-sticks\\\/\"]}]},{\"@type\":\"ImageObject\",\"inLanguage\":\"it-IT\",\"@id\":\"https:\\\/\\\/www.bazarbonino.com\\\/store\\\/prodotto\\\/jg3645-fire-flowerstick-hydra-no-sticks\\\/#primaryimage\",\"url\":\"https:\\\/\\\/www.bazarbonino.com\\\/store\\\/wp-content\\\/uploads\\\/2017\\\/04\\\/JG3645-FIRE-FLOWERSTICK-HYDRA-no-sticks.jpg\",\"contentUrl\":\"https:\\\/\\\/www.bazarbonino.com\\\/store\\\/wp-content\\\/uploads\\\/2017\\\/04\\\/JG3645-FIRE-FLOWERSTICK-HYDRA-no-sticks.jpg\",\"width\":800,\"height\":600,\"caption\":\"JG3645 - FIRE-FLOWERSTICK HYDRA (no sticks)\"},{\"@type\":\"BreadcrumbList\",\"@id\":\"https:\\\/\\\/www.bazarbonino.com\\\/store\\\/prodotto\\\/jg3645-fire-flowerstick-hydra-no-sticks\\\/#breadcrumb\",\"itemListElement\":[{\"@type\":\"ListItem\",\"position\":1,\"name\":\"Home\",\"item\":\"https:\\\/\\\/www.bazarbonino.com\\\/store\\\/\"},{\"@type\":\"ListItem\",\"position\":2,\"name\":\"Catalogo\",\"item\":\"https:\\\/\\\/www.bazarbonino.com\\\/store\\\/shop\\\/\"},{\"@type\":\"ListItem\",\"position\":3,\"name\":\"JG3645 &#8211; FIRE-FLOWERSTICK HYDRA (no sticks)\"}]},{\"@type\":\"WebSite\",\"@id\":\"https:\\\/\\\/www.bazarbonino.com\\\/store\\\/#website\",\"url\":\"https:\\\/\\\/www.bazarbonino.com\\\/store\\\/\",\"name\":\"BazarBonino\",\"description\":\"\",\"potentialAction\":[{\"@type\":\"SearchAction\",\"target\":{\"@type\":\"EntryPoint\",\"urlTemplate\":\"https:\\\/\\\/www.bazarbonino.com\\\/store\\\/?s={search_term_string}\"},\"query-input\":{\"@type\":\"PropertyValueSpecification\",\"valueRequired\":true,\"valueName\":\"search_term_string\"}}],\"inLanguage\":\"it-IT\"}]}<\/script>\n<!-- \/ Yoast SEO plugin. -->","yoast_head_json":{"title":"JG3645 - FIRE-FLOWERSTICK HYDRA (no sticks) - BazarBonino","description":"FIRE-FLOWERSTICK HYDRA (no sticks) Lunghezza 75 cm, tubo in alluminio T6 diam. 12 mm e spessore 1,5 mm, anima tubolare PX3, tappi di legno 5 cm.","robots":{"index":"index","follow":"follow","max-snippet":"max-snippet:-1","max-image-preview":"max-image-preview:large","max-video-preview":"max-video-preview:-1"},"canonical":"https:\/\/www.bazarbonino.com\/store\/prodotto\/jg3645-fire-flowerstick-hydra-no-sticks\/","og_locale":"it_IT","og_type":"article","og_title":"JG3645 - FIRE-FLOWERSTICK HYDRA (no sticks) - BazarBonino","og_description":"FIRE-FLOWERSTICK HYDRA (no sticks) Lunghezza 75 cm, tubo in alluminio T6 diam. 12 mm e spessore 1,5 mm, anima tubolare PX3, tappi di legno 5 cm.","og_url":"https:\/\/www.bazarbonino.com\/store\/prodotto\/jg3645-fire-flowerstick-hydra-no-sticks\/","og_site_name":"BazarBonino","article_publisher":"https:\/\/www.facebook.com\/bazar.bonino","article_modified_time":"2024-09-30T06:50:54+00:00","og_image":[{"width":800,"height":600,"url":"https:\/\/www.bazarbonino.com\/store\/wp-content\/uploads\/2017\/04\/JG3645-FIRE-FLOWERSTICK-HYDRA-no-sticks.jpg","type":"image\/jpeg"}],"twitter_card":"summary_large_image","twitter_misc":{"Tempo di lettura stimato":"1 minuto"},"schema":{"@context":"https:\/\/schema.org","@graph":[{"@type":"WebPage","@id":"https:\/\/www.bazarbonino.com\/store\/prodotto\/jg3645-fire-flowerstick-hydra-no-sticks\/","url":"https:\/\/www.bazarbonino.com\/store\/prodotto\/jg3645-fire-flowerstick-hydra-no-sticks\/","name":"JG3645 - FIRE-FLOWERSTICK HYDRA (no sticks) - BazarBonino","isPartOf":{"@id":"https:\/\/www.bazarbonino.com\/store\/#website"},"primaryImageOfPage":{"@id":"https:\/\/www.bazarbonino.com\/store\/prodotto\/jg3645-fire-flowerstick-hydra-no-sticks\/#primaryimage"},"image":{"@id":"https:\/\/www.bazarbonino.com\/store\/prodotto\/jg3645-fire-flowerstick-hydra-no-sticks\/#primaryimage"},"thumbnailUrl":"https:\/\/www.bazarbonino.com\/store\/wp-content\/uploads\/2017\/04\/JG3645-FIRE-FLOWERSTICK-HYDRA-no-sticks.jpg","datePublished":"2017-04-02T22:40:17+00:00","dateModified":"2024-09-30T06:50:54+00:00","description":"FIRE-FLOWERSTICK HYDRA (no sticks) Lunghezza 75 cm, tubo in alluminio T6 diam. 12 mm e spessore 1,5 mm, anima tubolare PX3, tappi di legno 5 cm.","breadcrumb":{"@id":"https:\/\/www.bazarbonino.com\/store\/prodotto\/jg3645-fire-flowerstick-hydra-no-sticks\/#breadcrumb"},"inLanguage":"it-IT","potentialAction":[{"@type":"ReadAction","target":["https:\/\/www.bazarbonino.com\/store\/prodotto\/jg3645-fire-flowerstick-hydra-no-sticks\/"]}]},{"@type":"ImageObject","inLanguage":"it-IT","@id":"https:\/\/www.bazarbonino.com\/store\/prodotto\/jg3645-fire-flowerstick-hydra-no-sticks\/#primaryimage","url":"https:\/\/www.bazarbonino.com\/store\/wp-content\/uploads\/2017\/04\/JG3645-FIRE-FLOWERSTICK-HYDRA-no-sticks.jpg","contentUrl":"https:\/\/www.bazarbonino.com\/store\/wp-content\/uploads\/2017\/04\/JG3645-FIRE-FLOWERSTICK-HYDRA-no-sticks.jpg","width":800,"height":600,"caption":"JG3645 - FIRE-FLOWERSTICK HYDRA (no sticks)"},{"@type":"BreadcrumbList","@id":"https:\/\/www.bazarbonino.com\/store\/prodotto\/jg3645-fire-flowerstick-hydra-no-sticks\/#breadcrumb","itemListElement":[{"@type":"ListItem","position":1,"name":"Home","item":"https:\/\/www.bazarbonino.com\/store\/"},{"@type":"ListItem","position":2,"name":"Catalogo","item":"https:\/\/www.bazarbonino.com\/store\/shop\/"},{"@type":"ListItem","position":3,"name":"JG3645 &#8211; FIRE-FLOWERSTICK HYDRA (no sticks)"}]},{"@type":"WebSite","@id":"https:\/\/www.bazarbonino.com\/store\/#website","url":"https:\/\/www.bazarbonino.com\/store\/","name":"BazarBonino","description":"","potentialAction":[{"@type":"SearchAction","target":{"@type":"EntryPoint","urlTemplate":"https:\/\/www.bazarbonino.com\/store\/?s={search_term_string}"},"query-input":{"@type":"PropertyValueSpecification","valueRequired":true,"valueName":"search_term_string"}}],"inLanguage":"it-IT"}]}},"_links":{"self":[{"href":"https:\/\/www.bazarbonino.com\/store\/wp-json\/wp\/v2\/product\/10797","targetHints":{"allow":["GET"]}}],"collection":[{"href":"https:\/\/www.bazarbonino.com\/store\/wp-json\/wp\/v2\/product"}],"about":[{"href":"https:\/\/www.bazarbonino.com\/store\/wp-json\/wp\/v2\/types\/product"}],"replies":[{"embeddable":true,"href":"https:\/\/www.bazarbonino.com\/store\/wp-json\/wp\/v2\/comments?post=10797"}],"wp:featuredmedia":[{"embeddable":true,"href":"https:\/\/www.bazarbonino.com\/store\/wp-json\/wp\/v2\/media\/10798"}],"wp:attachment":[{"href":"https:\/\/www.bazarbonino.com\/store\/wp-json\/wp\/v2\/media?parent=10797"}],"wp:term":[{"taxonomy":"product_brand","embeddable":true,"href":"https:\/\/www.bazarbonino.com\/store\/wp-json\/wp\/v2\/product_brand?post=10797"},{"taxonomy":"product_cat","embeddable":true,"href":"https:\/\/www.bazarbonino.com\/store\/wp-json\/wp\/v2\/product_cat?post=10797"},{"taxonomy":"product_tag","embeddable":true,"href":"https:\/\/www.bazarbonino.com\/store\/wp-json\/wp\/v2\/product_tag?post=10797"}],"curies":[{"name":"wp","href":"https:\/\/api.w.org\/{rel}","templated":true}]}}