{"id":10793,"date":"2017-04-03T00:23:41","date_gmt":"2017-04-02T22:23:41","guid":{"rendered":"http:\/\/www.bazarbonino.com\/store\/?post_type=product&#038;p=10793"},"modified":"2025-11-13T12:44:37","modified_gmt":"2025-11-13T11:44:37","slug":"jg3745-dragon-adapter-cuff-by-gora","status":"publish","type":"product","link":"https:\/\/www.bazarbonino.com\/store\/prodotto\/jg3745-dragon-adapter-cuff-by-gora\/","title":{"rendered":"JG3745 &#8211; Dragon Adapter Cuff by GORA"},"content":{"rendered":"<p>Questo attrezzo serve per trasformare la staffa di Gora, sia normale che smontabile, in una Dragon Staff!<\/p>\n<p><span id=\"result_box\" class=\"\" lang=\"it\"><span title=\"The fruit of 2 years development is the latest version of the Dragon Staff, which is originally my invention since 2002. \">Il frutto di 2 anni di sviluppo, \u00e8 l&#8217;ultima versione della Dragon , che \u00e8 originariamente una invenzione di Gora a partire dal 2002.<br \/>\n<\/span><span title=\"This is the finest solution which offers a reliable, solid design like all Gora products and the most user friendly handling. \">Questa \u00e8 la soluzione migliore, che offre un design solido ed affidabile come tutti i prodotti Gora e la pi\u00f9 facilmente smontabile.<br \/>\n<\/span><span title=\"The Cuff you can connect to any staff 25mm diameter or less.\">Il Cuff Adapter si pu\u00f2 utilizzare a qualsiasi staffa con un\u00a0 diametro di 25 millimetri o meno. <\/span><span title=\"If the staff is less than 25mm you need to use some sort of \">Se la staffa ha un diamentro inferiore a 25 mm \u00e8 necessario utilizzare una sorta di <\/span><span title=\"tape to reach the exact diameter, aluminium tape is suitable and recommended for that.\">nastro per raggiungere il diametro esatto, nastro di alluminio \u00e8 adatto e raccomandato per questo. <\/span><span title=\"You can use also some strong tape under the cuffs to protect the surface of the silicone from scratching. \">\u00c8 possibile utilizzare anche un p\u00f2 di nastro per proteggere la superficie del silicone da graffi.<br \/>\nSi consiglia di non fissare le viti con troppa forza \u00e8 sufficiente che la croce non ruoti. Se si fissa troppo stretto si rischia di danneggiare il silicone o addirittura piegare le viti del fissaggio.<br \/>\n<\/span><span title=\"If you fix them too tight they damage the silicone or even bend the screws of the falling of the staff. \">Si consiglia di utilizzare le cuffie con staffa unica o smontabile tra i 150-180 cm di lunghezza a seconda dell&#8217;altezza dell&#8217;individuo e del suo stile.<br \/>\n<\/span><span title=\"The sticks are made of 7075 space tech aluminium alloy, which allows 8mm diameter for the cross without sacrificing stability or impact resistance. \">I bastoni sono realizzati in lega di alluminio 7075 (tecnologia aereospaziale) che ne permette diametro di 8 mm per la croce senza sacrificare la stabilit\u00e0 o resistenza all&#8217;impatto.<br \/>\n<\/span><span title=\"The connection of the sticks to the cuff is a quick link solution, which makes assembly and disassembly easy.\">Il collegamento dei bastoni al bracciale ha una soluzione di collegamento rapido, il che rende facile montaggio e smontaggio. <\/span><span title=\"It is made by threaded ball spring plungers. \">\u00c8 fatto da filetti a sfera e molla.<br \/>\n<\/span><span title=\"For practice sessions you can apply the sticks per hand, but for fire spinning we recommend tightening them with a screwdriver to avoid losing them at high rotation speeds. \">Per le sessioni di pratica \u00e8 possibile applicare le bacchette a mano, ma per la pratica con il fuoco si consiglia di serrare con un cacciavite per evitare di perderle ad elevate velocit\u00e0 di rotazione.<br \/>\nIl set comprende 2 bracciali e 8 raggi con Kevlar incluso<br \/>\n<\/span><span title=\"It is the most user friendly Dragon Staff ever made. \">E&#8217; ila pi\u00f9 facile Dragon Staff smontabile da utilizzare mai realizzata.<\/span><\/span><\/p>\n<p>Disponibile con diametro dei bracciali da 22 oppure da 25 millimetri.<\/p>\n<p>&nbsp;<\/p>\n","protected":false},"excerpt":{"rendered":"<p>Questo attrezzo serve per trasformare la staffa di Gora, sia normale che smontabile, in una Dragon Staff! Il frutto di 2 anni di sviluppo, \u00e8 l&#8217;ultima versione della Dragon , che \u00e8 originariamente una invenzione di Gora a partire dal 2002. Questa \u00e8 la soluzione migliore, che offre un design solido ed affidabile come tutti [&hellip;]<\/p>\n","protected":false},"featured_media":18741,"comment_status":"closed","ping_status":"closed","template":"","meta":{"_et_pb_use_builder":"","_et_pb_old_content":"","_et_gb_content_width":""},"product_brand":[],"product_cat":[46],"product_tag":[315,1659,298],"class_list":{"0":"post-10793","1":"product","2":"type-product","3":"status-publish","4":"has-post-thumbnail","6":"product_cat-staffe-x-twirling-contact-infuocate","7":"product_tag-attrezzi-infuocati-gora","8":"product_tag-dragon-adapter-cuff-by-gora","9":"product_tag-negozio-on-line-articoli-di-fuoco","10":"pa_formato-diametro-22-mm","11":"pa_formato-diametro-25-mm","13":"first","14":"instock","15":"sale","16":"taxable","17":"shipping-taxable","18":"purchasable","19":"product-type-variable"},"yoast_head":"<!-- This site is optimized with the Yoast SEO plugin v27.4 - https:\/\/yoast.com\/product\/yoast-seo-wordpress\/ -->\n<title>JG3745 - Dragon Adapter Cuff by GORA - BazarBonino<\/title>\n<meta name=\"description\" content=\"Questo attrezzo serve per trasformare la staffa di Gora, sia normale che smontabile, in una Dragon Staff!\" \/>\n<meta name=\"robots\" content=\"index, follow, max-snippet:-1, max-image-preview:large, max-video-preview:-1\" \/>\n<link rel=\"canonical\" href=\"https:\/\/www.bazarbonino.com\/store\/prodotto\/jg3745-dragon-adapter-cuff-by-gora\/\" \/>\n<meta property=\"og:locale\" content=\"it_IT\" \/>\n<meta property=\"og:type\" content=\"article\" \/>\n<meta property=\"og:title\" content=\"JG3745 - Dragon Adapter Cuff by GORA - BazarBonino\" \/>\n<meta property=\"og:description\" content=\"Questo attrezzo serve per trasformare la staffa di Gora, sia normale che smontabile, in una Dragon Staff!\" \/>\n<meta property=\"og:url\" content=\"https:\/\/www.bazarbonino.com\/store\/prodotto\/jg3745-dragon-adapter-cuff-by-gora\/\" \/>\n<meta property=\"og:site_name\" content=\"BazarBonino\" \/>\n<meta property=\"article:publisher\" content=\"https:\/\/www.facebook.com\/bazar.bonino\" \/>\n<meta property=\"article:modified_time\" content=\"2025-11-13T11:44:37+00:00\" \/>\n<meta property=\"og:image\" content=\"https:\/\/www.bazarbonino.com\/store\/wp-content\/uploads\/2017\/04\/JG3745-Dragon-Adapter-Cuff-by-GORA-1.jpg\" \/>\n\t<meta property=\"og:image:width\" content=\"1000\" \/>\n\t<meta property=\"og:image:height\" content=\"500\" \/>\n\t<meta property=\"og:image:type\" content=\"image\/jpeg\" \/>\n<meta name=\"twitter:card\" content=\"summary_large_image\" \/>\n<meta name=\"twitter:label1\" content=\"Tempo di lettura stimato\" \/>\n\t<meta name=\"twitter:data1\" content=\"2 minuti\" \/>\n<script type=\"application\/ld+json\" class=\"yoast-schema-graph\">{\"@context\":\"https:\\\/\\\/schema.org\",\"@graph\":[{\"@type\":\"WebPage\",\"@id\":\"https:\\\/\\\/www.bazarbonino.com\\\/store\\\/prodotto\\\/jg3745-dragon-adapter-cuff-by-gora\\\/\",\"url\":\"https:\\\/\\\/www.bazarbonino.com\\\/store\\\/prodotto\\\/jg3745-dragon-adapter-cuff-by-gora\\\/\",\"name\":\"JG3745 - Dragon Adapter Cuff by GORA - BazarBonino\",\"isPartOf\":{\"@id\":\"https:\\\/\\\/www.bazarbonino.com\\\/store\\\/#website\"},\"primaryImageOfPage\":{\"@id\":\"https:\\\/\\\/www.bazarbonino.com\\\/store\\\/prodotto\\\/jg3745-dragon-adapter-cuff-by-gora\\\/#primaryimage\"},\"image\":{\"@id\":\"https:\\\/\\\/www.bazarbonino.com\\\/store\\\/prodotto\\\/jg3745-dragon-adapter-cuff-by-gora\\\/#primaryimage\"},\"thumbnailUrl\":\"https:\\\/\\\/www.bazarbonino.com\\\/store\\\/wp-content\\\/uploads\\\/2017\\\/04\\\/JG3745-Dragon-Adapter-Cuff-by-GORA-1.jpg\",\"datePublished\":\"2017-04-02T22:23:41+00:00\",\"dateModified\":\"2025-11-13T11:44:37+00:00\",\"description\":\"Questo attrezzo serve per trasformare la staffa di Gora, sia normale che smontabile, in una Dragon Staff!\",\"breadcrumb\":{\"@id\":\"https:\\\/\\\/www.bazarbonino.com\\\/store\\\/prodotto\\\/jg3745-dragon-adapter-cuff-by-gora\\\/#breadcrumb\"},\"inLanguage\":\"it-IT\",\"potentialAction\":[{\"@type\":\"ReadAction\",\"target\":[\"https:\\\/\\\/www.bazarbonino.com\\\/store\\\/prodotto\\\/jg3745-dragon-adapter-cuff-by-gora\\\/\"]}]},{\"@type\":\"ImageObject\",\"inLanguage\":\"it-IT\",\"@id\":\"https:\\\/\\\/www.bazarbonino.com\\\/store\\\/prodotto\\\/jg3745-dragon-adapter-cuff-by-gora\\\/#primaryimage\",\"url\":\"https:\\\/\\\/www.bazarbonino.com\\\/store\\\/wp-content\\\/uploads\\\/2017\\\/04\\\/JG3745-Dragon-Adapter-Cuff-by-GORA-1.jpg\",\"contentUrl\":\"https:\\\/\\\/www.bazarbonino.com\\\/store\\\/wp-content\\\/uploads\\\/2017\\\/04\\\/JG3745-Dragon-Adapter-Cuff-by-GORA-1.jpg\",\"width\":1000,\"height\":500,\"caption\":\"JG3745 - Dragon Adapter Cuff by GORA\"},{\"@type\":\"BreadcrumbList\",\"@id\":\"https:\\\/\\\/www.bazarbonino.com\\\/store\\\/prodotto\\\/jg3745-dragon-adapter-cuff-by-gora\\\/#breadcrumb\",\"itemListElement\":[{\"@type\":\"ListItem\",\"position\":1,\"name\":\"Home\",\"item\":\"https:\\\/\\\/www.bazarbonino.com\\\/store\\\/\"},{\"@type\":\"ListItem\",\"position\":2,\"name\":\"Catalogo\",\"item\":\"https:\\\/\\\/www.bazarbonino.com\\\/store\\\/shop\\\/\"},{\"@type\":\"ListItem\",\"position\":3,\"name\":\"JG3745 &#8211; Dragon Adapter Cuff by GORA\"}]},{\"@type\":\"WebSite\",\"@id\":\"https:\\\/\\\/www.bazarbonino.com\\\/store\\\/#website\",\"url\":\"https:\\\/\\\/www.bazarbonino.com\\\/store\\\/\",\"name\":\"BazarBonino\",\"description\":\"\",\"potentialAction\":[{\"@type\":\"SearchAction\",\"target\":{\"@type\":\"EntryPoint\",\"urlTemplate\":\"https:\\\/\\\/www.bazarbonino.com\\\/store\\\/?s={search_term_string}\"},\"query-input\":{\"@type\":\"PropertyValueSpecification\",\"valueRequired\":true,\"valueName\":\"search_term_string\"}}],\"inLanguage\":\"it-IT\"}]}<\/script>\n<!-- \/ Yoast SEO plugin. -->","yoast_head_json":{"title":"JG3745 - Dragon Adapter Cuff by GORA - BazarBonino","description":"Questo attrezzo serve per trasformare la staffa di Gora, sia normale che smontabile, in una Dragon Staff!","robots":{"index":"index","follow":"follow","max-snippet":"max-snippet:-1","max-image-preview":"max-image-preview:large","max-video-preview":"max-video-preview:-1"},"canonical":"https:\/\/www.bazarbonino.com\/store\/prodotto\/jg3745-dragon-adapter-cuff-by-gora\/","og_locale":"it_IT","og_type":"article","og_title":"JG3745 - Dragon Adapter Cuff by GORA - BazarBonino","og_description":"Questo attrezzo serve per trasformare la staffa di Gora, sia normale che smontabile, in una Dragon Staff!","og_url":"https:\/\/www.bazarbonino.com\/store\/prodotto\/jg3745-dragon-adapter-cuff-by-gora\/","og_site_name":"BazarBonino","article_publisher":"https:\/\/www.facebook.com\/bazar.bonino","article_modified_time":"2025-11-13T11:44:37+00:00","og_image":[{"width":1000,"height":500,"url":"https:\/\/www.bazarbonino.com\/store\/wp-content\/uploads\/2017\/04\/JG3745-Dragon-Adapter-Cuff-by-GORA-1.jpg","type":"image\/jpeg"}],"twitter_card":"summary_large_image","twitter_misc":{"Tempo di lettura stimato":"2 minuti"},"schema":{"@context":"https:\/\/schema.org","@graph":[{"@type":"WebPage","@id":"https:\/\/www.bazarbonino.com\/store\/prodotto\/jg3745-dragon-adapter-cuff-by-gora\/","url":"https:\/\/www.bazarbonino.com\/store\/prodotto\/jg3745-dragon-adapter-cuff-by-gora\/","name":"JG3745 - Dragon Adapter Cuff by GORA - BazarBonino","isPartOf":{"@id":"https:\/\/www.bazarbonino.com\/store\/#website"},"primaryImageOfPage":{"@id":"https:\/\/www.bazarbonino.com\/store\/prodotto\/jg3745-dragon-adapter-cuff-by-gora\/#primaryimage"},"image":{"@id":"https:\/\/www.bazarbonino.com\/store\/prodotto\/jg3745-dragon-adapter-cuff-by-gora\/#primaryimage"},"thumbnailUrl":"https:\/\/www.bazarbonino.com\/store\/wp-content\/uploads\/2017\/04\/JG3745-Dragon-Adapter-Cuff-by-GORA-1.jpg","datePublished":"2017-04-02T22:23:41+00:00","dateModified":"2025-11-13T11:44:37+00:00","description":"Questo attrezzo serve per trasformare la staffa di Gora, sia normale che smontabile, in una Dragon Staff!","breadcrumb":{"@id":"https:\/\/www.bazarbonino.com\/store\/prodotto\/jg3745-dragon-adapter-cuff-by-gora\/#breadcrumb"},"inLanguage":"it-IT","potentialAction":[{"@type":"ReadAction","target":["https:\/\/www.bazarbonino.com\/store\/prodotto\/jg3745-dragon-adapter-cuff-by-gora\/"]}]},{"@type":"ImageObject","inLanguage":"it-IT","@id":"https:\/\/www.bazarbonino.com\/store\/prodotto\/jg3745-dragon-adapter-cuff-by-gora\/#primaryimage","url":"https:\/\/www.bazarbonino.com\/store\/wp-content\/uploads\/2017\/04\/JG3745-Dragon-Adapter-Cuff-by-GORA-1.jpg","contentUrl":"https:\/\/www.bazarbonino.com\/store\/wp-content\/uploads\/2017\/04\/JG3745-Dragon-Adapter-Cuff-by-GORA-1.jpg","width":1000,"height":500,"caption":"JG3745 - Dragon Adapter Cuff by GORA"},{"@type":"BreadcrumbList","@id":"https:\/\/www.bazarbonino.com\/store\/prodotto\/jg3745-dragon-adapter-cuff-by-gora\/#breadcrumb","itemListElement":[{"@type":"ListItem","position":1,"name":"Home","item":"https:\/\/www.bazarbonino.com\/store\/"},{"@type":"ListItem","position":2,"name":"Catalogo","item":"https:\/\/www.bazarbonino.com\/store\/shop\/"},{"@type":"ListItem","position":3,"name":"JG3745 &#8211; Dragon Adapter Cuff by GORA"}]},{"@type":"WebSite","@id":"https:\/\/www.bazarbonino.com\/store\/#website","url":"https:\/\/www.bazarbonino.com\/store\/","name":"BazarBonino","description":"","potentialAction":[{"@type":"SearchAction","target":{"@type":"EntryPoint","urlTemplate":"https:\/\/www.bazarbonino.com\/store\/?s={search_term_string}"},"query-input":{"@type":"PropertyValueSpecification","valueRequired":true,"valueName":"search_term_string"}}],"inLanguage":"it-IT"}]}},"_links":{"self":[{"href":"https:\/\/www.bazarbonino.com\/store\/wp-json\/wp\/v2\/product\/10793","targetHints":{"allow":["GET"]}}],"collection":[{"href":"https:\/\/www.bazarbonino.com\/store\/wp-json\/wp\/v2\/product"}],"about":[{"href":"https:\/\/www.bazarbonino.com\/store\/wp-json\/wp\/v2\/types\/product"}],"replies":[{"embeddable":true,"href":"https:\/\/www.bazarbonino.com\/store\/wp-json\/wp\/v2\/comments?post=10793"}],"wp:featuredmedia":[{"embeddable":true,"href":"https:\/\/www.bazarbonino.com\/store\/wp-json\/wp\/v2\/media\/18741"}],"wp:attachment":[{"href":"https:\/\/www.bazarbonino.com\/store\/wp-json\/wp\/v2\/media?parent=10793"}],"wp:term":[{"taxonomy":"product_brand","embeddable":true,"href":"https:\/\/www.bazarbonino.com\/store\/wp-json\/wp\/v2\/product_brand?post=10793"},{"taxonomy":"product_cat","embeddable":true,"href":"https:\/\/www.bazarbonino.com\/store\/wp-json\/wp\/v2\/product_cat?post=10793"},{"taxonomy":"product_tag","embeddable":true,"href":"https:\/\/www.bazarbonino.com\/store\/wp-json\/wp\/v2\/product_tag?post=10793"}],"curies":[{"name":"wp","href":"https:\/\/api.w.org\/{rel}","templated":true}]}}