{"id":10779,"date":"2017-04-02T19:59:41","date_gmt":"2017-04-02T17:59:41","guid":{"rendered":"http:\/\/www.bazarbonino.com\/store\/?post_type=product&#038;p=10779"},"modified":"2025-11-11T23:14:23","modified_gmt":"2025-11-11T22:14:23","slug":"jg4000-frusta-fuoco-3-metri-gora","status":"publish","type":"product","link":"https:\/\/www.bazarbonino.com\/store\/prodotto\/jg4000-frusta-fuoco-3-metri-gora\/","title":{"rendered":"JG4000 &#8211; Frusta di Fuoco 3 Metri Gora"},"content":{"rendered":"<div><\/div>\n<div><span class=\"HwtZe\" lang=\"it\"><span class=\"jCAhz ChMk0b\"><span class=\"ryNqvb\">La Frusta di Fuoco 3 Metri Gora \u00e8 composta da 5 diverse misure di corde intrecciate in kevlar al 100% pi\u00f9 il cracker.<\/span><\/span><\/span><\/div>\n<div><\/div>\n<div><span class=\"HwtZe\" lang=\"it\"> <span class=\"jCAhz ChMk0b\"><span class=\"ryNqvb\">Il fissaggio delle corde \u00e8 ben fatto e il diametro si restringe dolcemente per ottenere le migliori prestazioni della frusta.<\/span><\/span> <span class=\"jCAhz\"><span class=\"ryNqvb\">Il cracker \u00e8 sostituibile.<\/span><\/span> <\/span><\/div>\n<div><\/div>\n<div><span class=\"HwtZe\" lang=\"it\"><span class=\"jCAhz ChMk0b\"><span class=\"ryNqvb\">L&#8217;impugnatura \u00e8 abbastanza lunga per un uso sicuro, realizzata in alluminio e ricoperta di silicone resistente al calore.<\/span><\/span> <span class=\"jCAhz ChMk0b\"><span class=\"ryNqvb\">L&#8217;impugnatura ha uno scudo termico in silicone per proteggere le mani dal fuoco.<\/span><\/span> <span class=\"jCAhz ChMk0b\"><span class=\"ryNqvb\">La radice \u00e8 pi\u00f9 rigida e diventa sempre pi\u00f9 sottile, il che rende la frusta molto pi\u00f9 facile da usare e ha un effetto migliore.<\/span><\/span> <\/span><\/div>\n<div><\/div>\n<div><span class=\"HwtZe\" lang=\"it\"><span class=\"jCAhz ChMk0b\"><span class=\"ryNqvb\">La frusta di fuoco \u00e8 realizzata in 2 lunghezze, una di 2,7 m pi\u00f9 il cracker 0,4 m e una corta per doppio uso che \u00e8 di 1,5 m pi\u00f9 il cracker 0,4 m.<\/span><\/span> <\/span><\/div>\n<div><\/div>\n<div><strong>Avvertenze per un utilizzo corretto e per preservare l&#8217;attrezzo:<\/strong><\/div>\n<div><\/div>\n<div><span class=\"HwtZe\" lang=\"it\"><span class=\"jCAhz ChMk0b\"><span class=\"ryNqvb\">-Non esercitarti con la frusta di fuoco spenta.<\/span><\/span> <span class=\"jCAhz ChMk0b\"><span class=\"ryNqvb\">Le crepe a secco stancano il kevlar e ne ridurranno la durata.<\/span><\/span> <\/span><\/div>\n<div><span class=\"HwtZe\" lang=\"it\"><span class=\"jCAhz ChMk0b\"><span class=\"ryNqvb\">-Non devi riempire la radice della frusta, ci sar\u00e0 comunque un gran fuoco, ti farebbe solo male alla mano e danneggerebbe lo scudo termico.<\/span><\/span> <span class=\"jCAhz ChMk0b\"><span class=\"ryNqvb\">Sembrerebbe anche ridicolo quando hai ancora una piccola parte bruciante alla radice mentre il resto della frusta \u00e8 spento.<\/span><\/span> <\/span><\/div>\n<div><span class=\"HwtZe\" lang=\"it\"><span class=\"jCAhz\"><span class=\"ryNqvb\">-Non immergere la caduta, ne ridurr\u00e0 la durata ma non avr\u00e0 un effetto maggiore.<\/span><\/span> <\/span><\/div>\n<div><span class=\"HwtZe\" lang=\"it\"><span class=\"jCAhz\"><span class=\"ryNqvb\">-Non appoggiare la frusta mentre sta bruciando.<\/span><\/span> <span class=\"jCAhz ChMk0b\"><span class=\"ryNqvb\">Se la metti su una superficie di cemento, pietra o metallo, le fiamme riscalderanno la superficie e danneggeranno il kevlar.<\/span><\/span> <\/span><\/div>\n<div><span class=\"HwtZe\" lang=\"it\"><span class=\"jCAhz ChMk0b\"><span class=\"ryNqvb\">-Non usare mai benzina o gas bianco, \u00e8 troppo pericoloso e distrugger\u00e0 la tua frusta.<\/span><\/span> <\/span><\/div>\n<div><span class=\"HwtZe\" lang=\"it\"><span class=\"jCAhz ChMk0b\"><span class=\"ryNqvb\">-Controlla sempre attentamente le condizioni della frusta prima di accenderla.<\/span><\/span> <span class=\"jCAhz ChMk0b\"><span class=\"ryNqvb\">Se c&#8217;\u00e8 un danno grave alla frusta, pu\u00f2 volare via con uno scoppiettio e ferire il pubblico.<\/span><\/span> <\/span><\/div>\n<div><span class=\"HwtZe\" lang=\"it\"><span class=\"jCAhz ChMk0b\"><span class=\"ryNqvb\">-Non colpire mai il terreno con la frusta di fuoco!<\/span><\/span><\/span><\/div>\n<div><\/div>\n<div>Con questo attrezzo puoi dare al finale del tuo spettacolo un tocco unico e suggestivo.<\/div>\n","protected":false},"excerpt":{"rendered":"<p>SUBITO DISPONIBILE<\/p>\n","protected":false},"featured_media":10780,"comment_status":"closed","ping_status":"closed","template":"","meta":{"_et_pb_use_builder":"","_et_pb_old_content":"","_et_gb_content_width":""},"product_brand":[],"product_cat":[48],"product_tag":[1653],"class_list":{"0":"post-10779","1":"product","2":"type-product","3":"status-publish","4":"has-post-thumbnail","6":"product_cat-attrezzi-infuocati-vari-danza-costumi","7":"product_tag-frusta-di-fuoco-3-metri-gora","8":"pa_lunghezza-19-metri","9":"pa_lunghezza-31-metri","11":"first","12":"instock","13":"sale","14":"taxable","15":"shipping-taxable","16":"purchasable","17":"product-type-variable"},"yoast_head":"<!-- This site is optimized with the Yoast SEO plugin v27.4 - https:\/\/yoast.com\/product\/yoast-seo-wordpress\/ -->\n<title>JG4000 - Frusta di Fuoco 3 Metri Gora - BazarBonino<\/title>\n<meta name=\"robots\" content=\"index, follow, max-snippet:-1, max-image-preview:large, max-video-preview:-1\" \/>\n<link rel=\"canonical\" href=\"https:\/\/www.bazarbonino.com\/store\/prodotto\/jg4000-frusta-fuoco-3-metri-gora\/\" \/>\n<meta property=\"og:locale\" content=\"it_IT\" \/>\n<meta property=\"og:type\" content=\"article\" \/>\n<meta property=\"og:title\" content=\"JG4000 - Frusta di Fuoco 3 Metri Gora - BazarBonino\" \/>\n<meta property=\"og:description\" content=\"SUBITO DISPONIBILE\" \/>\n<meta property=\"og:url\" content=\"https:\/\/www.bazarbonino.com\/store\/prodotto\/jg4000-frusta-fuoco-3-metri-gora\/\" \/>\n<meta property=\"og:site_name\" content=\"BazarBonino\" \/>\n<meta property=\"article:publisher\" content=\"https:\/\/www.facebook.com\/bazar.bonino\" \/>\n<meta property=\"article:modified_time\" content=\"2025-11-11T22:14:23+00:00\" \/>\n<meta property=\"og:image\" content=\"https:\/\/www.bazarbonino.com\/store\/wp-content\/uploads\/2017\/04\/JG4000-Frusta-di-Fuoco-3-Metri-Gora.jpg\" \/>\n\t<meta property=\"og:image:width\" content=\"800\" \/>\n\t<meta property=\"og:image:height\" content=\"600\" \/>\n\t<meta property=\"og:image:type\" content=\"image\/jpeg\" \/>\n<meta name=\"twitter:card\" content=\"summary_large_image\" \/>\n<meta name=\"twitter:label1\" content=\"Tempo di lettura stimato\" \/>\n\t<meta name=\"twitter:data1\" content=\"2 minuti\" \/>\n<script type=\"application\/ld+json\" class=\"yoast-schema-graph\">{\"@context\":\"https:\\\/\\\/schema.org\",\"@graph\":[{\"@type\":\"WebPage\",\"@id\":\"https:\\\/\\\/www.bazarbonino.com\\\/store\\\/prodotto\\\/jg4000-frusta-fuoco-3-metri-gora\\\/\",\"url\":\"https:\\\/\\\/www.bazarbonino.com\\\/store\\\/prodotto\\\/jg4000-frusta-fuoco-3-metri-gora\\\/\",\"name\":\"JG4000 - Frusta di Fuoco 3 Metri Gora - BazarBonino\",\"isPartOf\":{\"@id\":\"https:\\\/\\\/www.bazarbonino.com\\\/store\\\/#website\"},\"primaryImageOfPage\":{\"@id\":\"https:\\\/\\\/www.bazarbonino.com\\\/store\\\/prodotto\\\/jg4000-frusta-fuoco-3-metri-gora\\\/#primaryimage\"},\"image\":{\"@id\":\"https:\\\/\\\/www.bazarbonino.com\\\/store\\\/prodotto\\\/jg4000-frusta-fuoco-3-metri-gora\\\/#primaryimage\"},\"thumbnailUrl\":\"https:\\\/\\\/www.bazarbonino.com\\\/store\\\/wp-content\\\/uploads\\\/2017\\\/04\\\/JG4000-Frusta-di-Fuoco-3-Metri-Gora.jpg\",\"datePublished\":\"2017-04-02T17:59:41+00:00\",\"dateModified\":\"2025-11-11T22:14:23+00:00\",\"breadcrumb\":{\"@id\":\"https:\\\/\\\/www.bazarbonino.com\\\/store\\\/prodotto\\\/jg4000-frusta-fuoco-3-metri-gora\\\/#breadcrumb\"},\"inLanguage\":\"it-IT\",\"potentialAction\":[{\"@type\":\"ReadAction\",\"target\":[\"https:\\\/\\\/www.bazarbonino.com\\\/store\\\/prodotto\\\/jg4000-frusta-fuoco-3-metri-gora\\\/\"]}]},{\"@type\":\"ImageObject\",\"inLanguage\":\"it-IT\",\"@id\":\"https:\\\/\\\/www.bazarbonino.com\\\/store\\\/prodotto\\\/jg4000-frusta-fuoco-3-metri-gora\\\/#primaryimage\",\"url\":\"https:\\\/\\\/www.bazarbonino.com\\\/store\\\/wp-content\\\/uploads\\\/2017\\\/04\\\/JG4000-Frusta-di-Fuoco-3-Metri-Gora.jpg\",\"contentUrl\":\"https:\\\/\\\/www.bazarbonino.com\\\/store\\\/wp-content\\\/uploads\\\/2017\\\/04\\\/JG4000-Frusta-di-Fuoco-3-Metri-Gora.jpg\",\"width\":800,\"height\":600,\"caption\":\"JG4000 - Frusta di Fuoco 3 Metri Gora\"},{\"@type\":\"BreadcrumbList\",\"@id\":\"https:\\\/\\\/www.bazarbonino.com\\\/store\\\/prodotto\\\/jg4000-frusta-fuoco-3-metri-gora\\\/#breadcrumb\",\"itemListElement\":[{\"@type\":\"ListItem\",\"position\":1,\"name\":\"Home\",\"item\":\"https:\\\/\\\/www.bazarbonino.com\\\/store\\\/\"},{\"@type\":\"ListItem\",\"position\":2,\"name\":\"Catalogo\",\"item\":\"https:\\\/\\\/www.bazarbonino.com\\\/store\\\/shop\\\/\"},{\"@type\":\"ListItem\",\"position\":3,\"name\":\"JG4000 &#8211; Frusta di Fuoco 3 Metri Gora\"}]},{\"@type\":\"WebSite\",\"@id\":\"https:\\\/\\\/www.bazarbonino.com\\\/store\\\/#website\",\"url\":\"https:\\\/\\\/www.bazarbonino.com\\\/store\\\/\",\"name\":\"BazarBonino\",\"description\":\"\",\"potentialAction\":[{\"@type\":\"SearchAction\",\"target\":{\"@type\":\"EntryPoint\",\"urlTemplate\":\"https:\\\/\\\/www.bazarbonino.com\\\/store\\\/?s={search_term_string}\"},\"query-input\":{\"@type\":\"PropertyValueSpecification\",\"valueRequired\":true,\"valueName\":\"search_term_string\"}}],\"inLanguage\":\"it-IT\"}]}<\/script>\n<!-- \/ Yoast SEO plugin. -->","yoast_head_json":{"title":"JG4000 - Frusta di Fuoco 3 Metri Gora - BazarBonino","robots":{"index":"index","follow":"follow","max-snippet":"max-snippet:-1","max-image-preview":"max-image-preview:large","max-video-preview":"max-video-preview:-1"},"canonical":"https:\/\/www.bazarbonino.com\/store\/prodotto\/jg4000-frusta-fuoco-3-metri-gora\/","og_locale":"it_IT","og_type":"article","og_title":"JG4000 - Frusta di Fuoco 3 Metri Gora - BazarBonino","og_description":"SUBITO DISPONIBILE","og_url":"https:\/\/www.bazarbonino.com\/store\/prodotto\/jg4000-frusta-fuoco-3-metri-gora\/","og_site_name":"BazarBonino","article_publisher":"https:\/\/www.facebook.com\/bazar.bonino","article_modified_time":"2025-11-11T22:14:23+00:00","og_image":[{"width":800,"height":600,"url":"https:\/\/www.bazarbonino.com\/store\/wp-content\/uploads\/2017\/04\/JG4000-Frusta-di-Fuoco-3-Metri-Gora.jpg","type":"image\/jpeg"}],"twitter_card":"summary_large_image","twitter_misc":{"Tempo di lettura stimato":"2 minuti"},"schema":{"@context":"https:\/\/schema.org","@graph":[{"@type":"WebPage","@id":"https:\/\/www.bazarbonino.com\/store\/prodotto\/jg4000-frusta-fuoco-3-metri-gora\/","url":"https:\/\/www.bazarbonino.com\/store\/prodotto\/jg4000-frusta-fuoco-3-metri-gora\/","name":"JG4000 - Frusta di Fuoco 3 Metri Gora - BazarBonino","isPartOf":{"@id":"https:\/\/www.bazarbonino.com\/store\/#website"},"primaryImageOfPage":{"@id":"https:\/\/www.bazarbonino.com\/store\/prodotto\/jg4000-frusta-fuoco-3-metri-gora\/#primaryimage"},"image":{"@id":"https:\/\/www.bazarbonino.com\/store\/prodotto\/jg4000-frusta-fuoco-3-metri-gora\/#primaryimage"},"thumbnailUrl":"https:\/\/www.bazarbonino.com\/store\/wp-content\/uploads\/2017\/04\/JG4000-Frusta-di-Fuoco-3-Metri-Gora.jpg","datePublished":"2017-04-02T17:59:41+00:00","dateModified":"2025-11-11T22:14:23+00:00","breadcrumb":{"@id":"https:\/\/www.bazarbonino.com\/store\/prodotto\/jg4000-frusta-fuoco-3-metri-gora\/#breadcrumb"},"inLanguage":"it-IT","potentialAction":[{"@type":"ReadAction","target":["https:\/\/www.bazarbonino.com\/store\/prodotto\/jg4000-frusta-fuoco-3-metri-gora\/"]}]},{"@type":"ImageObject","inLanguage":"it-IT","@id":"https:\/\/www.bazarbonino.com\/store\/prodotto\/jg4000-frusta-fuoco-3-metri-gora\/#primaryimage","url":"https:\/\/www.bazarbonino.com\/store\/wp-content\/uploads\/2017\/04\/JG4000-Frusta-di-Fuoco-3-Metri-Gora.jpg","contentUrl":"https:\/\/www.bazarbonino.com\/store\/wp-content\/uploads\/2017\/04\/JG4000-Frusta-di-Fuoco-3-Metri-Gora.jpg","width":800,"height":600,"caption":"JG4000 - Frusta di Fuoco 3 Metri Gora"},{"@type":"BreadcrumbList","@id":"https:\/\/www.bazarbonino.com\/store\/prodotto\/jg4000-frusta-fuoco-3-metri-gora\/#breadcrumb","itemListElement":[{"@type":"ListItem","position":1,"name":"Home","item":"https:\/\/www.bazarbonino.com\/store\/"},{"@type":"ListItem","position":2,"name":"Catalogo","item":"https:\/\/www.bazarbonino.com\/store\/shop\/"},{"@type":"ListItem","position":3,"name":"JG4000 &#8211; Frusta di Fuoco 3 Metri Gora"}]},{"@type":"WebSite","@id":"https:\/\/www.bazarbonino.com\/store\/#website","url":"https:\/\/www.bazarbonino.com\/store\/","name":"BazarBonino","description":"","potentialAction":[{"@type":"SearchAction","target":{"@type":"EntryPoint","urlTemplate":"https:\/\/www.bazarbonino.com\/store\/?s={search_term_string}"},"query-input":{"@type":"PropertyValueSpecification","valueRequired":true,"valueName":"search_term_string"}}],"inLanguage":"it-IT"}]}},"_links":{"self":[{"href":"https:\/\/www.bazarbonino.com\/store\/wp-json\/wp\/v2\/product\/10779","targetHints":{"allow":["GET"]}}],"collection":[{"href":"https:\/\/www.bazarbonino.com\/store\/wp-json\/wp\/v2\/product"}],"about":[{"href":"https:\/\/www.bazarbonino.com\/store\/wp-json\/wp\/v2\/types\/product"}],"replies":[{"embeddable":true,"href":"https:\/\/www.bazarbonino.com\/store\/wp-json\/wp\/v2\/comments?post=10779"}],"wp:featuredmedia":[{"embeddable":true,"href":"https:\/\/www.bazarbonino.com\/store\/wp-json\/wp\/v2\/media\/10780"}],"wp:attachment":[{"href":"https:\/\/www.bazarbonino.com\/store\/wp-json\/wp\/v2\/media?parent=10779"}],"wp:term":[{"taxonomy":"product_brand","embeddable":true,"href":"https:\/\/www.bazarbonino.com\/store\/wp-json\/wp\/v2\/product_brand?post=10779"},{"taxonomy":"product_cat","embeddable":true,"href":"https:\/\/www.bazarbonino.com\/store\/wp-json\/wp\/v2\/product_cat?post=10779"},{"taxonomy":"product_tag","embeddable":true,"href":"https:\/\/www.bazarbonino.com\/store\/wp-json\/wp\/v2\/product_tag?post=10779"}],"curies":[{"name":"wp","href":"https:\/\/api.w.org\/{rel}","templated":true}]}}