{"id":10609,"date":"2017-03-17T16:59:52","date_gmt":"2017-03-17T15:59:52","guid":{"rendered":"http:\/\/www.bazarbonino.com\/store\/?post_type=product&#038;p=10609"},"modified":"2025-12-01T12:37:49","modified_gmt":"2025-12-01T11:37:49","slug":"mv0130-mazzo-carte-nph","status":"publish","type":"product","link":"https:\/\/www.bazarbonino.com\/store\/prodotto\/mv0130-mazzo-carte-nph\/","title":{"rendered":"MV0130 &#8211; Mazzo Carte NPH"},"content":{"rendered":"<div id=\"stcpDiv\">\n<p>Un mazzo di carte premium leggendario che trasuda eleganza e raffinatezza. Ha comportato un anno di lavoro con la direzione artistica di Neil Patrick Harris.<\/p>\n<p>Le carte da gioco NPH sono eleganti, intricate e con un forte impatto visivo. Ogni aspetto \u00e8 stato fatto a mano con cura e un&#8217;attenzione ai dettagli senza eguali.<\/p>\n<p>Come per ogni cosa, c&#8217;\u00e8 anche di pi\u00f9 della soddisfazione per gli occhi &#8211; c&#8217;\u00e8 una simbologia segreta all&#8217;interno del mazzo. Guardatelo da vicino e ne scoprirete molto di pi\u00f9.<\/p>\n<p>Con una combinazione di influenze artistiche, le carte NPH sono un tributo all&#8217;amore di Neil per il mistero, la magia, i giochi, ed il teatro.<\/p>\n<p>Le carte NPH presentano la personalizzazione dell&#8217;asso di picche, Joker, del design dell&#8217;astuccio e delle figure. Anche l&#8217;interno della scatola ha una grafica, un elegante motivo con foglie dorate ad opera di Jay Fletcher.Le carte sono in formato poker.<\/p>\n<\/div>\n","protected":false},"excerpt":{"rendered":"<p>Un mazzo di carte premium leggendario che trasuda eleganza e raffinatezza. Ha comportato un anno di lavoro con la direzione artistica di Neil Patrick Harris. Le carte da gioco NPH sono eleganti, intricate e con un forte impatto visivo. Ogni aspetto \u00e8 stato fatto a mano con cura e un&#8217;attenzione ai dettagli senza eguali. Come [&hellip;]<\/p>\n","protected":false},"featured_media":10611,"comment_status":"closed","ping_status":"closed","template":"","meta":{"_et_pb_use_builder":"","_et_pb_old_content":"","_et_gb_content_width":""},"product_brand":[],"product_cat":[1507],"product_tag":[1625],"class_list":{"0":"post-10609","1":"product","2":"type-product","3":"status-publish","4":"has-post-thumbnail","6":"product_cat-mazzi-di-carte-theory11","7":"product_tag-mazzo-carte-nph","9":"first","10":"instock","11":"taxable","12":"shipping-taxable","13":"purchasable","14":"product-type-simple"},"yoast_head":"<!-- This site is optimized with the Yoast SEO plugin v27.4 - https:\/\/yoast.com\/product\/yoast-seo-wordpress\/ -->\n<title>MV0130 - Mazzo Carte NPH - BazarBonino<\/title>\n<meta name=\"robots\" content=\"index, follow, max-snippet:-1, max-image-preview:large, max-video-preview:-1\" \/>\n<link rel=\"canonical\" href=\"https:\/\/www.bazarbonino.com\/store\/prodotto\/mv0130-mazzo-carte-nph\/\" \/>\n<meta property=\"og:locale\" content=\"it_IT\" \/>\n<meta property=\"og:type\" content=\"article\" \/>\n<meta property=\"og:title\" content=\"MV0130 - Mazzo Carte NPH - BazarBonino\" \/>\n<meta property=\"og:description\" content=\"Un mazzo di carte premium leggendario che trasuda eleganza e raffinatezza. Ha comportato un anno di lavoro con la direzione artistica di Neil Patrick Harris. Le carte da gioco NPH sono eleganti, intricate e con un forte impatto visivo. Ogni aspetto \u00e8 stato fatto a mano con cura e un&#8217;attenzione ai dettagli senza eguali. Come [&hellip;]\" \/>\n<meta property=\"og:url\" content=\"https:\/\/www.bazarbonino.com\/store\/prodotto\/mv0130-mazzo-carte-nph\/\" \/>\n<meta property=\"og:site_name\" content=\"BazarBonino\" \/>\n<meta property=\"article:publisher\" content=\"https:\/\/www.facebook.com\/bazar.bonino\" \/>\n<meta property=\"article:modified_time\" content=\"2025-12-01T11:37:49+00:00\" \/>\n<meta property=\"og:image\" content=\"https:\/\/www.bazarbonino.com\/store\/wp-content\/uploads\/2017\/03\/MV0130-Mazzo-Carte-NPH.jpg\" \/>\n\t<meta property=\"og:image:width\" content=\"800\" \/>\n\t<meta property=\"og:image:height\" content=\"600\" \/>\n\t<meta property=\"og:image:type\" content=\"image\/jpeg\" \/>\n<meta name=\"twitter:card\" content=\"summary_large_image\" \/>\n<meta name=\"twitter:label1\" content=\"Tempo di lettura stimato\" \/>\n\t<meta name=\"twitter:data1\" content=\"1 minuto\" \/>\n<script type=\"application\/ld+json\" class=\"yoast-schema-graph\">{\"@context\":\"https:\\\/\\\/schema.org\",\"@graph\":[{\"@type\":\"WebPage\",\"@id\":\"https:\\\/\\\/www.bazarbonino.com\\\/store\\\/prodotto\\\/mv0130-mazzo-carte-nph\\\/\",\"url\":\"https:\\\/\\\/www.bazarbonino.com\\\/store\\\/prodotto\\\/mv0130-mazzo-carte-nph\\\/\",\"name\":\"MV0130 - Mazzo Carte NPH - BazarBonino\",\"isPartOf\":{\"@id\":\"https:\\\/\\\/www.bazarbonino.com\\\/store\\\/#website\"},\"primaryImageOfPage\":{\"@id\":\"https:\\\/\\\/www.bazarbonino.com\\\/store\\\/prodotto\\\/mv0130-mazzo-carte-nph\\\/#primaryimage\"},\"image\":{\"@id\":\"https:\\\/\\\/www.bazarbonino.com\\\/store\\\/prodotto\\\/mv0130-mazzo-carte-nph\\\/#primaryimage\"},\"thumbnailUrl\":\"https:\\\/\\\/www.bazarbonino.com\\\/store\\\/wp-content\\\/uploads\\\/2017\\\/03\\\/MV0130-Mazzo-Carte-NPH.jpg\",\"datePublished\":\"2017-03-17T15:59:52+00:00\",\"dateModified\":\"2025-12-01T11:37:49+00:00\",\"breadcrumb\":{\"@id\":\"https:\\\/\\\/www.bazarbonino.com\\\/store\\\/prodotto\\\/mv0130-mazzo-carte-nph\\\/#breadcrumb\"},\"inLanguage\":\"it-IT\",\"potentialAction\":[{\"@type\":\"ReadAction\",\"target\":[\"https:\\\/\\\/www.bazarbonino.com\\\/store\\\/prodotto\\\/mv0130-mazzo-carte-nph\\\/\"]}]},{\"@type\":\"ImageObject\",\"inLanguage\":\"it-IT\",\"@id\":\"https:\\\/\\\/www.bazarbonino.com\\\/store\\\/prodotto\\\/mv0130-mazzo-carte-nph\\\/#primaryimage\",\"url\":\"https:\\\/\\\/www.bazarbonino.com\\\/store\\\/wp-content\\\/uploads\\\/2017\\\/03\\\/MV0130-Mazzo-Carte-NPH.jpg\",\"contentUrl\":\"https:\\\/\\\/www.bazarbonino.com\\\/store\\\/wp-content\\\/uploads\\\/2017\\\/03\\\/MV0130-Mazzo-Carte-NPH.jpg\",\"width\":800,\"height\":600,\"caption\":\"MV0130 - Mazzo Carte NPH\"},{\"@type\":\"BreadcrumbList\",\"@id\":\"https:\\\/\\\/www.bazarbonino.com\\\/store\\\/prodotto\\\/mv0130-mazzo-carte-nph\\\/#breadcrumb\",\"itemListElement\":[{\"@type\":\"ListItem\",\"position\":1,\"name\":\"Home\",\"item\":\"https:\\\/\\\/www.bazarbonino.com\\\/store\\\/\"},{\"@type\":\"ListItem\",\"position\":2,\"name\":\"Catalogo\",\"item\":\"https:\\\/\\\/www.bazarbonino.com\\\/store\\\/shop\\\/\"},{\"@type\":\"ListItem\",\"position\":3,\"name\":\"MV0130 &#8211; Mazzo Carte NPH\"}]},{\"@type\":\"WebSite\",\"@id\":\"https:\\\/\\\/www.bazarbonino.com\\\/store\\\/#website\",\"url\":\"https:\\\/\\\/www.bazarbonino.com\\\/store\\\/\",\"name\":\"BazarBonino\",\"description\":\"\",\"potentialAction\":[{\"@type\":\"SearchAction\",\"target\":{\"@type\":\"EntryPoint\",\"urlTemplate\":\"https:\\\/\\\/www.bazarbonino.com\\\/store\\\/?s={search_term_string}\"},\"query-input\":{\"@type\":\"PropertyValueSpecification\",\"valueRequired\":true,\"valueName\":\"search_term_string\"}}],\"inLanguage\":\"it-IT\"}]}<\/script>\n<!-- \/ Yoast SEO plugin. -->","yoast_head_json":{"title":"MV0130 - Mazzo Carte NPH - BazarBonino","robots":{"index":"index","follow":"follow","max-snippet":"max-snippet:-1","max-image-preview":"max-image-preview:large","max-video-preview":"max-video-preview:-1"},"canonical":"https:\/\/www.bazarbonino.com\/store\/prodotto\/mv0130-mazzo-carte-nph\/","og_locale":"it_IT","og_type":"article","og_title":"MV0130 - Mazzo Carte NPH - BazarBonino","og_description":"Un mazzo di carte premium leggendario che trasuda eleganza e raffinatezza. Ha comportato un anno di lavoro con la direzione artistica di Neil Patrick Harris. Le carte da gioco NPH sono eleganti, intricate e con un forte impatto visivo. Ogni aspetto \u00e8 stato fatto a mano con cura e un&#8217;attenzione ai dettagli senza eguali. Come [&hellip;]","og_url":"https:\/\/www.bazarbonino.com\/store\/prodotto\/mv0130-mazzo-carte-nph\/","og_site_name":"BazarBonino","article_publisher":"https:\/\/www.facebook.com\/bazar.bonino","article_modified_time":"2025-12-01T11:37:49+00:00","og_image":[{"width":800,"height":600,"url":"https:\/\/www.bazarbonino.com\/store\/wp-content\/uploads\/2017\/03\/MV0130-Mazzo-Carte-NPH.jpg","type":"image\/jpeg"}],"twitter_card":"summary_large_image","twitter_misc":{"Tempo di lettura stimato":"1 minuto"},"schema":{"@context":"https:\/\/schema.org","@graph":[{"@type":"WebPage","@id":"https:\/\/www.bazarbonino.com\/store\/prodotto\/mv0130-mazzo-carte-nph\/","url":"https:\/\/www.bazarbonino.com\/store\/prodotto\/mv0130-mazzo-carte-nph\/","name":"MV0130 - Mazzo Carte NPH - BazarBonino","isPartOf":{"@id":"https:\/\/www.bazarbonino.com\/store\/#website"},"primaryImageOfPage":{"@id":"https:\/\/www.bazarbonino.com\/store\/prodotto\/mv0130-mazzo-carte-nph\/#primaryimage"},"image":{"@id":"https:\/\/www.bazarbonino.com\/store\/prodotto\/mv0130-mazzo-carte-nph\/#primaryimage"},"thumbnailUrl":"https:\/\/www.bazarbonino.com\/store\/wp-content\/uploads\/2017\/03\/MV0130-Mazzo-Carte-NPH.jpg","datePublished":"2017-03-17T15:59:52+00:00","dateModified":"2025-12-01T11:37:49+00:00","breadcrumb":{"@id":"https:\/\/www.bazarbonino.com\/store\/prodotto\/mv0130-mazzo-carte-nph\/#breadcrumb"},"inLanguage":"it-IT","potentialAction":[{"@type":"ReadAction","target":["https:\/\/www.bazarbonino.com\/store\/prodotto\/mv0130-mazzo-carte-nph\/"]}]},{"@type":"ImageObject","inLanguage":"it-IT","@id":"https:\/\/www.bazarbonino.com\/store\/prodotto\/mv0130-mazzo-carte-nph\/#primaryimage","url":"https:\/\/www.bazarbonino.com\/store\/wp-content\/uploads\/2017\/03\/MV0130-Mazzo-Carte-NPH.jpg","contentUrl":"https:\/\/www.bazarbonino.com\/store\/wp-content\/uploads\/2017\/03\/MV0130-Mazzo-Carte-NPH.jpg","width":800,"height":600,"caption":"MV0130 - Mazzo Carte NPH"},{"@type":"BreadcrumbList","@id":"https:\/\/www.bazarbonino.com\/store\/prodotto\/mv0130-mazzo-carte-nph\/#breadcrumb","itemListElement":[{"@type":"ListItem","position":1,"name":"Home","item":"https:\/\/www.bazarbonino.com\/store\/"},{"@type":"ListItem","position":2,"name":"Catalogo","item":"https:\/\/www.bazarbonino.com\/store\/shop\/"},{"@type":"ListItem","position":3,"name":"MV0130 &#8211; Mazzo Carte NPH"}]},{"@type":"WebSite","@id":"https:\/\/www.bazarbonino.com\/store\/#website","url":"https:\/\/www.bazarbonino.com\/store\/","name":"BazarBonino","description":"","potentialAction":[{"@type":"SearchAction","target":{"@type":"EntryPoint","urlTemplate":"https:\/\/www.bazarbonino.com\/store\/?s={search_term_string}"},"query-input":{"@type":"PropertyValueSpecification","valueRequired":true,"valueName":"search_term_string"}}],"inLanguage":"it-IT"}]}},"_links":{"self":[{"href":"https:\/\/www.bazarbonino.com\/store\/wp-json\/wp\/v2\/product\/10609","targetHints":{"allow":["GET"]}}],"collection":[{"href":"https:\/\/www.bazarbonino.com\/store\/wp-json\/wp\/v2\/product"}],"about":[{"href":"https:\/\/www.bazarbonino.com\/store\/wp-json\/wp\/v2\/types\/product"}],"replies":[{"embeddable":true,"href":"https:\/\/www.bazarbonino.com\/store\/wp-json\/wp\/v2\/comments?post=10609"}],"wp:featuredmedia":[{"embeddable":true,"href":"https:\/\/www.bazarbonino.com\/store\/wp-json\/wp\/v2\/media\/10611"}],"wp:attachment":[{"href":"https:\/\/www.bazarbonino.com\/store\/wp-json\/wp\/v2\/media?parent=10609"}],"wp:term":[{"taxonomy":"product_brand","embeddable":true,"href":"https:\/\/www.bazarbonino.com\/store\/wp-json\/wp\/v2\/product_brand?post=10609"},{"taxonomy":"product_cat","embeddable":true,"href":"https:\/\/www.bazarbonino.com\/store\/wp-json\/wp\/v2\/product_cat?post=10609"},{"taxonomy":"product_tag","embeddable":true,"href":"https:\/\/www.bazarbonino.com\/store\/wp-json\/wp\/v2\/product_tag?post=10609"}],"curies":[{"name":"wp","href":"https:\/\/api.w.org\/{rel}","templated":true}]}}