{"id":10583,"date":"2017-03-17T14:49:13","date_gmt":"2017-03-17T13:49:13","guid":{"rendered":"http:\/\/www.bazarbonino.com\/store\/?post_type=product&#038;p=10583"},"modified":"2026-05-02T09:01:42","modified_gmt":"2026-05-02T07:01:42","slug":"mv0070-mazzo-carte-kete-moon-special-edition","status":"publish","type":"product","link":"https:\/\/www.bazarbonino.com\/store\/prodotto\/mv0070-mazzo-carte-kete-moon-special-edition\/","title":{"rendered":"MV0070- Mazzo carte Kete Moon Special Edition"},"content":{"rendered":"<div id=\"stcpDiv\">\n<p>Kete Moon, il mazzo d&#8217;esordio omonimo, \u00e8 andato esaurito piuttosto rapidamente nel 2015. Ora \u00e8 tornato, \u00e8 in edizione limitata ed \u00e8 pi\u00f9 splendido che mai!<\/p>\n<p>L&#8217;elevata raffinatezza dell&#8217;astuccio fornisce non solo una &#8220;migliore immagine&#8221;, ma anche &#8220;una maggiore immagine&#8221;.<\/p>\n<p>Mettete una carta sulla mano per sentire la trama bellissima! Questa edizione speciale utilizza un meccanismo di cambio colore, che non \u00e8 comune nel mercato. Non si nota la differenza? La colorazione di questa edizione speciale \u00e8 diversa da quella precedente.<\/p>\n<p>Il mazzo comprende uno speciale Joker con dorso argentato per una previsione magica. Il mazzo include 55 carte da gioco, di cui tre sono Joker. Le carte sono in formato poker.<\/p>\n<\/div>\n","protected":false},"excerpt":{"rendered":"<p>Kete Moon, il mazzo d&#8217;esordio omonimo, \u00e8 andato esaurito piuttosto rapidamente nel 2015. Ora \u00e8 tornato, \u00e8 in edizione limitata ed \u00e8 pi\u00f9 splendido che mai! L&#8217;elevata raffinatezza dell&#8217;astuccio fornisce non solo una &#8220;migliore immagine&#8221;, ma anche &#8220;una maggiore immagine&#8221;. Mettete una carta sulla mano per sentire la trama bellissima! Questa edizione speciale utilizza un [&hellip;]<\/p>\n","protected":false},"featured_media":10584,"comment_status":"closed","ping_status":"closed","template":"","meta":{"_et_pb_use_builder":"","_et_pb_old_content":"","_et_gb_content_width":""},"product_brand":[],"product_cat":[1514],"product_tag":[1616],"class_list":{"0":"post-10583","1":"product","2":"type-product","3":"status-publish","4":"has-post-thumbnail","6":"product_cat-mazzi-di-carte-altre-marche","7":"product_tag-mazzo-carte-kete-moon-special-edition","9":"first","10":"outofstock","11":"taxable","12":"shipping-taxable","13":"purchasable","14":"product-type-simple"},"yoast_head":"<!-- This site is optimized with the Yoast SEO plugin v27.4 - https:\/\/yoast.com\/product\/yoast-seo-wordpress\/ -->\n<title>MV0070- Mazzo carte Kete Moon Special Edition - BazarBonino<\/title>\n<meta name=\"robots\" content=\"index, follow, max-snippet:-1, max-image-preview:large, max-video-preview:-1\" \/>\n<link rel=\"canonical\" href=\"https:\/\/www.bazarbonino.com\/store\/prodotto\/mv0070-mazzo-carte-kete-moon-special-edition\/\" \/>\n<meta property=\"og:locale\" content=\"it_IT\" \/>\n<meta property=\"og:type\" content=\"article\" \/>\n<meta property=\"og:title\" content=\"MV0070- Mazzo carte Kete Moon Special Edition - BazarBonino\" \/>\n<meta property=\"og:description\" content=\"Kete Moon, il mazzo d&#8217;esordio omonimo, \u00e8 andato esaurito piuttosto rapidamente nel 2015. Ora \u00e8 tornato, \u00e8 in edizione limitata ed \u00e8 pi\u00f9 splendido che mai! L&#8217;elevata raffinatezza dell&#8217;astuccio fornisce non solo una &#8220;migliore immagine&#8221;, ma anche &#8220;una maggiore immagine&#8221;. Mettete una carta sulla mano per sentire la trama bellissima! Questa edizione speciale utilizza un [&hellip;]\" \/>\n<meta property=\"og:url\" content=\"https:\/\/www.bazarbonino.com\/store\/prodotto\/mv0070-mazzo-carte-kete-moon-special-edition\/\" \/>\n<meta property=\"og:site_name\" content=\"BazarBonino\" \/>\n<meta property=\"article:publisher\" content=\"https:\/\/www.facebook.com\/bazar.bonino\" \/>\n<meta property=\"article:modified_time\" content=\"2026-05-02T07:01:42+00:00\" \/>\n<meta property=\"og:image\" content=\"https:\/\/www.bazarbonino.com\/store\/wp-content\/uploads\/2017\/03\/MV0070-Mazzo-carte-Kete-Moon-Special-Edition.jpg\" \/>\n\t<meta property=\"og:image:width\" content=\"800\" \/>\n\t<meta property=\"og:image:height\" content=\"600\" \/>\n\t<meta property=\"og:image:type\" content=\"image\/jpeg\" \/>\n<meta name=\"twitter:card\" content=\"summary_large_image\" \/>\n<meta name=\"twitter:label1\" content=\"Tempo di lettura stimato\" \/>\n\t<meta name=\"twitter:data1\" content=\"1 minuto\" \/>\n<script type=\"application\/ld+json\" class=\"yoast-schema-graph\">{\"@context\":\"https:\\\/\\\/schema.org\",\"@graph\":[{\"@type\":\"WebPage\",\"@id\":\"https:\\\/\\\/www.bazarbonino.com\\\/store\\\/prodotto\\\/mv0070-mazzo-carte-kete-moon-special-edition\\\/\",\"url\":\"https:\\\/\\\/www.bazarbonino.com\\\/store\\\/prodotto\\\/mv0070-mazzo-carte-kete-moon-special-edition\\\/\",\"name\":\"MV0070- Mazzo carte Kete Moon Special Edition - BazarBonino\",\"isPartOf\":{\"@id\":\"https:\\\/\\\/www.bazarbonino.com\\\/store\\\/#website\"},\"primaryImageOfPage\":{\"@id\":\"https:\\\/\\\/www.bazarbonino.com\\\/store\\\/prodotto\\\/mv0070-mazzo-carte-kete-moon-special-edition\\\/#primaryimage\"},\"image\":{\"@id\":\"https:\\\/\\\/www.bazarbonino.com\\\/store\\\/prodotto\\\/mv0070-mazzo-carte-kete-moon-special-edition\\\/#primaryimage\"},\"thumbnailUrl\":\"https:\\\/\\\/www.bazarbonino.com\\\/store\\\/wp-content\\\/uploads\\\/2017\\\/03\\\/MV0070-Mazzo-carte-Kete-Moon-Special-Edition.jpg\",\"datePublished\":\"2017-03-17T13:49:13+00:00\",\"dateModified\":\"2026-05-02T07:01:42+00:00\",\"breadcrumb\":{\"@id\":\"https:\\\/\\\/www.bazarbonino.com\\\/store\\\/prodotto\\\/mv0070-mazzo-carte-kete-moon-special-edition\\\/#breadcrumb\"},\"inLanguage\":\"it-IT\",\"potentialAction\":[{\"@type\":\"ReadAction\",\"target\":[\"https:\\\/\\\/www.bazarbonino.com\\\/store\\\/prodotto\\\/mv0070-mazzo-carte-kete-moon-special-edition\\\/\"]}]},{\"@type\":\"ImageObject\",\"inLanguage\":\"it-IT\",\"@id\":\"https:\\\/\\\/www.bazarbonino.com\\\/store\\\/prodotto\\\/mv0070-mazzo-carte-kete-moon-special-edition\\\/#primaryimage\",\"url\":\"https:\\\/\\\/www.bazarbonino.com\\\/store\\\/wp-content\\\/uploads\\\/2017\\\/03\\\/MV0070-Mazzo-carte-Kete-Moon-Special-Edition.jpg\",\"contentUrl\":\"https:\\\/\\\/www.bazarbonino.com\\\/store\\\/wp-content\\\/uploads\\\/2017\\\/03\\\/MV0070-Mazzo-carte-Kete-Moon-Special-Edition.jpg\",\"width\":800,\"height\":600,\"caption\":\"MV0070- Mazzo carte Kete Moon Special Edition\"},{\"@type\":\"BreadcrumbList\",\"@id\":\"https:\\\/\\\/www.bazarbonino.com\\\/store\\\/prodotto\\\/mv0070-mazzo-carte-kete-moon-special-edition\\\/#breadcrumb\",\"itemListElement\":[{\"@type\":\"ListItem\",\"position\":1,\"name\":\"Home\",\"item\":\"https:\\\/\\\/www.bazarbonino.com\\\/store\\\/\"},{\"@type\":\"ListItem\",\"position\":2,\"name\":\"Catalogo\",\"item\":\"https:\\\/\\\/www.bazarbonino.com\\\/store\\\/shop\\\/\"},{\"@type\":\"ListItem\",\"position\":3,\"name\":\"MV0070- Mazzo carte Kete Moon Special Edition\"}]},{\"@type\":\"WebSite\",\"@id\":\"https:\\\/\\\/www.bazarbonino.com\\\/store\\\/#website\",\"url\":\"https:\\\/\\\/www.bazarbonino.com\\\/store\\\/\",\"name\":\"BazarBonino\",\"description\":\"\",\"potentialAction\":[{\"@type\":\"SearchAction\",\"target\":{\"@type\":\"EntryPoint\",\"urlTemplate\":\"https:\\\/\\\/www.bazarbonino.com\\\/store\\\/?s={search_term_string}\"},\"query-input\":{\"@type\":\"PropertyValueSpecification\",\"valueRequired\":true,\"valueName\":\"search_term_string\"}}],\"inLanguage\":\"it-IT\"}]}<\/script>\n<!-- \/ Yoast SEO plugin. -->","yoast_head_json":{"title":"MV0070- Mazzo carte Kete Moon Special Edition - BazarBonino","robots":{"index":"index","follow":"follow","max-snippet":"max-snippet:-1","max-image-preview":"max-image-preview:large","max-video-preview":"max-video-preview:-1"},"canonical":"https:\/\/www.bazarbonino.com\/store\/prodotto\/mv0070-mazzo-carte-kete-moon-special-edition\/","og_locale":"it_IT","og_type":"article","og_title":"MV0070- Mazzo carte Kete Moon Special Edition - BazarBonino","og_description":"Kete Moon, il mazzo d&#8217;esordio omonimo, \u00e8 andato esaurito piuttosto rapidamente nel 2015. Ora \u00e8 tornato, \u00e8 in edizione limitata ed \u00e8 pi\u00f9 splendido che mai! L&#8217;elevata raffinatezza dell&#8217;astuccio fornisce non solo una &#8220;migliore immagine&#8221;, ma anche &#8220;una maggiore immagine&#8221;. Mettete una carta sulla mano per sentire la trama bellissima! Questa edizione speciale utilizza un [&hellip;]","og_url":"https:\/\/www.bazarbonino.com\/store\/prodotto\/mv0070-mazzo-carte-kete-moon-special-edition\/","og_site_name":"BazarBonino","article_publisher":"https:\/\/www.facebook.com\/bazar.bonino","article_modified_time":"2026-05-02T07:01:42+00:00","og_image":[{"width":800,"height":600,"url":"https:\/\/www.bazarbonino.com\/store\/wp-content\/uploads\/2017\/03\/MV0070-Mazzo-carte-Kete-Moon-Special-Edition.jpg","type":"image\/jpeg"}],"twitter_card":"summary_large_image","twitter_misc":{"Tempo di lettura stimato":"1 minuto"},"schema":{"@context":"https:\/\/schema.org","@graph":[{"@type":"WebPage","@id":"https:\/\/www.bazarbonino.com\/store\/prodotto\/mv0070-mazzo-carte-kete-moon-special-edition\/","url":"https:\/\/www.bazarbonino.com\/store\/prodotto\/mv0070-mazzo-carte-kete-moon-special-edition\/","name":"MV0070- Mazzo carte Kete Moon Special Edition - BazarBonino","isPartOf":{"@id":"https:\/\/www.bazarbonino.com\/store\/#website"},"primaryImageOfPage":{"@id":"https:\/\/www.bazarbonino.com\/store\/prodotto\/mv0070-mazzo-carte-kete-moon-special-edition\/#primaryimage"},"image":{"@id":"https:\/\/www.bazarbonino.com\/store\/prodotto\/mv0070-mazzo-carte-kete-moon-special-edition\/#primaryimage"},"thumbnailUrl":"https:\/\/www.bazarbonino.com\/store\/wp-content\/uploads\/2017\/03\/MV0070-Mazzo-carte-Kete-Moon-Special-Edition.jpg","datePublished":"2017-03-17T13:49:13+00:00","dateModified":"2026-05-02T07:01:42+00:00","breadcrumb":{"@id":"https:\/\/www.bazarbonino.com\/store\/prodotto\/mv0070-mazzo-carte-kete-moon-special-edition\/#breadcrumb"},"inLanguage":"it-IT","potentialAction":[{"@type":"ReadAction","target":["https:\/\/www.bazarbonino.com\/store\/prodotto\/mv0070-mazzo-carte-kete-moon-special-edition\/"]}]},{"@type":"ImageObject","inLanguage":"it-IT","@id":"https:\/\/www.bazarbonino.com\/store\/prodotto\/mv0070-mazzo-carte-kete-moon-special-edition\/#primaryimage","url":"https:\/\/www.bazarbonino.com\/store\/wp-content\/uploads\/2017\/03\/MV0070-Mazzo-carte-Kete-Moon-Special-Edition.jpg","contentUrl":"https:\/\/www.bazarbonino.com\/store\/wp-content\/uploads\/2017\/03\/MV0070-Mazzo-carte-Kete-Moon-Special-Edition.jpg","width":800,"height":600,"caption":"MV0070- Mazzo carte Kete Moon Special Edition"},{"@type":"BreadcrumbList","@id":"https:\/\/www.bazarbonino.com\/store\/prodotto\/mv0070-mazzo-carte-kete-moon-special-edition\/#breadcrumb","itemListElement":[{"@type":"ListItem","position":1,"name":"Home","item":"https:\/\/www.bazarbonino.com\/store\/"},{"@type":"ListItem","position":2,"name":"Catalogo","item":"https:\/\/www.bazarbonino.com\/store\/shop\/"},{"@type":"ListItem","position":3,"name":"MV0070- Mazzo carte Kete Moon Special Edition"}]},{"@type":"WebSite","@id":"https:\/\/www.bazarbonino.com\/store\/#website","url":"https:\/\/www.bazarbonino.com\/store\/","name":"BazarBonino","description":"","potentialAction":[{"@type":"SearchAction","target":{"@type":"EntryPoint","urlTemplate":"https:\/\/www.bazarbonino.com\/store\/?s={search_term_string}"},"query-input":{"@type":"PropertyValueSpecification","valueRequired":true,"valueName":"search_term_string"}}],"inLanguage":"it-IT"}]}},"_links":{"self":[{"href":"https:\/\/www.bazarbonino.com\/store\/wp-json\/wp\/v2\/product\/10583","targetHints":{"allow":["GET"]}}],"collection":[{"href":"https:\/\/www.bazarbonino.com\/store\/wp-json\/wp\/v2\/product"}],"about":[{"href":"https:\/\/www.bazarbonino.com\/store\/wp-json\/wp\/v2\/types\/product"}],"replies":[{"embeddable":true,"href":"https:\/\/www.bazarbonino.com\/store\/wp-json\/wp\/v2\/comments?post=10583"}],"wp:featuredmedia":[{"embeddable":true,"href":"https:\/\/www.bazarbonino.com\/store\/wp-json\/wp\/v2\/media\/10584"}],"wp:attachment":[{"href":"https:\/\/www.bazarbonino.com\/store\/wp-json\/wp\/v2\/media?parent=10583"}],"wp:term":[{"taxonomy":"product_brand","embeddable":true,"href":"https:\/\/www.bazarbonino.com\/store\/wp-json\/wp\/v2\/product_brand?post=10583"},{"taxonomy":"product_cat","embeddable":true,"href":"https:\/\/www.bazarbonino.com\/store\/wp-json\/wp\/v2\/product_cat?post=10583"},{"taxonomy":"product_tag","embeddable":true,"href":"https:\/\/www.bazarbonino.com\/store\/wp-json\/wp\/v2\/product_tag?post=10583"}],"curies":[{"name":"wp","href":"https:\/\/api.w.org\/{rel}","templated":true}]}}