{"id":10573,"date":"2017-03-17T12:24:05","date_gmt":"2017-03-17T11:24:05","guid":{"rendered":"http:\/\/www.bazarbonino.com\/store\/?post_type=product&#038;p=10573"},"modified":"2026-03-25T18:56:33","modified_gmt":"2026-03-25T17:56:33","slug":"mty025-mazzo-carte-deck-one-by-theory-11","status":"publish","type":"product","link":"https:\/\/www.bazarbonino.com\/store\/prodotto\/mty025-mazzo-carte-deck-one-by-theory-11\/","title":{"rendered":"MTY025 &#8211; Mazzo Carte Deck One by Theory 11"},"content":{"rendered":"<div id=\"stcpDiv\">Deck One \u00e8 diverso da qualsiasi mazzo di carte da gioco che abbiate mai visto. La scatola irradia una lucentezza metallica e bronzata e il risultato \u00e8 amore al primo tocco. Carte da gioco veramente uniche, mai viste prima. La prima edizione si \u00e8 esaurita in tempi record. L&#8217;ultima edizione \u00e8 ora disponibile. Mentre il mazzo rimane lo stesso della prima edizione, l&#8217;astuccio \u00e8 stato ridisegnato per mostrare perfettamente la visione artistica originale di Homer. In effetti, la nuova scatola metallica assomiglia alla scatola originale dopo essersi logorata per diverse settimane in una tasca della giacca &#8211; cos\u00ec risparmiate tempo! L&#8217;astuccio \u00e8 di carta del 25% pi\u00f9 spessa rispetto all&#8217;astuccio delle Sentinel, ed \u00e8 rivestito con una vernice resistente. Queste cart\u00e8 s\u00ec che saranno protette. Deck One riporta con orgoglio un&#8217;illustrazione originale di Homer Liwag per l&#8217;astuccio, il dorso, i Jokers, l&#8217;asso di picche e anche per ogni figura. I re, regine, e jack trasudano una patina unica. L&#8217;ispirazione Industriale di Deck One attinge da oltre 30 anni di televisione e design della produzione di film, concept art, e illustrazione.&#8221;Volevo che il disegno tornasse a mostrarsi pesante &#8211; come le gigantesche macchine ultraterrene in esso rappresentate. Per l&#8217;astuccio ho creato un look militare, con la stampa di un acciaio scuro utilizzando un cartoncino metallico ed effetti di stampa e goffratura sottili.&#8221; D1IE \u00e8 l&#8217;unione perfetta tra la formazione di Homer riguardo il design Industriale e la sua passione per l&#8217;arte concettuale dei lungometraggi: semplice, elegante e dal design moderno. Le carte sono in formato poker.<\/div>\n","protected":false},"excerpt":{"rendered":"<p>Deck One \u00e8 diverso da qualsiasi mazzo di carte da gioco che abbiate mai visto. La scatola irradia una lucentezza metallica e bronzata e il risultato \u00e8 amore al primo tocco. Carte da gioco veramente uniche, mai viste prima. La prima edizione si \u00e8 esaurita in tempi record. L&#8217;ultima edizione \u00e8 ora disponibile. Mentre il [&hellip;]<\/p>\n","protected":false},"featured_media":10574,"comment_status":"closed","ping_status":"closed","template":"","meta":{"_et_pb_use_builder":"","_et_pb_old_content":"","_et_gb_content_width":""},"product_brand":[],"product_cat":[1507],"product_tag":[1613],"class_list":{"0":"post-10573","1":"product","2":"type-product","3":"status-publish","4":"has-post-thumbnail","6":"product_cat-mazzi-di-carte-theory11","7":"product_tag-mazzo-carte-deck-one-by-theory-11","9":"first","10":"instock","11":"sale","12":"taxable","13":"shipping-taxable","14":"purchasable","15":"product-type-simple"},"yoast_head":"<!-- This site is optimized with the Yoast SEO plugin v27.4 - https:\/\/yoast.com\/product\/yoast-seo-wordpress\/ -->\n<title>MTY025 - Mazzo Carte Deck One by Theory 11 - BazarBonino<\/title>\n<meta name=\"robots\" content=\"index, follow, max-snippet:-1, max-image-preview:large, max-video-preview:-1\" \/>\n<link rel=\"canonical\" href=\"https:\/\/www.bazarbonino.com\/store\/prodotto\/mty025-mazzo-carte-deck-one-by-theory-11\/\" \/>\n<meta property=\"og:locale\" content=\"it_IT\" \/>\n<meta property=\"og:type\" content=\"article\" \/>\n<meta property=\"og:title\" content=\"MTY025 - Mazzo Carte Deck One by Theory 11 - BazarBonino\" \/>\n<meta property=\"og:description\" content=\"Deck One \u00e8 diverso da qualsiasi mazzo di carte da gioco che abbiate mai visto. La scatola irradia una lucentezza metallica e bronzata e il risultato \u00e8 amore al primo tocco. Carte da gioco veramente uniche, mai viste prima. La prima edizione si \u00e8 esaurita in tempi record. L&#8217;ultima edizione \u00e8 ora disponibile. Mentre il [&hellip;]\" \/>\n<meta property=\"og:url\" content=\"https:\/\/www.bazarbonino.com\/store\/prodotto\/mty025-mazzo-carte-deck-one-by-theory-11\/\" \/>\n<meta property=\"og:site_name\" content=\"BazarBonino\" \/>\n<meta property=\"article:publisher\" content=\"https:\/\/www.facebook.com\/bazar.bonino\" \/>\n<meta property=\"article:modified_time\" content=\"2026-03-25T17:56:33+00:00\" \/>\n<meta property=\"og:image\" content=\"https:\/\/www.bazarbonino.com\/store\/wp-content\/uploads\/2017\/03\/MTY025-Mazzo-Carte-Deck-One-by-Theory-11.jpg\" \/>\n\t<meta property=\"og:image:width\" content=\"800\" \/>\n\t<meta property=\"og:image:height\" content=\"600\" \/>\n\t<meta property=\"og:image:type\" content=\"image\/jpeg\" \/>\n<meta name=\"twitter:card\" content=\"summary_large_image\" \/>\n<meta name=\"twitter:label1\" content=\"Tempo di lettura stimato\" \/>\n\t<meta name=\"twitter:data1\" content=\"1 minuto\" \/>\n<script type=\"application\/ld+json\" class=\"yoast-schema-graph\">{\"@context\":\"https:\\\/\\\/schema.org\",\"@graph\":[{\"@type\":\"WebPage\",\"@id\":\"https:\\\/\\\/www.bazarbonino.com\\\/store\\\/prodotto\\\/mty025-mazzo-carte-deck-one-by-theory-11\\\/\",\"url\":\"https:\\\/\\\/www.bazarbonino.com\\\/store\\\/prodotto\\\/mty025-mazzo-carte-deck-one-by-theory-11\\\/\",\"name\":\"MTY025 - Mazzo Carte Deck One by Theory 11 - BazarBonino\",\"isPartOf\":{\"@id\":\"https:\\\/\\\/www.bazarbonino.com\\\/store\\\/#website\"},\"primaryImageOfPage\":{\"@id\":\"https:\\\/\\\/www.bazarbonino.com\\\/store\\\/prodotto\\\/mty025-mazzo-carte-deck-one-by-theory-11\\\/#primaryimage\"},\"image\":{\"@id\":\"https:\\\/\\\/www.bazarbonino.com\\\/store\\\/prodotto\\\/mty025-mazzo-carte-deck-one-by-theory-11\\\/#primaryimage\"},\"thumbnailUrl\":\"https:\\\/\\\/www.bazarbonino.com\\\/store\\\/wp-content\\\/uploads\\\/2017\\\/03\\\/MTY025-Mazzo-Carte-Deck-One-by-Theory-11.jpg\",\"datePublished\":\"2017-03-17T11:24:05+00:00\",\"dateModified\":\"2026-03-25T17:56:33+00:00\",\"breadcrumb\":{\"@id\":\"https:\\\/\\\/www.bazarbonino.com\\\/store\\\/prodotto\\\/mty025-mazzo-carte-deck-one-by-theory-11\\\/#breadcrumb\"},\"inLanguage\":\"it-IT\",\"potentialAction\":[{\"@type\":\"ReadAction\",\"target\":[\"https:\\\/\\\/www.bazarbonino.com\\\/store\\\/prodotto\\\/mty025-mazzo-carte-deck-one-by-theory-11\\\/\"]}]},{\"@type\":\"ImageObject\",\"inLanguage\":\"it-IT\",\"@id\":\"https:\\\/\\\/www.bazarbonino.com\\\/store\\\/prodotto\\\/mty025-mazzo-carte-deck-one-by-theory-11\\\/#primaryimage\",\"url\":\"https:\\\/\\\/www.bazarbonino.com\\\/store\\\/wp-content\\\/uploads\\\/2017\\\/03\\\/MTY025-Mazzo-Carte-Deck-One-by-Theory-11.jpg\",\"contentUrl\":\"https:\\\/\\\/www.bazarbonino.com\\\/store\\\/wp-content\\\/uploads\\\/2017\\\/03\\\/MTY025-Mazzo-Carte-Deck-One-by-Theory-11.jpg\",\"width\":800,\"height\":600,\"caption\":\"MTY025 - Mazzo Carte Deck One by Theory 11\"},{\"@type\":\"BreadcrumbList\",\"@id\":\"https:\\\/\\\/www.bazarbonino.com\\\/store\\\/prodotto\\\/mty025-mazzo-carte-deck-one-by-theory-11\\\/#breadcrumb\",\"itemListElement\":[{\"@type\":\"ListItem\",\"position\":1,\"name\":\"Home\",\"item\":\"https:\\\/\\\/www.bazarbonino.com\\\/store\\\/\"},{\"@type\":\"ListItem\",\"position\":2,\"name\":\"Catalogo\",\"item\":\"https:\\\/\\\/www.bazarbonino.com\\\/store\\\/shop\\\/\"},{\"@type\":\"ListItem\",\"position\":3,\"name\":\"MTY025 &#8211; Mazzo Carte Deck One by Theory 11\"}]},{\"@type\":\"WebSite\",\"@id\":\"https:\\\/\\\/www.bazarbonino.com\\\/store\\\/#website\",\"url\":\"https:\\\/\\\/www.bazarbonino.com\\\/store\\\/\",\"name\":\"BazarBonino\",\"description\":\"\",\"potentialAction\":[{\"@type\":\"SearchAction\",\"target\":{\"@type\":\"EntryPoint\",\"urlTemplate\":\"https:\\\/\\\/www.bazarbonino.com\\\/store\\\/?s={search_term_string}\"},\"query-input\":{\"@type\":\"PropertyValueSpecification\",\"valueRequired\":true,\"valueName\":\"search_term_string\"}}],\"inLanguage\":\"it-IT\"}]}<\/script>\n<!-- \/ Yoast SEO plugin. -->","yoast_head_json":{"title":"MTY025 - Mazzo Carte Deck One by Theory 11 - BazarBonino","robots":{"index":"index","follow":"follow","max-snippet":"max-snippet:-1","max-image-preview":"max-image-preview:large","max-video-preview":"max-video-preview:-1"},"canonical":"https:\/\/www.bazarbonino.com\/store\/prodotto\/mty025-mazzo-carte-deck-one-by-theory-11\/","og_locale":"it_IT","og_type":"article","og_title":"MTY025 - Mazzo Carte Deck One by Theory 11 - BazarBonino","og_description":"Deck One \u00e8 diverso da qualsiasi mazzo di carte da gioco che abbiate mai visto. La scatola irradia una lucentezza metallica e bronzata e il risultato \u00e8 amore al primo tocco. Carte da gioco veramente uniche, mai viste prima. La prima edizione si \u00e8 esaurita in tempi record. L&#8217;ultima edizione \u00e8 ora disponibile. Mentre il [&hellip;]","og_url":"https:\/\/www.bazarbonino.com\/store\/prodotto\/mty025-mazzo-carte-deck-one-by-theory-11\/","og_site_name":"BazarBonino","article_publisher":"https:\/\/www.facebook.com\/bazar.bonino","article_modified_time":"2026-03-25T17:56:33+00:00","og_image":[{"width":800,"height":600,"url":"https:\/\/www.bazarbonino.com\/store\/wp-content\/uploads\/2017\/03\/MTY025-Mazzo-Carte-Deck-One-by-Theory-11.jpg","type":"image\/jpeg"}],"twitter_card":"summary_large_image","twitter_misc":{"Tempo di lettura stimato":"1 minuto"},"schema":{"@context":"https:\/\/schema.org","@graph":[{"@type":"WebPage","@id":"https:\/\/www.bazarbonino.com\/store\/prodotto\/mty025-mazzo-carte-deck-one-by-theory-11\/","url":"https:\/\/www.bazarbonino.com\/store\/prodotto\/mty025-mazzo-carte-deck-one-by-theory-11\/","name":"MTY025 - Mazzo Carte Deck One by Theory 11 - BazarBonino","isPartOf":{"@id":"https:\/\/www.bazarbonino.com\/store\/#website"},"primaryImageOfPage":{"@id":"https:\/\/www.bazarbonino.com\/store\/prodotto\/mty025-mazzo-carte-deck-one-by-theory-11\/#primaryimage"},"image":{"@id":"https:\/\/www.bazarbonino.com\/store\/prodotto\/mty025-mazzo-carte-deck-one-by-theory-11\/#primaryimage"},"thumbnailUrl":"https:\/\/www.bazarbonino.com\/store\/wp-content\/uploads\/2017\/03\/MTY025-Mazzo-Carte-Deck-One-by-Theory-11.jpg","datePublished":"2017-03-17T11:24:05+00:00","dateModified":"2026-03-25T17:56:33+00:00","breadcrumb":{"@id":"https:\/\/www.bazarbonino.com\/store\/prodotto\/mty025-mazzo-carte-deck-one-by-theory-11\/#breadcrumb"},"inLanguage":"it-IT","potentialAction":[{"@type":"ReadAction","target":["https:\/\/www.bazarbonino.com\/store\/prodotto\/mty025-mazzo-carte-deck-one-by-theory-11\/"]}]},{"@type":"ImageObject","inLanguage":"it-IT","@id":"https:\/\/www.bazarbonino.com\/store\/prodotto\/mty025-mazzo-carte-deck-one-by-theory-11\/#primaryimage","url":"https:\/\/www.bazarbonino.com\/store\/wp-content\/uploads\/2017\/03\/MTY025-Mazzo-Carte-Deck-One-by-Theory-11.jpg","contentUrl":"https:\/\/www.bazarbonino.com\/store\/wp-content\/uploads\/2017\/03\/MTY025-Mazzo-Carte-Deck-One-by-Theory-11.jpg","width":800,"height":600,"caption":"MTY025 - Mazzo Carte Deck One by Theory 11"},{"@type":"BreadcrumbList","@id":"https:\/\/www.bazarbonino.com\/store\/prodotto\/mty025-mazzo-carte-deck-one-by-theory-11\/#breadcrumb","itemListElement":[{"@type":"ListItem","position":1,"name":"Home","item":"https:\/\/www.bazarbonino.com\/store\/"},{"@type":"ListItem","position":2,"name":"Catalogo","item":"https:\/\/www.bazarbonino.com\/store\/shop\/"},{"@type":"ListItem","position":3,"name":"MTY025 &#8211; Mazzo Carte Deck One by Theory 11"}]},{"@type":"WebSite","@id":"https:\/\/www.bazarbonino.com\/store\/#website","url":"https:\/\/www.bazarbonino.com\/store\/","name":"BazarBonino","description":"","potentialAction":[{"@type":"SearchAction","target":{"@type":"EntryPoint","urlTemplate":"https:\/\/www.bazarbonino.com\/store\/?s={search_term_string}"},"query-input":{"@type":"PropertyValueSpecification","valueRequired":true,"valueName":"search_term_string"}}],"inLanguage":"it-IT"}]}},"_links":{"self":[{"href":"https:\/\/www.bazarbonino.com\/store\/wp-json\/wp\/v2\/product\/10573","targetHints":{"allow":["GET"]}}],"collection":[{"href":"https:\/\/www.bazarbonino.com\/store\/wp-json\/wp\/v2\/product"}],"about":[{"href":"https:\/\/www.bazarbonino.com\/store\/wp-json\/wp\/v2\/types\/product"}],"replies":[{"embeddable":true,"href":"https:\/\/www.bazarbonino.com\/store\/wp-json\/wp\/v2\/comments?post=10573"}],"wp:featuredmedia":[{"embeddable":true,"href":"https:\/\/www.bazarbonino.com\/store\/wp-json\/wp\/v2\/media\/10574"}],"wp:attachment":[{"href":"https:\/\/www.bazarbonino.com\/store\/wp-json\/wp\/v2\/media?parent=10573"}],"wp:term":[{"taxonomy":"product_brand","embeddable":true,"href":"https:\/\/www.bazarbonino.com\/store\/wp-json\/wp\/v2\/product_brand?post=10573"},{"taxonomy":"product_cat","embeddable":true,"href":"https:\/\/www.bazarbonino.com\/store\/wp-json\/wp\/v2\/product_cat?post=10573"},{"taxonomy":"product_tag","embeddable":true,"href":"https:\/\/www.bazarbonino.com\/store\/wp-json\/wp\/v2\/product_tag?post=10573"}],"curies":[{"name":"wp","href":"https:\/\/api.w.org\/{rel}","templated":true}]}}