{"id":10557,"date":"2017-03-17T11:12:35","date_gmt":"2017-03-17T10:12:35","guid":{"rendered":"http:\/\/www.bazarbonino.com\/store\/?post_type=product&#038;p=10557"},"modified":"2022-05-04T19:34:21","modified_gmt":"2022-05-04T17:34:21","slug":"mty070-mazzo-carte-bicycle-52-proof-v2","status":"publish","type":"product","link":"https:\/\/www.bazarbonino.com\/store\/prodotto\/mty070-mazzo-carte-bicycle-52-proof-v2\/","title":{"rendered":"MTY070 &#8211; Mazzo Carte Bicycle 52 Proof V2"},"content":{"rendered":"<p>Uno dei mazzi di carte presente nella prestigiosa serie &#8220;Prohibition&#8221; \u00e8 disponibile ora anche come simgolo articolo. Una quercia \u00e8 presentata sia sul lato anteriore della scatolina che sul sigillo personalizzato. Il motivo della pianta della quercia \u00e8 presente in tutte le carte, dall&#8217;asso di picche al design del retro. Prima del proibizionismo i bar erano frequentati prevalentemente dal sesso maschile, negli anni 20&#8242; diventeranno invece luoghi frequentati anche dal gentil sesso! un mazzo di carte ispirato da immagini d&#8217;epoca art-deco per disegnare e concepire le carte delle figure. Un mazzo da collezionare firmato Ellusionist USA.<\/p>\n","protected":false},"excerpt":{"rendered":"<p>Uno dei mazzi di carte presente nella prestigiosa serie &#8220;Prohibition&#8221; \u00e8 disponibile ora anche come simgolo articolo. Una quercia \u00e8 presentata sia sul lato anteriore della scatolina che sul sigillo personalizzato. Il motivo della pianta della quercia \u00e8 presente in tutte le carte, dall&#8217;asso di picche al design del retro. Prima del proibizionismo i bar [&hellip;]<\/p>\n","protected":false},"featured_media":10669,"comment_status":"closed","ping_status":"closed","template":"","meta":{"_et_pb_use_builder":"","_et_pb_old_content":"","_et_gb_content_width":""},"product_brand":[],"product_cat":[1506],"product_tag":[1608],"class_list":{"0":"post-10557","1":"product","2":"type-product","3":"status-publish","4":"has-post-thumbnail","6":"product_cat-mazzi-di-carte-ellusionist","7":"product_tag-mazzo-carte-bicycle-52-proof-v2","9":"first","10":"instock","11":"taxable","12":"shipping-taxable","13":"purchasable","14":"product-type-simple"},"yoast_head":"<!-- This site is optimized with the Yoast SEO plugin v27.4 - https:\/\/yoast.com\/product\/yoast-seo-wordpress\/ -->\n<title>MTY070 - Mazzo Carte Bicycle 52 Proof V2 - BazarBonino<\/title>\n<meta name=\"robots\" content=\"index, follow, max-snippet:-1, max-image-preview:large, max-video-preview:-1\" \/>\n<link rel=\"canonical\" href=\"https:\/\/www.bazarbonino.com\/store\/prodotto\/mty070-mazzo-carte-bicycle-52-proof-v2\/\" \/>\n<meta property=\"og:locale\" content=\"it_IT\" \/>\n<meta property=\"og:type\" content=\"article\" \/>\n<meta property=\"og:title\" content=\"MTY070 - Mazzo Carte Bicycle 52 Proof V2 - BazarBonino\" \/>\n<meta property=\"og:description\" content=\"Uno dei mazzi di carte presente nella prestigiosa serie &#8220;Prohibition&#8221; \u00e8 disponibile ora anche come simgolo articolo. Una quercia \u00e8 presentata sia sul lato anteriore della scatolina che sul sigillo personalizzato. Il motivo della pianta della quercia \u00e8 presente in tutte le carte, dall&#8217;asso di picche al design del retro. Prima del proibizionismo i bar [&hellip;]\" \/>\n<meta property=\"og:url\" content=\"https:\/\/www.bazarbonino.com\/store\/prodotto\/mty070-mazzo-carte-bicycle-52-proof-v2\/\" \/>\n<meta property=\"og:site_name\" content=\"BazarBonino\" \/>\n<meta property=\"article:publisher\" content=\"https:\/\/www.facebook.com\/bazar.bonino\" \/>\n<meta property=\"article:modified_time\" content=\"2022-05-04T17:34:21+00:00\" \/>\n<meta property=\"og:image\" content=\"https:\/\/www.bazarbonino.com\/store\/wp-content\/uploads\/2017\/03\/MTY070-Mazzo-Carte-Bicycle-52-Proof-V2-1.jpg\" \/>\n\t<meta property=\"og:image:width\" content=\"915\" \/>\n\t<meta property=\"og:image:height\" content=\"515\" \/>\n\t<meta property=\"og:image:type\" content=\"image\/jpeg\" \/>\n<meta name=\"twitter:card\" content=\"summary_large_image\" \/>\n<script type=\"application\/ld+json\" class=\"yoast-schema-graph\">{\"@context\":\"https:\\\/\\\/schema.org\",\"@graph\":[{\"@type\":\"WebPage\",\"@id\":\"https:\\\/\\\/www.bazarbonino.com\\\/store\\\/prodotto\\\/mty070-mazzo-carte-bicycle-52-proof-v2\\\/\",\"url\":\"https:\\\/\\\/www.bazarbonino.com\\\/store\\\/prodotto\\\/mty070-mazzo-carte-bicycle-52-proof-v2\\\/\",\"name\":\"MTY070 - Mazzo Carte Bicycle 52 Proof V2 - BazarBonino\",\"isPartOf\":{\"@id\":\"https:\\\/\\\/www.bazarbonino.com\\\/store\\\/#website\"},\"primaryImageOfPage\":{\"@id\":\"https:\\\/\\\/www.bazarbonino.com\\\/store\\\/prodotto\\\/mty070-mazzo-carte-bicycle-52-proof-v2\\\/#primaryimage\"},\"image\":{\"@id\":\"https:\\\/\\\/www.bazarbonino.com\\\/store\\\/prodotto\\\/mty070-mazzo-carte-bicycle-52-proof-v2\\\/#primaryimage\"},\"thumbnailUrl\":\"https:\\\/\\\/www.bazarbonino.com\\\/store\\\/wp-content\\\/uploads\\\/2017\\\/03\\\/MTY070-Mazzo-Carte-Bicycle-52-Proof-V2-1.jpg\",\"datePublished\":\"2017-03-17T10:12:35+00:00\",\"dateModified\":\"2022-05-04T17:34:21+00:00\",\"breadcrumb\":{\"@id\":\"https:\\\/\\\/www.bazarbonino.com\\\/store\\\/prodotto\\\/mty070-mazzo-carte-bicycle-52-proof-v2\\\/#breadcrumb\"},\"inLanguage\":\"it-IT\",\"potentialAction\":[{\"@type\":\"ReadAction\",\"target\":[\"https:\\\/\\\/www.bazarbonino.com\\\/store\\\/prodotto\\\/mty070-mazzo-carte-bicycle-52-proof-v2\\\/\"]}]},{\"@type\":\"ImageObject\",\"inLanguage\":\"it-IT\",\"@id\":\"https:\\\/\\\/www.bazarbonino.com\\\/store\\\/prodotto\\\/mty070-mazzo-carte-bicycle-52-proof-v2\\\/#primaryimage\",\"url\":\"https:\\\/\\\/www.bazarbonino.com\\\/store\\\/wp-content\\\/uploads\\\/2017\\\/03\\\/MTY070-Mazzo-Carte-Bicycle-52-Proof-V2-1.jpg\",\"contentUrl\":\"https:\\\/\\\/www.bazarbonino.com\\\/store\\\/wp-content\\\/uploads\\\/2017\\\/03\\\/MTY070-Mazzo-Carte-Bicycle-52-Proof-V2-1.jpg\",\"width\":915,\"height\":515,\"caption\":\"MTY070 - Mazzo Carte Bicycle 52 Proof V2\"},{\"@type\":\"BreadcrumbList\",\"@id\":\"https:\\\/\\\/www.bazarbonino.com\\\/store\\\/prodotto\\\/mty070-mazzo-carte-bicycle-52-proof-v2\\\/#breadcrumb\",\"itemListElement\":[{\"@type\":\"ListItem\",\"position\":1,\"name\":\"Home\",\"item\":\"https:\\\/\\\/www.bazarbonino.com\\\/store\\\/\"},{\"@type\":\"ListItem\",\"position\":2,\"name\":\"Catalogo\",\"item\":\"https:\\\/\\\/www.bazarbonino.com\\\/store\\\/shop\\\/\"},{\"@type\":\"ListItem\",\"position\":3,\"name\":\"MTY070 &#8211; Mazzo Carte Bicycle 52 Proof V2\"}]},{\"@type\":\"WebSite\",\"@id\":\"https:\\\/\\\/www.bazarbonino.com\\\/store\\\/#website\",\"url\":\"https:\\\/\\\/www.bazarbonino.com\\\/store\\\/\",\"name\":\"BazarBonino\",\"description\":\"\",\"potentialAction\":[{\"@type\":\"SearchAction\",\"target\":{\"@type\":\"EntryPoint\",\"urlTemplate\":\"https:\\\/\\\/www.bazarbonino.com\\\/store\\\/?s={search_term_string}\"},\"query-input\":{\"@type\":\"PropertyValueSpecification\",\"valueRequired\":true,\"valueName\":\"search_term_string\"}}],\"inLanguage\":\"it-IT\"}]}<\/script>\n<!-- \/ Yoast SEO plugin. -->","yoast_head_json":{"title":"MTY070 - Mazzo Carte Bicycle 52 Proof V2 - BazarBonino","robots":{"index":"index","follow":"follow","max-snippet":"max-snippet:-1","max-image-preview":"max-image-preview:large","max-video-preview":"max-video-preview:-1"},"canonical":"https:\/\/www.bazarbonino.com\/store\/prodotto\/mty070-mazzo-carte-bicycle-52-proof-v2\/","og_locale":"it_IT","og_type":"article","og_title":"MTY070 - Mazzo Carte Bicycle 52 Proof V2 - BazarBonino","og_description":"Uno dei mazzi di carte presente nella prestigiosa serie &#8220;Prohibition&#8221; \u00e8 disponibile ora anche come simgolo articolo. Una quercia \u00e8 presentata sia sul lato anteriore della scatolina che sul sigillo personalizzato. Il motivo della pianta della quercia \u00e8 presente in tutte le carte, dall&#8217;asso di picche al design del retro. Prima del proibizionismo i bar [&hellip;]","og_url":"https:\/\/www.bazarbonino.com\/store\/prodotto\/mty070-mazzo-carte-bicycle-52-proof-v2\/","og_site_name":"BazarBonino","article_publisher":"https:\/\/www.facebook.com\/bazar.bonino","article_modified_time":"2022-05-04T17:34:21+00:00","og_image":[{"width":915,"height":515,"url":"https:\/\/www.bazarbonino.com\/store\/wp-content\/uploads\/2017\/03\/MTY070-Mazzo-Carte-Bicycle-52-Proof-V2-1.jpg","type":"image\/jpeg"}],"twitter_card":"summary_large_image","schema":{"@context":"https:\/\/schema.org","@graph":[{"@type":"WebPage","@id":"https:\/\/www.bazarbonino.com\/store\/prodotto\/mty070-mazzo-carte-bicycle-52-proof-v2\/","url":"https:\/\/www.bazarbonino.com\/store\/prodotto\/mty070-mazzo-carte-bicycle-52-proof-v2\/","name":"MTY070 - Mazzo Carte Bicycle 52 Proof V2 - BazarBonino","isPartOf":{"@id":"https:\/\/www.bazarbonino.com\/store\/#website"},"primaryImageOfPage":{"@id":"https:\/\/www.bazarbonino.com\/store\/prodotto\/mty070-mazzo-carte-bicycle-52-proof-v2\/#primaryimage"},"image":{"@id":"https:\/\/www.bazarbonino.com\/store\/prodotto\/mty070-mazzo-carte-bicycle-52-proof-v2\/#primaryimage"},"thumbnailUrl":"https:\/\/www.bazarbonino.com\/store\/wp-content\/uploads\/2017\/03\/MTY070-Mazzo-Carte-Bicycle-52-Proof-V2-1.jpg","datePublished":"2017-03-17T10:12:35+00:00","dateModified":"2022-05-04T17:34:21+00:00","breadcrumb":{"@id":"https:\/\/www.bazarbonino.com\/store\/prodotto\/mty070-mazzo-carte-bicycle-52-proof-v2\/#breadcrumb"},"inLanguage":"it-IT","potentialAction":[{"@type":"ReadAction","target":["https:\/\/www.bazarbonino.com\/store\/prodotto\/mty070-mazzo-carte-bicycle-52-proof-v2\/"]}]},{"@type":"ImageObject","inLanguage":"it-IT","@id":"https:\/\/www.bazarbonino.com\/store\/prodotto\/mty070-mazzo-carte-bicycle-52-proof-v2\/#primaryimage","url":"https:\/\/www.bazarbonino.com\/store\/wp-content\/uploads\/2017\/03\/MTY070-Mazzo-Carte-Bicycle-52-Proof-V2-1.jpg","contentUrl":"https:\/\/www.bazarbonino.com\/store\/wp-content\/uploads\/2017\/03\/MTY070-Mazzo-Carte-Bicycle-52-Proof-V2-1.jpg","width":915,"height":515,"caption":"MTY070 - Mazzo Carte Bicycle 52 Proof V2"},{"@type":"BreadcrumbList","@id":"https:\/\/www.bazarbonino.com\/store\/prodotto\/mty070-mazzo-carte-bicycle-52-proof-v2\/#breadcrumb","itemListElement":[{"@type":"ListItem","position":1,"name":"Home","item":"https:\/\/www.bazarbonino.com\/store\/"},{"@type":"ListItem","position":2,"name":"Catalogo","item":"https:\/\/www.bazarbonino.com\/store\/shop\/"},{"@type":"ListItem","position":3,"name":"MTY070 &#8211; Mazzo Carte Bicycle 52 Proof V2"}]},{"@type":"WebSite","@id":"https:\/\/www.bazarbonino.com\/store\/#website","url":"https:\/\/www.bazarbonino.com\/store\/","name":"BazarBonino","description":"","potentialAction":[{"@type":"SearchAction","target":{"@type":"EntryPoint","urlTemplate":"https:\/\/www.bazarbonino.com\/store\/?s={search_term_string}"},"query-input":{"@type":"PropertyValueSpecification","valueRequired":true,"valueName":"search_term_string"}}],"inLanguage":"it-IT"}]}},"_links":{"self":[{"href":"https:\/\/www.bazarbonino.com\/store\/wp-json\/wp\/v2\/product\/10557","targetHints":{"allow":["GET"]}}],"collection":[{"href":"https:\/\/www.bazarbonino.com\/store\/wp-json\/wp\/v2\/product"}],"about":[{"href":"https:\/\/www.bazarbonino.com\/store\/wp-json\/wp\/v2\/types\/product"}],"replies":[{"embeddable":true,"href":"https:\/\/www.bazarbonino.com\/store\/wp-json\/wp\/v2\/comments?post=10557"}],"wp:featuredmedia":[{"embeddable":true,"href":"https:\/\/www.bazarbonino.com\/store\/wp-json\/wp\/v2\/media\/10669"}],"wp:attachment":[{"href":"https:\/\/www.bazarbonino.com\/store\/wp-json\/wp\/v2\/media?parent=10557"}],"wp:term":[{"taxonomy":"product_brand","embeddable":true,"href":"https:\/\/www.bazarbonino.com\/store\/wp-json\/wp\/v2\/product_brand?post=10557"},{"taxonomy":"product_cat","embeddable":true,"href":"https:\/\/www.bazarbonino.com\/store\/wp-json\/wp\/v2\/product_cat?post=10557"},{"taxonomy":"product_tag","embeddable":true,"href":"https:\/\/www.bazarbonino.com\/store\/wp-json\/wp\/v2\/product_tag?post=10557"}],"curies":[{"name":"wp","href":"https:\/\/api.w.org\/{rel}","templated":true}]}}