{"id":10506,"date":"2017-03-16T14:26:25","date_gmt":"2017-03-16T13:26:25","guid":{"rendered":"http:\/\/www.bazarbonino.com\/store\/?post_type=product&#038;p=10506"},"modified":"2024-09-27T06:59:27","modified_gmt":"2024-09-27T04:59:27","slug":"mb0280-mazzo-carte-bicycle-stained-glass","status":"publish","type":"product","link":"https:\/\/www.bazarbonino.com\/store\/prodotto\/mb0280-mazzo-carte-bicycle-stained-glass\/","title":{"rendered":"MB0280 &#8211; Mazzo Carte Bicycle Stained Glass"},"content":{"rendered":"<div id=\"stcpDiv\">C&#8217;\u00e8 forse qualcosa di pi\u00f9 magico di un caleidoscopio? Frammenti di vetro o plastica colorati che dentro ad un tubo creano una molteplicit\u00e0 di strutture simmetriche. Questo mazzo di carte ha la stessa magia, lo stesso fascino. Un mazzo coloratissimo, che arricchir\u00e0 la vostra collezione di mazzi Bicycle! Le carte sono della marca Bicycle.<\/div>\n","protected":false},"excerpt":{"rendered":"<p>C&#8217;\u00e8 forse qualcosa di pi\u00f9 magico di un caleidoscopio? Frammenti di vetro o plastica colorati che dentro ad un tubo creano una molteplicit\u00e0 di strutture simmetriche. Questo mazzo di carte ha la stessa magia, lo stesso fascino. Un mazzo coloratissimo, che arricchir\u00e0 la vostra collezione di mazzi Bicycle! Le carte sono della marca Bicycle.<\/p>\n","protected":false},"featured_media":10507,"comment_status":"closed","ping_status":"closed","template":"","meta":{"_et_pb_use_builder":"","_et_pb_old_content":"","_et_gb_content_width":""},"product_brand":[],"product_cat":[1505],"product_tag":[1591],"class_list":{"0":"post-10506","1":"product","2":"type-product","3":"status-publish","4":"has-post-thumbnail","6":"product_cat-mazzi-di-carte-bicycle","7":"product_tag-mazzo-carte-bicycle-stained-glass","9":"first","10":"outofstock","11":"taxable","12":"shipping-taxable","13":"purchasable","14":"product-type-simple"},"yoast_head":"<!-- This site is optimized with the Yoast SEO plugin v27.4 - https:\/\/yoast.com\/product\/yoast-seo-wordpress\/ -->\n<title>MB0280 - Mazzo Carte Bicycle Stained Glass - BazarBonino<\/title>\n<meta name=\"robots\" content=\"index, follow, max-snippet:-1, max-image-preview:large, max-video-preview:-1\" \/>\n<link rel=\"canonical\" href=\"https:\/\/www.bazarbonino.com\/store\/prodotto\/mb0280-mazzo-carte-bicycle-stained-glass\/\" \/>\n<meta property=\"og:locale\" content=\"it_IT\" \/>\n<meta property=\"og:type\" content=\"article\" \/>\n<meta property=\"og:title\" content=\"MB0280 - Mazzo Carte Bicycle Stained Glass - BazarBonino\" \/>\n<meta property=\"og:description\" content=\"C&#8217;\u00e8 forse qualcosa di pi\u00f9 magico di un caleidoscopio? Frammenti di vetro o plastica colorati che dentro ad un tubo creano una molteplicit\u00e0 di strutture simmetriche. Questo mazzo di carte ha la stessa magia, lo stesso fascino. Un mazzo coloratissimo, che arricchir\u00e0 la vostra collezione di mazzi Bicycle! Le carte sono della marca Bicycle.\" \/>\n<meta property=\"og:url\" content=\"https:\/\/www.bazarbonino.com\/store\/prodotto\/mb0280-mazzo-carte-bicycle-stained-glass\/\" \/>\n<meta property=\"og:site_name\" content=\"BazarBonino\" \/>\n<meta property=\"article:publisher\" content=\"https:\/\/www.facebook.com\/bazar.bonino\" \/>\n<meta property=\"article:modified_time\" content=\"2024-09-27T04:59:27+00:00\" \/>\n<meta property=\"og:image\" content=\"https:\/\/www.bazarbonino.com\/store\/wp-content\/uploads\/2017\/03\/MB0280-Mazzo-Carte-Bicycle-Stained-Glass.jpg\" \/>\n\t<meta property=\"og:image:width\" content=\"800\" \/>\n\t<meta property=\"og:image:height\" content=\"600\" \/>\n\t<meta property=\"og:image:type\" content=\"image\/jpeg\" \/>\n<meta name=\"twitter:card\" content=\"summary_large_image\" \/>\n<script type=\"application\/ld+json\" class=\"yoast-schema-graph\">{\"@context\":\"https:\\\/\\\/schema.org\",\"@graph\":[{\"@type\":\"WebPage\",\"@id\":\"https:\\\/\\\/www.bazarbonino.com\\\/store\\\/prodotto\\\/mb0280-mazzo-carte-bicycle-stained-glass\\\/\",\"url\":\"https:\\\/\\\/www.bazarbonino.com\\\/store\\\/prodotto\\\/mb0280-mazzo-carte-bicycle-stained-glass\\\/\",\"name\":\"MB0280 - Mazzo Carte Bicycle Stained Glass - BazarBonino\",\"isPartOf\":{\"@id\":\"https:\\\/\\\/www.bazarbonino.com\\\/store\\\/#website\"},\"primaryImageOfPage\":{\"@id\":\"https:\\\/\\\/www.bazarbonino.com\\\/store\\\/prodotto\\\/mb0280-mazzo-carte-bicycle-stained-glass\\\/#primaryimage\"},\"image\":{\"@id\":\"https:\\\/\\\/www.bazarbonino.com\\\/store\\\/prodotto\\\/mb0280-mazzo-carte-bicycle-stained-glass\\\/#primaryimage\"},\"thumbnailUrl\":\"https:\\\/\\\/www.bazarbonino.com\\\/store\\\/wp-content\\\/uploads\\\/2017\\\/03\\\/MB0280-Mazzo-Carte-Bicycle-Stained-Glass.jpg\",\"datePublished\":\"2017-03-16T13:26:25+00:00\",\"dateModified\":\"2024-09-27T04:59:27+00:00\",\"breadcrumb\":{\"@id\":\"https:\\\/\\\/www.bazarbonino.com\\\/store\\\/prodotto\\\/mb0280-mazzo-carte-bicycle-stained-glass\\\/#breadcrumb\"},\"inLanguage\":\"it-IT\",\"potentialAction\":[{\"@type\":\"ReadAction\",\"target\":[\"https:\\\/\\\/www.bazarbonino.com\\\/store\\\/prodotto\\\/mb0280-mazzo-carte-bicycle-stained-glass\\\/\"]}]},{\"@type\":\"ImageObject\",\"inLanguage\":\"it-IT\",\"@id\":\"https:\\\/\\\/www.bazarbonino.com\\\/store\\\/prodotto\\\/mb0280-mazzo-carte-bicycle-stained-glass\\\/#primaryimage\",\"url\":\"https:\\\/\\\/www.bazarbonino.com\\\/store\\\/wp-content\\\/uploads\\\/2017\\\/03\\\/MB0280-Mazzo-Carte-Bicycle-Stained-Glass.jpg\",\"contentUrl\":\"https:\\\/\\\/www.bazarbonino.com\\\/store\\\/wp-content\\\/uploads\\\/2017\\\/03\\\/MB0280-Mazzo-Carte-Bicycle-Stained-Glass.jpg\",\"width\":800,\"height\":600,\"caption\":\"MB0280 - Mazzo Carte Bicycle Stained Glass\"},{\"@type\":\"BreadcrumbList\",\"@id\":\"https:\\\/\\\/www.bazarbonino.com\\\/store\\\/prodotto\\\/mb0280-mazzo-carte-bicycle-stained-glass\\\/#breadcrumb\",\"itemListElement\":[{\"@type\":\"ListItem\",\"position\":1,\"name\":\"Home\",\"item\":\"https:\\\/\\\/www.bazarbonino.com\\\/store\\\/\"},{\"@type\":\"ListItem\",\"position\":2,\"name\":\"Catalogo\",\"item\":\"https:\\\/\\\/www.bazarbonino.com\\\/store\\\/shop\\\/\"},{\"@type\":\"ListItem\",\"position\":3,\"name\":\"MB0280 &#8211; Mazzo Carte Bicycle Stained Glass\"}]},{\"@type\":\"WebSite\",\"@id\":\"https:\\\/\\\/www.bazarbonino.com\\\/store\\\/#website\",\"url\":\"https:\\\/\\\/www.bazarbonino.com\\\/store\\\/\",\"name\":\"BazarBonino\",\"description\":\"\",\"potentialAction\":[{\"@type\":\"SearchAction\",\"target\":{\"@type\":\"EntryPoint\",\"urlTemplate\":\"https:\\\/\\\/www.bazarbonino.com\\\/store\\\/?s={search_term_string}\"},\"query-input\":{\"@type\":\"PropertyValueSpecification\",\"valueRequired\":true,\"valueName\":\"search_term_string\"}}],\"inLanguage\":\"it-IT\"}]}<\/script>\n<!-- \/ Yoast SEO plugin. -->","yoast_head_json":{"title":"MB0280 - Mazzo Carte Bicycle Stained Glass - BazarBonino","robots":{"index":"index","follow":"follow","max-snippet":"max-snippet:-1","max-image-preview":"max-image-preview:large","max-video-preview":"max-video-preview:-1"},"canonical":"https:\/\/www.bazarbonino.com\/store\/prodotto\/mb0280-mazzo-carte-bicycle-stained-glass\/","og_locale":"it_IT","og_type":"article","og_title":"MB0280 - Mazzo Carte Bicycle Stained Glass - BazarBonino","og_description":"C&#8217;\u00e8 forse qualcosa di pi\u00f9 magico di un caleidoscopio? Frammenti di vetro o plastica colorati che dentro ad un tubo creano una molteplicit\u00e0 di strutture simmetriche. Questo mazzo di carte ha la stessa magia, lo stesso fascino. Un mazzo coloratissimo, che arricchir\u00e0 la vostra collezione di mazzi Bicycle! Le carte sono della marca Bicycle.","og_url":"https:\/\/www.bazarbonino.com\/store\/prodotto\/mb0280-mazzo-carte-bicycle-stained-glass\/","og_site_name":"BazarBonino","article_publisher":"https:\/\/www.facebook.com\/bazar.bonino","article_modified_time":"2024-09-27T04:59:27+00:00","og_image":[{"width":800,"height":600,"url":"https:\/\/www.bazarbonino.com\/store\/wp-content\/uploads\/2017\/03\/MB0280-Mazzo-Carte-Bicycle-Stained-Glass.jpg","type":"image\/jpeg"}],"twitter_card":"summary_large_image","schema":{"@context":"https:\/\/schema.org","@graph":[{"@type":"WebPage","@id":"https:\/\/www.bazarbonino.com\/store\/prodotto\/mb0280-mazzo-carte-bicycle-stained-glass\/","url":"https:\/\/www.bazarbonino.com\/store\/prodotto\/mb0280-mazzo-carte-bicycle-stained-glass\/","name":"MB0280 - Mazzo Carte Bicycle Stained Glass - BazarBonino","isPartOf":{"@id":"https:\/\/www.bazarbonino.com\/store\/#website"},"primaryImageOfPage":{"@id":"https:\/\/www.bazarbonino.com\/store\/prodotto\/mb0280-mazzo-carte-bicycle-stained-glass\/#primaryimage"},"image":{"@id":"https:\/\/www.bazarbonino.com\/store\/prodotto\/mb0280-mazzo-carte-bicycle-stained-glass\/#primaryimage"},"thumbnailUrl":"https:\/\/www.bazarbonino.com\/store\/wp-content\/uploads\/2017\/03\/MB0280-Mazzo-Carte-Bicycle-Stained-Glass.jpg","datePublished":"2017-03-16T13:26:25+00:00","dateModified":"2024-09-27T04:59:27+00:00","breadcrumb":{"@id":"https:\/\/www.bazarbonino.com\/store\/prodotto\/mb0280-mazzo-carte-bicycle-stained-glass\/#breadcrumb"},"inLanguage":"it-IT","potentialAction":[{"@type":"ReadAction","target":["https:\/\/www.bazarbonino.com\/store\/prodotto\/mb0280-mazzo-carte-bicycle-stained-glass\/"]}]},{"@type":"ImageObject","inLanguage":"it-IT","@id":"https:\/\/www.bazarbonino.com\/store\/prodotto\/mb0280-mazzo-carte-bicycle-stained-glass\/#primaryimage","url":"https:\/\/www.bazarbonino.com\/store\/wp-content\/uploads\/2017\/03\/MB0280-Mazzo-Carte-Bicycle-Stained-Glass.jpg","contentUrl":"https:\/\/www.bazarbonino.com\/store\/wp-content\/uploads\/2017\/03\/MB0280-Mazzo-Carte-Bicycle-Stained-Glass.jpg","width":800,"height":600,"caption":"MB0280 - Mazzo Carte Bicycle Stained Glass"},{"@type":"BreadcrumbList","@id":"https:\/\/www.bazarbonino.com\/store\/prodotto\/mb0280-mazzo-carte-bicycle-stained-glass\/#breadcrumb","itemListElement":[{"@type":"ListItem","position":1,"name":"Home","item":"https:\/\/www.bazarbonino.com\/store\/"},{"@type":"ListItem","position":2,"name":"Catalogo","item":"https:\/\/www.bazarbonino.com\/store\/shop\/"},{"@type":"ListItem","position":3,"name":"MB0280 &#8211; Mazzo Carte Bicycle Stained Glass"}]},{"@type":"WebSite","@id":"https:\/\/www.bazarbonino.com\/store\/#website","url":"https:\/\/www.bazarbonino.com\/store\/","name":"BazarBonino","description":"","potentialAction":[{"@type":"SearchAction","target":{"@type":"EntryPoint","urlTemplate":"https:\/\/www.bazarbonino.com\/store\/?s={search_term_string}"},"query-input":{"@type":"PropertyValueSpecification","valueRequired":true,"valueName":"search_term_string"}}],"inLanguage":"it-IT"}]}},"_links":{"self":[{"href":"https:\/\/www.bazarbonino.com\/store\/wp-json\/wp\/v2\/product\/10506","targetHints":{"allow":["GET"]}}],"collection":[{"href":"https:\/\/www.bazarbonino.com\/store\/wp-json\/wp\/v2\/product"}],"about":[{"href":"https:\/\/www.bazarbonino.com\/store\/wp-json\/wp\/v2\/types\/product"}],"replies":[{"embeddable":true,"href":"https:\/\/www.bazarbonino.com\/store\/wp-json\/wp\/v2\/comments?post=10506"}],"wp:featuredmedia":[{"embeddable":true,"href":"https:\/\/www.bazarbonino.com\/store\/wp-json\/wp\/v2\/media\/10507"}],"wp:attachment":[{"href":"https:\/\/www.bazarbonino.com\/store\/wp-json\/wp\/v2\/media?parent=10506"}],"wp:term":[{"taxonomy":"product_brand","embeddable":true,"href":"https:\/\/www.bazarbonino.com\/store\/wp-json\/wp\/v2\/product_brand?post=10506"},{"taxonomy":"product_cat","embeddable":true,"href":"https:\/\/www.bazarbonino.com\/store\/wp-json\/wp\/v2\/product_cat?post=10506"},{"taxonomy":"product_tag","embeddable":true,"href":"https:\/\/www.bazarbonino.com\/store\/wp-json\/wp\/v2\/product_tag?post=10506"}],"curies":[{"name":"wp","href":"https:\/\/api.w.org\/{rel}","templated":true}]}}