{"id":10415,"date":"2017-03-15T23:56:26","date_gmt":"2017-03-15T22:56:26","guid":{"rendered":"http:\/\/www.bazarbonino.com\/store\/?post_type=product&#038;p=10415"},"modified":"2024-02-04T14:15:01","modified_gmt":"2024-02-04T13:15:01","slug":"mb0130-mazzo-carte-bicycle-chic","status":"publish","type":"product","link":"https:\/\/www.bazarbonino.com\/store\/prodotto\/mb0130-mazzo-carte-bicycle-chic\/","title":{"rendered":"MB0130 &#8211; Mazzo Carte Bicycle Chic"},"content":{"rendered":"<div id=\"stcpDiv\">Ispirato ai dorati anni venti, racchiude il lusso classico.L&#8217;utilizzo di materiali nobili soddisfa senza compromessi i pi\u00f9 alti standard in ogni dettaglio del mazzo, dove il design classico incontra il glamour contemporaneo. Un&#8217;interpretazione senza tempo di un mazzo di carte da gioco elegante e seducente. Appositamente progettato per gli appassionati di carte da gioco, questo mazzo incarna quei valori che istintivamente identifichiamo con fascino, eleganza, e raffinatezza: chic! Questo mazzo \u00e8 una combinazione squisita di elementi armonici e dettagli mozzafiato, con materiali di altissima qualit\u00e0. Quando si apre la prima cosa che si nota \u00e8 la finitura liscia come la seta. Il mazzo \u00e8 vestito in tonalit\u00e0 vibranti dorate e inchiostri rossi, che lo faranno maneggiare come in un sogno e sentire come il velluto. I volti sono riccamente decorati e il dorso trasuda l&#8217;eleganza e la classe di un periodo d&#8217;oro. L&#8217;arte che avvogle le carte \u00e8 stata curata faticosamente e maniacalmente, in maniera artigianale, dalle facce ai semi. Tutto \u00e8 disegnato a mano. Unico e senza tempo. Classico e contemporaneo. Da collezione, le carte sono della marca Bicycle.<\/div>\n","protected":false},"excerpt":{"rendered":"<p>Ispirato ai dorati anni venti, racchiude il lusso classico.L&#8217;utilizzo di materiali nobili soddisfa senza compromessi i pi\u00f9 alti standard in ogni dettaglio del mazzo, dove il design classico incontra il glamour contemporaneo. Un&#8217;interpretazione senza tempo di un mazzo di carte da gioco elegante e seducente. Appositamente progettato per gli appassionati di carte da gioco, questo [&hellip;]<\/p>\n","protected":false},"featured_media":10416,"comment_status":"closed","ping_status":"closed","template":"","meta":{"_et_pb_use_builder":"","_et_pb_old_content":"","_et_gb_content_width":""},"product_brand":[],"product_cat":[1505],"product_tag":[1561],"class_list":{"0":"post-10415","1":"product","2":"type-product","3":"status-publish","4":"has-post-thumbnail","6":"product_cat-mazzi-di-carte-bicycle","7":"product_tag-mazzo-carte-bicycle-chic","9":"first","10":"outofstock","11":"taxable","12":"shipping-taxable","13":"purchasable","14":"product-type-simple"},"yoast_head":"<!-- This site is optimized with the Yoast SEO plugin v27.4 - https:\/\/yoast.com\/product\/yoast-seo-wordpress\/ -->\n<title>MB0130 - Mazzo Carte Bicycle Chic - BazarBonino<\/title>\n<meta name=\"robots\" content=\"index, follow, max-snippet:-1, max-image-preview:large, max-video-preview:-1\" \/>\n<link rel=\"canonical\" href=\"https:\/\/www.bazarbonino.com\/store\/prodotto\/mb0130-mazzo-carte-bicycle-chic\/\" \/>\n<meta property=\"og:locale\" content=\"it_IT\" \/>\n<meta property=\"og:type\" content=\"article\" \/>\n<meta property=\"og:title\" content=\"MB0130 - Mazzo Carte Bicycle Chic - BazarBonino\" \/>\n<meta property=\"og:description\" content=\"Ispirato ai dorati anni venti, racchiude il lusso classico.L&#8217;utilizzo di materiali nobili soddisfa senza compromessi i pi\u00f9 alti standard in ogni dettaglio del mazzo, dove il design classico incontra il glamour contemporaneo. Un&#8217;interpretazione senza tempo di un mazzo di carte da gioco elegante e seducente. Appositamente progettato per gli appassionati di carte da gioco, questo [&hellip;]\" \/>\n<meta property=\"og:url\" content=\"https:\/\/www.bazarbonino.com\/store\/prodotto\/mb0130-mazzo-carte-bicycle-chic\/\" \/>\n<meta property=\"og:site_name\" content=\"BazarBonino\" \/>\n<meta property=\"article:publisher\" content=\"https:\/\/www.facebook.com\/bazar.bonino\" \/>\n<meta property=\"article:modified_time\" content=\"2024-02-04T13:15:01+00:00\" \/>\n<meta property=\"og:image\" content=\"https:\/\/www.bazarbonino.com\/store\/wp-content\/uploads\/2017\/03\/MB0130-Mazzo-Carte-Bicycle-Chic.jpg\" \/>\n\t<meta property=\"og:image:width\" content=\"800\" \/>\n\t<meta property=\"og:image:height\" content=\"600\" \/>\n\t<meta property=\"og:image:type\" content=\"image\/jpeg\" \/>\n<meta name=\"twitter:card\" content=\"summary_large_image\" \/>\n<meta name=\"twitter:label1\" content=\"Tempo di lettura stimato\" \/>\n\t<meta name=\"twitter:data1\" content=\"1 minuto\" \/>\n<script type=\"application\/ld+json\" class=\"yoast-schema-graph\">{\"@context\":\"https:\\\/\\\/schema.org\",\"@graph\":[{\"@type\":\"WebPage\",\"@id\":\"https:\\\/\\\/www.bazarbonino.com\\\/store\\\/prodotto\\\/mb0130-mazzo-carte-bicycle-chic\\\/\",\"url\":\"https:\\\/\\\/www.bazarbonino.com\\\/store\\\/prodotto\\\/mb0130-mazzo-carte-bicycle-chic\\\/\",\"name\":\"MB0130 - Mazzo Carte Bicycle Chic - BazarBonino\",\"isPartOf\":{\"@id\":\"https:\\\/\\\/www.bazarbonino.com\\\/store\\\/#website\"},\"primaryImageOfPage\":{\"@id\":\"https:\\\/\\\/www.bazarbonino.com\\\/store\\\/prodotto\\\/mb0130-mazzo-carte-bicycle-chic\\\/#primaryimage\"},\"image\":{\"@id\":\"https:\\\/\\\/www.bazarbonino.com\\\/store\\\/prodotto\\\/mb0130-mazzo-carte-bicycle-chic\\\/#primaryimage\"},\"thumbnailUrl\":\"https:\\\/\\\/www.bazarbonino.com\\\/store\\\/wp-content\\\/uploads\\\/2017\\\/03\\\/MB0130-Mazzo-Carte-Bicycle-Chic.jpg\",\"datePublished\":\"2017-03-15T22:56:26+00:00\",\"dateModified\":\"2024-02-04T13:15:01+00:00\",\"breadcrumb\":{\"@id\":\"https:\\\/\\\/www.bazarbonino.com\\\/store\\\/prodotto\\\/mb0130-mazzo-carte-bicycle-chic\\\/#breadcrumb\"},\"inLanguage\":\"it-IT\",\"potentialAction\":[{\"@type\":\"ReadAction\",\"target\":[\"https:\\\/\\\/www.bazarbonino.com\\\/store\\\/prodotto\\\/mb0130-mazzo-carte-bicycle-chic\\\/\"]}]},{\"@type\":\"ImageObject\",\"inLanguage\":\"it-IT\",\"@id\":\"https:\\\/\\\/www.bazarbonino.com\\\/store\\\/prodotto\\\/mb0130-mazzo-carte-bicycle-chic\\\/#primaryimage\",\"url\":\"https:\\\/\\\/www.bazarbonino.com\\\/store\\\/wp-content\\\/uploads\\\/2017\\\/03\\\/MB0130-Mazzo-Carte-Bicycle-Chic.jpg\",\"contentUrl\":\"https:\\\/\\\/www.bazarbonino.com\\\/store\\\/wp-content\\\/uploads\\\/2017\\\/03\\\/MB0130-Mazzo-Carte-Bicycle-Chic.jpg\",\"width\":800,\"height\":600,\"caption\":\"MB0130 - Mazzo Carte Bicycle Chic\"},{\"@type\":\"BreadcrumbList\",\"@id\":\"https:\\\/\\\/www.bazarbonino.com\\\/store\\\/prodotto\\\/mb0130-mazzo-carte-bicycle-chic\\\/#breadcrumb\",\"itemListElement\":[{\"@type\":\"ListItem\",\"position\":1,\"name\":\"Home\",\"item\":\"https:\\\/\\\/www.bazarbonino.com\\\/store\\\/\"},{\"@type\":\"ListItem\",\"position\":2,\"name\":\"Catalogo\",\"item\":\"https:\\\/\\\/www.bazarbonino.com\\\/store\\\/shop\\\/\"},{\"@type\":\"ListItem\",\"position\":3,\"name\":\"MB0130 &#8211; Mazzo Carte Bicycle Chic\"}]},{\"@type\":\"WebSite\",\"@id\":\"https:\\\/\\\/www.bazarbonino.com\\\/store\\\/#website\",\"url\":\"https:\\\/\\\/www.bazarbonino.com\\\/store\\\/\",\"name\":\"BazarBonino\",\"description\":\"\",\"potentialAction\":[{\"@type\":\"SearchAction\",\"target\":{\"@type\":\"EntryPoint\",\"urlTemplate\":\"https:\\\/\\\/www.bazarbonino.com\\\/store\\\/?s={search_term_string}\"},\"query-input\":{\"@type\":\"PropertyValueSpecification\",\"valueRequired\":true,\"valueName\":\"search_term_string\"}}],\"inLanguage\":\"it-IT\"}]}<\/script>\n<!-- \/ Yoast SEO plugin. -->","yoast_head_json":{"title":"MB0130 - Mazzo Carte Bicycle Chic - BazarBonino","robots":{"index":"index","follow":"follow","max-snippet":"max-snippet:-1","max-image-preview":"max-image-preview:large","max-video-preview":"max-video-preview:-1"},"canonical":"https:\/\/www.bazarbonino.com\/store\/prodotto\/mb0130-mazzo-carte-bicycle-chic\/","og_locale":"it_IT","og_type":"article","og_title":"MB0130 - Mazzo Carte Bicycle Chic - BazarBonino","og_description":"Ispirato ai dorati anni venti, racchiude il lusso classico.L&#8217;utilizzo di materiali nobili soddisfa senza compromessi i pi\u00f9 alti standard in ogni dettaglio del mazzo, dove il design classico incontra il glamour contemporaneo. Un&#8217;interpretazione senza tempo di un mazzo di carte da gioco elegante e seducente. Appositamente progettato per gli appassionati di carte da gioco, questo [&hellip;]","og_url":"https:\/\/www.bazarbonino.com\/store\/prodotto\/mb0130-mazzo-carte-bicycle-chic\/","og_site_name":"BazarBonino","article_publisher":"https:\/\/www.facebook.com\/bazar.bonino","article_modified_time":"2024-02-04T13:15:01+00:00","og_image":[{"width":800,"height":600,"url":"https:\/\/www.bazarbonino.com\/store\/wp-content\/uploads\/2017\/03\/MB0130-Mazzo-Carte-Bicycle-Chic.jpg","type":"image\/jpeg"}],"twitter_card":"summary_large_image","twitter_misc":{"Tempo di lettura stimato":"1 minuto"},"schema":{"@context":"https:\/\/schema.org","@graph":[{"@type":"WebPage","@id":"https:\/\/www.bazarbonino.com\/store\/prodotto\/mb0130-mazzo-carte-bicycle-chic\/","url":"https:\/\/www.bazarbonino.com\/store\/prodotto\/mb0130-mazzo-carte-bicycle-chic\/","name":"MB0130 - Mazzo Carte Bicycle Chic - BazarBonino","isPartOf":{"@id":"https:\/\/www.bazarbonino.com\/store\/#website"},"primaryImageOfPage":{"@id":"https:\/\/www.bazarbonino.com\/store\/prodotto\/mb0130-mazzo-carte-bicycle-chic\/#primaryimage"},"image":{"@id":"https:\/\/www.bazarbonino.com\/store\/prodotto\/mb0130-mazzo-carte-bicycle-chic\/#primaryimage"},"thumbnailUrl":"https:\/\/www.bazarbonino.com\/store\/wp-content\/uploads\/2017\/03\/MB0130-Mazzo-Carte-Bicycle-Chic.jpg","datePublished":"2017-03-15T22:56:26+00:00","dateModified":"2024-02-04T13:15:01+00:00","breadcrumb":{"@id":"https:\/\/www.bazarbonino.com\/store\/prodotto\/mb0130-mazzo-carte-bicycle-chic\/#breadcrumb"},"inLanguage":"it-IT","potentialAction":[{"@type":"ReadAction","target":["https:\/\/www.bazarbonino.com\/store\/prodotto\/mb0130-mazzo-carte-bicycle-chic\/"]}]},{"@type":"ImageObject","inLanguage":"it-IT","@id":"https:\/\/www.bazarbonino.com\/store\/prodotto\/mb0130-mazzo-carte-bicycle-chic\/#primaryimage","url":"https:\/\/www.bazarbonino.com\/store\/wp-content\/uploads\/2017\/03\/MB0130-Mazzo-Carte-Bicycle-Chic.jpg","contentUrl":"https:\/\/www.bazarbonino.com\/store\/wp-content\/uploads\/2017\/03\/MB0130-Mazzo-Carte-Bicycle-Chic.jpg","width":800,"height":600,"caption":"MB0130 - Mazzo Carte Bicycle Chic"},{"@type":"BreadcrumbList","@id":"https:\/\/www.bazarbonino.com\/store\/prodotto\/mb0130-mazzo-carte-bicycle-chic\/#breadcrumb","itemListElement":[{"@type":"ListItem","position":1,"name":"Home","item":"https:\/\/www.bazarbonino.com\/store\/"},{"@type":"ListItem","position":2,"name":"Catalogo","item":"https:\/\/www.bazarbonino.com\/store\/shop\/"},{"@type":"ListItem","position":3,"name":"MB0130 &#8211; Mazzo Carte Bicycle Chic"}]},{"@type":"WebSite","@id":"https:\/\/www.bazarbonino.com\/store\/#website","url":"https:\/\/www.bazarbonino.com\/store\/","name":"BazarBonino","description":"","potentialAction":[{"@type":"SearchAction","target":{"@type":"EntryPoint","urlTemplate":"https:\/\/www.bazarbonino.com\/store\/?s={search_term_string}"},"query-input":{"@type":"PropertyValueSpecification","valueRequired":true,"valueName":"search_term_string"}}],"inLanguage":"it-IT"}]}},"_links":{"self":[{"href":"https:\/\/www.bazarbonino.com\/store\/wp-json\/wp\/v2\/product\/10415","targetHints":{"allow":["GET"]}}],"collection":[{"href":"https:\/\/www.bazarbonino.com\/store\/wp-json\/wp\/v2\/product"}],"about":[{"href":"https:\/\/www.bazarbonino.com\/store\/wp-json\/wp\/v2\/types\/product"}],"replies":[{"embeddable":true,"href":"https:\/\/www.bazarbonino.com\/store\/wp-json\/wp\/v2\/comments?post=10415"}],"wp:featuredmedia":[{"embeddable":true,"href":"https:\/\/www.bazarbonino.com\/store\/wp-json\/wp\/v2\/media\/10416"}],"wp:attachment":[{"href":"https:\/\/www.bazarbonino.com\/store\/wp-json\/wp\/v2\/media?parent=10415"}],"wp:term":[{"taxonomy":"product_brand","embeddable":true,"href":"https:\/\/www.bazarbonino.com\/store\/wp-json\/wp\/v2\/product_brand?post=10415"},{"taxonomy":"product_cat","embeddable":true,"href":"https:\/\/www.bazarbonino.com\/store\/wp-json\/wp\/v2\/product_cat?post=10415"},{"taxonomy":"product_tag","embeddable":true,"href":"https:\/\/www.bazarbonino.com\/store\/wp-json\/wp\/v2\/product_tag?post=10415"}],"curies":[{"name":"wp","href":"https:\/\/api.w.org\/{rel}","templated":true}]}}