{"id":10403,"date":"2017-03-15T23:28:46","date_gmt":"2017-03-15T22:28:46","guid":{"rendered":"http:\/\/www.bazarbonino.com\/store\/?post_type=product&#038;p=10403"},"modified":"2024-10-03T16:13:42","modified_gmt":"2024-10-03T14:13:42","slug":"mb0110-mazzo-carte-bicycle-aves-nero","status":"publish","type":"product","link":"https:\/\/www.bazarbonino.com\/store\/prodotto\/mb0110-mazzo-carte-bicycle-aves-nero\/","title":{"rendered":"MB0110 &#8211; Mazzo Carte Bicycle Aves e Nero"},"content":{"rendered":"<div id=\"stcpDiv\">Un bellissimo mazzo di carte da gioco che si ispira agli uccelli provenienti da tutto il mondo, il nome deriva dalla corretta classificazione scientifica per gli uccelli che in latino (e spagnolo) \u00e8 appunto &#8220;Aves&#8221;. I vari soggetti sono stati disegnati a mano da un artista di fama mondiale: Karina Eibatova, per poi essere trasformati in digitale e stampati sulle carte. Questo \u00e8 il nuovo modello, con un nuovo dorso ed un nuovo astuccio. Le piume invece di coprire ogni millimetro del dorso delle carte, lasciano pi\u00f9 spazio, \u00e8 stato poi rimosso l&#8217;asso di picche e sostituito con il pi\u00f9 elaborato e sofisticato gufo, le carte sono della marca Bicycle.<\/div>\n","protected":false},"excerpt":{"rendered":"<p>Un bellissimo mazzo di carte da gioco che si ispira agli uccelli provenienti da tutto il mondo, il nome deriva dalla corretta classificazione scientifica per gli uccelli che in latino (e spagnolo) \u00e8 appunto &#8220;Aves&#8221;. I vari soggetti sono stati disegnati a mano da un artista di fama mondiale: Karina Eibatova, per poi essere trasformati [&hellip;]<\/p>\n","protected":false},"featured_media":10404,"comment_status":"closed","ping_status":"closed","template":"","meta":{"_et_pb_use_builder":"","_et_pb_old_content":"","_et_gb_content_width":""},"product_brand":[],"product_cat":[1505],"product_tag":[1557],"class_list":{"0":"post-10403","1":"product","2":"type-product","3":"status-publish","4":"has-post-thumbnail","6":"product_cat-mazzi-di-carte-bicycle","7":"product_tag-mazzo-carte-bicycle-aves-e-nero","9":"first","10":"outofstock","11":"taxable","12":"shipping-taxable","13":"purchasable","14":"product-type-simple"},"yoast_head":"<!-- This site is optimized with the Yoast SEO plugin v27.4 - https:\/\/yoast.com\/product\/yoast-seo-wordpress\/ -->\n<title>MB0110 - Mazzo Carte Bicycle Aves e Nero - BazarBonino<\/title>\n<meta name=\"robots\" content=\"index, follow, max-snippet:-1, max-image-preview:large, max-video-preview:-1\" \/>\n<link rel=\"canonical\" href=\"https:\/\/www.bazarbonino.com\/store\/prodotto\/mb0110-mazzo-carte-bicycle-aves-nero\/\" \/>\n<meta property=\"og:locale\" content=\"it_IT\" \/>\n<meta property=\"og:type\" content=\"article\" \/>\n<meta property=\"og:title\" content=\"MB0110 - Mazzo Carte Bicycle Aves e Nero - BazarBonino\" \/>\n<meta property=\"og:description\" content=\"Un bellissimo mazzo di carte da gioco che si ispira agli uccelli provenienti da tutto il mondo, il nome deriva dalla corretta classificazione scientifica per gli uccelli che in latino (e spagnolo) \u00e8 appunto &#8220;Aves&#8221;. I vari soggetti sono stati disegnati a mano da un artista di fama mondiale: Karina Eibatova, per poi essere trasformati [&hellip;]\" \/>\n<meta property=\"og:url\" content=\"https:\/\/www.bazarbonino.com\/store\/prodotto\/mb0110-mazzo-carte-bicycle-aves-nero\/\" \/>\n<meta property=\"og:site_name\" content=\"BazarBonino\" \/>\n<meta property=\"article:publisher\" content=\"https:\/\/www.facebook.com\/bazar.bonino\" \/>\n<meta property=\"article:modified_time\" content=\"2024-10-03T14:13:42+00:00\" \/>\n<meta property=\"og:image\" content=\"https:\/\/www.bazarbonino.com\/store\/wp-content\/uploads\/2017\/03\/MB0110-Mazzo-Carte-Bicycle-Aves-e-Nero.jpg\" \/>\n\t<meta property=\"og:image:width\" content=\"800\" \/>\n\t<meta property=\"og:image:height\" content=\"600\" \/>\n\t<meta property=\"og:image:type\" content=\"image\/jpeg\" \/>\n<meta name=\"twitter:card\" content=\"summary_large_image\" \/>\n<meta name=\"twitter:label1\" content=\"Tempo di lettura stimato\" \/>\n\t<meta name=\"twitter:data1\" content=\"1 minuto\" \/>\n<script type=\"application\/ld+json\" class=\"yoast-schema-graph\">{\"@context\":\"https:\\\/\\\/schema.org\",\"@graph\":[{\"@type\":\"WebPage\",\"@id\":\"https:\\\/\\\/www.bazarbonino.com\\\/store\\\/prodotto\\\/mb0110-mazzo-carte-bicycle-aves-nero\\\/\",\"url\":\"https:\\\/\\\/www.bazarbonino.com\\\/store\\\/prodotto\\\/mb0110-mazzo-carte-bicycle-aves-nero\\\/\",\"name\":\"MB0110 - Mazzo Carte Bicycle Aves e Nero - BazarBonino\",\"isPartOf\":{\"@id\":\"https:\\\/\\\/www.bazarbonino.com\\\/store\\\/#website\"},\"primaryImageOfPage\":{\"@id\":\"https:\\\/\\\/www.bazarbonino.com\\\/store\\\/prodotto\\\/mb0110-mazzo-carte-bicycle-aves-nero\\\/#primaryimage\"},\"image\":{\"@id\":\"https:\\\/\\\/www.bazarbonino.com\\\/store\\\/prodotto\\\/mb0110-mazzo-carte-bicycle-aves-nero\\\/#primaryimage\"},\"thumbnailUrl\":\"https:\\\/\\\/www.bazarbonino.com\\\/store\\\/wp-content\\\/uploads\\\/2017\\\/03\\\/MB0110-Mazzo-Carte-Bicycle-Aves-e-Nero.jpg\",\"datePublished\":\"2017-03-15T22:28:46+00:00\",\"dateModified\":\"2024-10-03T14:13:42+00:00\",\"breadcrumb\":{\"@id\":\"https:\\\/\\\/www.bazarbonino.com\\\/store\\\/prodotto\\\/mb0110-mazzo-carte-bicycle-aves-nero\\\/#breadcrumb\"},\"inLanguage\":\"it-IT\",\"potentialAction\":[{\"@type\":\"ReadAction\",\"target\":[\"https:\\\/\\\/www.bazarbonino.com\\\/store\\\/prodotto\\\/mb0110-mazzo-carte-bicycle-aves-nero\\\/\"]}]},{\"@type\":\"ImageObject\",\"inLanguage\":\"it-IT\",\"@id\":\"https:\\\/\\\/www.bazarbonino.com\\\/store\\\/prodotto\\\/mb0110-mazzo-carte-bicycle-aves-nero\\\/#primaryimage\",\"url\":\"https:\\\/\\\/www.bazarbonino.com\\\/store\\\/wp-content\\\/uploads\\\/2017\\\/03\\\/MB0110-Mazzo-Carte-Bicycle-Aves-e-Nero.jpg\",\"contentUrl\":\"https:\\\/\\\/www.bazarbonino.com\\\/store\\\/wp-content\\\/uploads\\\/2017\\\/03\\\/MB0110-Mazzo-Carte-Bicycle-Aves-e-Nero.jpg\",\"width\":800,\"height\":600,\"caption\":\"MB0110 - Mazzo Carte Bicycle Aves e Nero\"},{\"@type\":\"BreadcrumbList\",\"@id\":\"https:\\\/\\\/www.bazarbonino.com\\\/store\\\/prodotto\\\/mb0110-mazzo-carte-bicycle-aves-nero\\\/#breadcrumb\",\"itemListElement\":[{\"@type\":\"ListItem\",\"position\":1,\"name\":\"Home\",\"item\":\"https:\\\/\\\/www.bazarbonino.com\\\/store\\\/\"},{\"@type\":\"ListItem\",\"position\":2,\"name\":\"Catalogo\",\"item\":\"https:\\\/\\\/www.bazarbonino.com\\\/store\\\/shop\\\/\"},{\"@type\":\"ListItem\",\"position\":3,\"name\":\"MB0110 &#8211; Mazzo Carte Bicycle Aves e Nero\"}]},{\"@type\":\"WebSite\",\"@id\":\"https:\\\/\\\/www.bazarbonino.com\\\/store\\\/#website\",\"url\":\"https:\\\/\\\/www.bazarbonino.com\\\/store\\\/\",\"name\":\"BazarBonino\",\"description\":\"\",\"potentialAction\":[{\"@type\":\"SearchAction\",\"target\":{\"@type\":\"EntryPoint\",\"urlTemplate\":\"https:\\\/\\\/www.bazarbonino.com\\\/store\\\/?s={search_term_string}\"},\"query-input\":{\"@type\":\"PropertyValueSpecification\",\"valueRequired\":true,\"valueName\":\"search_term_string\"}}],\"inLanguage\":\"it-IT\"}]}<\/script>\n<!-- \/ Yoast SEO plugin. -->","yoast_head_json":{"title":"MB0110 - Mazzo Carte Bicycle Aves e Nero - BazarBonino","robots":{"index":"index","follow":"follow","max-snippet":"max-snippet:-1","max-image-preview":"max-image-preview:large","max-video-preview":"max-video-preview:-1"},"canonical":"https:\/\/www.bazarbonino.com\/store\/prodotto\/mb0110-mazzo-carte-bicycle-aves-nero\/","og_locale":"it_IT","og_type":"article","og_title":"MB0110 - Mazzo Carte Bicycle Aves e Nero - BazarBonino","og_description":"Un bellissimo mazzo di carte da gioco che si ispira agli uccelli provenienti da tutto il mondo, il nome deriva dalla corretta classificazione scientifica per gli uccelli che in latino (e spagnolo) \u00e8 appunto &#8220;Aves&#8221;. I vari soggetti sono stati disegnati a mano da un artista di fama mondiale: Karina Eibatova, per poi essere trasformati [&hellip;]","og_url":"https:\/\/www.bazarbonino.com\/store\/prodotto\/mb0110-mazzo-carte-bicycle-aves-nero\/","og_site_name":"BazarBonino","article_publisher":"https:\/\/www.facebook.com\/bazar.bonino","article_modified_time":"2024-10-03T14:13:42+00:00","og_image":[{"width":800,"height":600,"url":"https:\/\/www.bazarbonino.com\/store\/wp-content\/uploads\/2017\/03\/MB0110-Mazzo-Carte-Bicycle-Aves-e-Nero.jpg","type":"image\/jpeg"}],"twitter_card":"summary_large_image","twitter_misc":{"Tempo di lettura stimato":"1 minuto"},"schema":{"@context":"https:\/\/schema.org","@graph":[{"@type":"WebPage","@id":"https:\/\/www.bazarbonino.com\/store\/prodotto\/mb0110-mazzo-carte-bicycle-aves-nero\/","url":"https:\/\/www.bazarbonino.com\/store\/prodotto\/mb0110-mazzo-carte-bicycle-aves-nero\/","name":"MB0110 - Mazzo Carte Bicycle Aves e Nero - BazarBonino","isPartOf":{"@id":"https:\/\/www.bazarbonino.com\/store\/#website"},"primaryImageOfPage":{"@id":"https:\/\/www.bazarbonino.com\/store\/prodotto\/mb0110-mazzo-carte-bicycle-aves-nero\/#primaryimage"},"image":{"@id":"https:\/\/www.bazarbonino.com\/store\/prodotto\/mb0110-mazzo-carte-bicycle-aves-nero\/#primaryimage"},"thumbnailUrl":"https:\/\/www.bazarbonino.com\/store\/wp-content\/uploads\/2017\/03\/MB0110-Mazzo-Carte-Bicycle-Aves-e-Nero.jpg","datePublished":"2017-03-15T22:28:46+00:00","dateModified":"2024-10-03T14:13:42+00:00","breadcrumb":{"@id":"https:\/\/www.bazarbonino.com\/store\/prodotto\/mb0110-mazzo-carte-bicycle-aves-nero\/#breadcrumb"},"inLanguage":"it-IT","potentialAction":[{"@type":"ReadAction","target":["https:\/\/www.bazarbonino.com\/store\/prodotto\/mb0110-mazzo-carte-bicycle-aves-nero\/"]}]},{"@type":"ImageObject","inLanguage":"it-IT","@id":"https:\/\/www.bazarbonino.com\/store\/prodotto\/mb0110-mazzo-carte-bicycle-aves-nero\/#primaryimage","url":"https:\/\/www.bazarbonino.com\/store\/wp-content\/uploads\/2017\/03\/MB0110-Mazzo-Carte-Bicycle-Aves-e-Nero.jpg","contentUrl":"https:\/\/www.bazarbonino.com\/store\/wp-content\/uploads\/2017\/03\/MB0110-Mazzo-Carte-Bicycle-Aves-e-Nero.jpg","width":800,"height":600,"caption":"MB0110 - Mazzo Carte Bicycle Aves e Nero"},{"@type":"BreadcrumbList","@id":"https:\/\/www.bazarbonino.com\/store\/prodotto\/mb0110-mazzo-carte-bicycle-aves-nero\/#breadcrumb","itemListElement":[{"@type":"ListItem","position":1,"name":"Home","item":"https:\/\/www.bazarbonino.com\/store\/"},{"@type":"ListItem","position":2,"name":"Catalogo","item":"https:\/\/www.bazarbonino.com\/store\/shop\/"},{"@type":"ListItem","position":3,"name":"MB0110 &#8211; Mazzo Carte Bicycle Aves e Nero"}]},{"@type":"WebSite","@id":"https:\/\/www.bazarbonino.com\/store\/#website","url":"https:\/\/www.bazarbonino.com\/store\/","name":"BazarBonino","description":"","potentialAction":[{"@type":"SearchAction","target":{"@type":"EntryPoint","urlTemplate":"https:\/\/www.bazarbonino.com\/store\/?s={search_term_string}"},"query-input":{"@type":"PropertyValueSpecification","valueRequired":true,"valueName":"search_term_string"}}],"inLanguage":"it-IT"}]}},"_links":{"self":[{"href":"https:\/\/www.bazarbonino.com\/store\/wp-json\/wp\/v2\/product\/10403","targetHints":{"allow":["GET"]}}],"collection":[{"href":"https:\/\/www.bazarbonino.com\/store\/wp-json\/wp\/v2\/product"}],"about":[{"href":"https:\/\/www.bazarbonino.com\/store\/wp-json\/wp\/v2\/types\/product"}],"replies":[{"embeddable":true,"href":"https:\/\/www.bazarbonino.com\/store\/wp-json\/wp\/v2\/comments?post=10403"}],"wp:featuredmedia":[{"embeddable":true,"href":"https:\/\/www.bazarbonino.com\/store\/wp-json\/wp\/v2\/media\/10404"}],"wp:attachment":[{"href":"https:\/\/www.bazarbonino.com\/store\/wp-json\/wp\/v2\/media?parent=10403"}],"wp:term":[{"taxonomy":"product_brand","embeddable":true,"href":"https:\/\/www.bazarbonino.com\/store\/wp-json\/wp\/v2\/product_brand?post=10403"},{"taxonomy":"product_cat","embeddable":true,"href":"https:\/\/www.bazarbonino.com\/store\/wp-json\/wp\/v2\/product_cat?post=10403"},{"taxonomy":"product_tag","embeddable":true,"href":"https:\/\/www.bazarbonino.com\/store\/wp-json\/wp\/v2\/product_tag?post=10403"}],"curies":[{"name":"wp","href":"https:\/\/api.w.org\/{rel}","templated":true}]}}