{"id":10392,"date":"2017-03-15T21:57:11","date_gmt":"2017-03-15T20:57:11","guid":{"rendered":"http:\/\/www.bazarbonino.com\/store\/?post_type=product&#038;p=10392"},"modified":"2017-03-18T13:12:59","modified_gmt":"2017-03-18T12:12:59","slug":"mty045-mazzo-carte-artilect-deck-black","status":"publish","type":"product","link":"https:\/\/www.bazarbonino.com\/store\/prodotto\/mty045-mazzo-carte-artilect-deck-black\/","title":{"rendered":"MTY045 &#8211; Mazzo Carte Artilect Deck Black"},"content":{"rendered":"<p>Un mazzo di carte pensato sul tema di un prossimo futuro, che presto arriver\u00e0, che sar\u00e0 abitato da esseri pi\u00f9 intelligenti con una memoria praticamente illimitata. Carte da gioco moderne, futuristiche, dal design accattivante. Un mazzo da avere, prima che sia troppo tardi&#8230; Disegnate dall&#8217;artista ed illustratore Mart Biemans. Non sono brandizzate con il logo Bicycle ma presentano le stesse caratteristiche poich\u00e8 stampate dalla USPCC in USA.<\/p>\n","protected":false},"excerpt":{"rendered":"<p>Un mazzo di carte pensato sul tema di un prossimo futuro, che presto arriver\u00e0, che sar\u00e0 abitato da esseri pi\u00f9 intelligenti con una memoria praticamente illimitata. Carte da gioco moderne, futuristiche, dal design accattivante. Un mazzo da avere, prima che sia troppo tardi&#8230; Disegnate dall&#8217;artista ed illustratore Mart Biemans. Non sono brandizzate con il logo [&hellip;]<\/p>\n","protected":false},"featured_media":10667,"comment_status":"closed","ping_status":"closed","template":"","meta":{"_et_pb_use_builder":"","_et_pb_old_content":"","_et_gb_content_width":""},"product_brand":[],"product_cat":[1506],"product_tag":[1554],"class_list":{"0":"post-10392","1":"product","2":"type-product","3":"status-publish","4":"has-post-thumbnail","6":"product_cat-mazzi-di-carte-ellusionist","7":"product_tag-mazzo-carte-artilect-deck-black","9":"first","10":"instock","11":"taxable","12":"shipping-taxable","13":"purchasable","14":"product-type-simple"},"yoast_head":"<!-- This site is optimized with the Yoast SEO plugin v27.4 - https:\/\/yoast.com\/product\/yoast-seo-wordpress\/ -->\n<title>MTY045 - Mazzo Carte Artilect Deck Black - BazarBonino<\/title>\n<meta name=\"robots\" content=\"index, follow, max-snippet:-1, max-image-preview:large, max-video-preview:-1\" \/>\n<link rel=\"canonical\" href=\"https:\/\/www.bazarbonino.com\/store\/prodotto\/mty045-mazzo-carte-artilect-deck-black\/\" \/>\n<meta property=\"og:locale\" content=\"it_IT\" \/>\n<meta property=\"og:type\" content=\"article\" \/>\n<meta property=\"og:title\" content=\"MTY045 - Mazzo Carte Artilect Deck Black - BazarBonino\" \/>\n<meta property=\"og:description\" content=\"Un mazzo di carte pensato sul tema di un prossimo futuro, che presto arriver\u00e0, che sar\u00e0 abitato da esseri pi\u00f9 intelligenti con una memoria praticamente illimitata. Carte da gioco moderne, futuristiche, dal design accattivante. Un mazzo da avere, prima che sia troppo tardi&#8230; Disegnate dall&#8217;artista ed illustratore Mart Biemans. Non sono brandizzate con il logo [&hellip;]\" \/>\n<meta property=\"og:url\" content=\"https:\/\/www.bazarbonino.com\/store\/prodotto\/mty045-mazzo-carte-artilect-deck-black\/\" \/>\n<meta property=\"og:site_name\" content=\"BazarBonino\" \/>\n<meta property=\"article:publisher\" content=\"https:\/\/www.facebook.com\/bazar.bonino\" \/>\n<meta property=\"article:modified_time\" content=\"2017-03-18T12:12:59+00:00\" \/>\n<meta property=\"og:image\" content=\"https:\/\/www.bazarbonino.com\/store\/wp-content\/uploads\/2017\/03\/MTY045-Mazzo-Carte-Artilect-Deck-Black-1.jpg\" \/>\n\t<meta property=\"og:image:width\" content=\"736\" \/>\n\t<meta property=\"og:image:height\" content=\"646\" \/>\n\t<meta property=\"og:image:type\" content=\"image\/jpeg\" \/>\n<meta name=\"twitter:card\" content=\"summary_large_image\" \/>\n<script type=\"application\/ld+json\" class=\"yoast-schema-graph\">{\"@context\":\"https:\\\/\\\/schema.org\",\"@graph\":[{\"@type\":\"WebPage\",\"@id\":\"https:\\\/\\\/www.bazarbonino.com\\\/store\\\/prodotto\\\/mty045-mazzo-carte-artilect-deck-black\\\/\",\"url\":\"https:\\\/\\\/www.bazarbonino.com\\\/store\\\/prodotto\\\/mty045-mazzo-carte-artilect-deck-black\\\/\",\"name\":\"MTY045 - Mazzo Carte Artilect Deck Black - BazarBonino\",\"isPartOf\":{\"@id\":\"https:\\\/\\\/www.bazarbonino.com\\\/store\\\/#website\"},\"primaryImageOfPage\":{\"@id\":\"https:\\\/\\\/www.bazarbonino.com\\\/store\\\/prodotto\\\/mty045-mazzo-carte-artilect-deck-black\\\/#primaryimage\"},\"image\":{\"@id\":\"https:\\\/\\\/www.bazarbonino.com\\\/store\\\/prodotto\\\/mty045-mazzo-carte-artilect-deck-black\\\/#primaryimage\"},\"thumbnailUrl\":\"https:\\\/\\\/www.bazarbonino.com\\\/store\\\/wp-content\\\/uploads\\\/2017\\\/03\\\/MTY045-Mazzo-Carte-Artilect-Deck-Black-1.jpg\",\"datePublished\":\"2017-03-15T20:57:11+00:00\",\"dateModified\":\"2017-03-18T12:12:59+00:00\",\"breadcrumb\":{\"@id\":\"https:\\\/\\\/www.bazarbonino.com\\\/store\\\/prodotto\\\/mty045-mazzo-carte-artilect-deck-black\\\/#breadcrumb\"},\"inLanguage\":\"it-IT\",\"potentialAction\":[{\"@type\":\"ReadAction\",\"target\":[\"https:\\\/\\\/www.bazarbonino.com\\\/store\\\/prodotto\\\/mty045-mazzo-carte-artilect-deck-black\\\/\"]}]},{\"@type\":\"ImageObject\",\"inLanguage\":\"it-IT\",\"@id\":\"https:\\\/\\\/www.bazarbonino.com\\\/store\\\/prodotto\\\/mty045-mazzo-carte-artilect-deck-black\\\/#primaryimage\",\"url\":\"https:\\\/\\\/www.bazarbonino.com\\\/store\\\/wp-content\\\/uploads\\\/2017\\\/03\\\/MTY045-Mazzo-Carte-Artilect-Deck-Black-1.jpg\",\"contentUrl\":\"https:\\\/\\\/www.bazarbonino.com\\\/store\\\/wp-content\\\/uploads\\\/2017\\\/03\\\/MTY045-Mazzo-Carte-Artilect-Deck-Black-1.jpg\",\"width\":736,\"height\":646,\"caption\":\"MTY045 - Mazzo Carte Artilect Deck Black\"},{\"@type\":\"BreadcrumbList\",\"@id\":\"https:\\\/\\\/www.bazarbonino.com\\\/store\\\/prodotto\\\/mty045-mazzo-carte-artilect-deck-black\\\/#breadcrumb\",\"itemListElement\":[{\"@type\":\"ListItem\",\"position\":1,\"name\":\"Home\",\"item\":\"https:\\\/\\\/www.bazarbonino.com\\\/store\\\/\"},{\"@type\":\"ListItem\",\"position\":2,\"name\":\"Catalogo\",\"item\":\"https:\\\/\\\/www.bazarbonino.com\\\/store\\\/shop\\\/\"},{\"@type\":\"ListItem\",\"position\":3,\"name\":\"MTY045 &#8211; Mazzo Carte Artilect Deck Black\"}]},{\"@type\":\"WebSite\",\"@id\":\"https:\\\/\\\/www.bazarbonino.com\\\/store\\\/#website\",\"url\":\"https:\\\/\\\/www.bazarbonino.com\\\/store\\\/\",\"name\":\"BazarBonino\",\"description\":\"\",\"potentialAction\":[{\"@type\":\"SearchAction\",\"target\":{\"@type\":\"EntryPoint\",\"urlTemplate\":\"https:\\\/\\\/www.bazarbonino.com\\\/store\\\/?s={search_term_string}\"},\"query-input\":{\"@type\":\"PropertyValueSpecification\",\"valueRequired\":true,\"valueName\":\"search_term_string\"}}],\"inLanguage\":\"it-IT\"}]}<\/script>\n<!-- \/ Yoast SEO plugin. -->","yoast_head_json":{"title":"MTY045 - Mazzo Carte Artilect Deck Black - BazarBonino","robots":{"index":"index","follow":"follow","max-snippet":"max-snippet:-1","max-image-preview":"max-image-preview:large","max-video-preview":"max-video-preview:-1"},"canonical":"https:\/\/www.bazarbonino.com\/store\/prodotto\/mty045-mazzo-carte-artilect-deck-black\/","og_locale":"it_IT","og_type":"article","og_title":"MTY045 - Mazzo Carte Artilect Deck Black - BazarBonino","og_description":"Un mazzo di carte pensato sul tema di un prossimo futuro, che presto arriver\u00e0, che sar\u00e0 abitato da esseri pi\u00f9 intelligenti con una memoria praticamente illimitata. Carte da gioco moderne, futuristiche, dal design accattivante. Un mazzo da avere, prima che sia troppo tardi&#8230; Disegnate dall&#8217;artista ed illustratore Mart Biemans. Non sono brandizzate con il logo [&hellip;]","og_url":"https:\/\/www.bazarbonino.com\/store\/prodotto\/mty045-mazzo-carte-artilect-deck-black\/","og_site_name":"BazarBonino","article_publisher":"https:\/\/www.facebook.com\/bazar.bonino","article_modified_time":"2017-03-18T12:12:59+00:00","og_image":[{"width":736,"height":646,"url":"https:\/\/www.bazarbonino.com\/store\/wp-content\/uploads\/2017\/03\/MTY045-Mazzo-Carte-Artilect-Deck-Black-1.jpg","type":"image\/jpeg"}],"twitter_card":"summary_large_image","schema":{"@context":"https:\/\/schema.org","@graph":[{"@type":"WebPage","@id":"https:\/\/www.bazarbonino.com\/store\/prodotto\/mty045-mazzo-carte-artilect-deck-black\/","url":"https:\/\/www.bazarbonino.com\/store\/prodotto\/mty045-mazzo-carte-artilect-deck-black\/","name":"MTY045 - Mazzo Carte Artilect Deck Black - BazarBonino","isPartOf":{"@id":"https:\/\/www.bazarbonino.com\/store\/#website"},"primaryImageOfPage":{"@id":"https:\/\/www.bazarbonino.com\/store\/prodotto\/mty045-mazzo-carte-artilect-deck-black\/#primaryimage"},"image":{"@id":"https:\/\/www.bazarbonino.com\/store\/prodotto\/mty045-mazzo-carte-artilect-deck-black\/#primaryimage"},"thumbnailUrl":"https:\/\/www.bazarbonino.com\/store\/wp-content\/uploads\/2017\/03\/MTY045-Mazzo-Carte-Artilect-Deck-Black-1.jpg","datePublished":"2017-03-15T20:57:11+00:00","dateModified":"2017-03-18T12:12:59+00:00","breadcrumb":{"@id":"https:\/\/www.bazarbonino.com\/store\/prodotto\/mty045-mazzo-carte-artilect-deck-black\/#breadcrumb"},"inLanguage":"it-IT","potentialAction":[{"@type":"ReadAction","target":["https:\/\/www.bazarbonino.com\/store\/prodotto\/mty045-mazzo-carte-artilect-deck-black\/"]}]},{"@type":"ImageObject","inLanguage":"it-IT","@id":"https:\/\/www.bazarbonino.com\/store\/prodotto\/mty045-mazzo-carte-artilect-deck-black\/#primaryimage","url":"https:\/\/www.bazarbonino.com\/store\/wp-content\/uploads\/2017\/03\/MTY045-Mazzo-Carte-Artilect-Deck-Black-1.jpg","contentUrl":"https:\/\/www.bazarbonino.com\/store\/wp-content\/uploads\/2017\/03\/MTY045-Mazzo-Carte-Artilect-Deck-Black-1.jpg","width":736,"height":646,"caption":"MTY045 - Mazzo Carte Artilect Deck Black"},{"@type":"BreadcrumbList","@id":"https:\/\/www.bazarbonino.com\/store\/prodotto\/mty045-mazzo-carte-artilect-deck-black\/#breadcrumb","itemListElement":[{"@type":"ListItem","position":1,"name":"Home","item":"https:\/\/www.bazarbonino.com\/store\/"},{"@type":"ListItem","position":2,"name":"Catalogo","item":"https:\/\/www.bazarbonino.com\/store\/shop\/"},{"@type":"ListItem","position":3,"name":"MTY045 &#8211; Mazzo Carte Artilect Deck Black"}]},{"@type":"WebSite","@id":"https:\/\/www.bazarbonino.com\/store\/#website","url":"https:\/\/www.bazarbonino.com\/store\/","name":"BazarBonino","description":"","potentialAction":[{"@type":"SearchAction","target":{"@type":"EntryPoint","urlTemplate":"https:\/\/www.bazarbonino.com\/store\/?s={search_term_string}"},"query-input":{"@type":"PropertyValueSpecification","valueRequired":true,"valueName":"search_term_string"}}],"inLanguage":"it-IT"}]}},"_links":{"self":[{"href":"https:\/\/www.bazarbonino.com\/store\/wp-json\/wp\/v2\/product\/10392","targetHints":{"allow":["GET"]}}],"collection":[{"href":"https:\/\/www.bazarbonino.com\/store\/wp-json\/wp\/v2\/product"}],"about":[{"href":"https:\/\/www.bazarbonino.com\/store\/wp-json\/wp\/v2\/types\/product"}],"replies":[{"embeddable":true,"href":"https:\/\/www.bazarbonino.com\/store\/wp-json\/wp\/v2\/comments?post=10392"}],"wp:featuredmedia":[{"embeddable":true,"href":"https:\/\/www.bazarbonino.com\/store\/wp-json\/wp\/v2\/media\/10667"}],"wp:attachment":[{"href":"https:\/\/www.bazarbonino.com\/store\/wp-json\/wp\/v2\/media?parent=10392"}],"wp:term":[{"taxonomy":"product_brand","embeddable":true,"href":"https:\/\/www.bazarbonino.com\/store\/wp-json\/wp\/v2\/product_brand?post=10392"},{"taxonomy":"product_cat","embeddable":true,"href":"https:\/\/www.bazarbonino.com\/store\/wp-json\/wp\/v2\/product_cat?post=10392"},{"taxonomy":"product_tag","embeddable":true,"href":"https:\/\/www.bazarbonino.com\/store\/wp-json\/wp\/v2\/product_tag?post=10392"}],"curies":[{"name":"wp","href":"https:\/\/api.w.org\/{rel}","templated":true}]}}