{"id":10373,"date":"2017-03-15T20:00:52","date_gmt":"2017-03-15T19:00:52","guid":{"rendered":"http:\/\/www.bazarbonino.com\/store\/?post_type=product&#038;p=10373"},"modified":"2020-11-10T20:48:56","modified_gmt":"2020-11-10T19:48:56","slug":"mty015-mazzo-carte-absinthe-by-ellusionist","status":"publish","type":"product","link":"https:\/\/www.bazarbonino.com\/store\/prodotto\/mty015-mazzo-carte-absinthe-by-ellusionist\/","title":{"rendered":"MTY015 &#8211; Mazzo Carte Absinthe by Ellusionist"},"content":{"rendered":"<div id=\"stcpDiv\">MTY015 &#8211; Mazzo Carte Absinthe by Ellusionist L&#8217;assenzio, consumato da molti artisti famosi con rituali elaborati e accessori stravaganti, divenne un&#8217;ispirazione dello stile di vita bohemi\u00e8nne. Questo carte incarnano il fascino della bevanda verde smeraldo che conquist\u00f2 l&#8217;Europa. Venduto prima di oggi solamente all&#8217;interno del cofanetto Prohibition Box, ora potr\u00e0 entrare a far parte della tua collezione.<br \/>\nUn mazzo, bello, veramente originale ed affascinante come il suo video. Qualit\u00e0 Ellusionist. Le carte sono in formato poker.<\/div>\n","protected":false},"excerpt":{"rendered":"<p>MTY015 &#8211; Mazzo Carte Absinthe by Ellusionist L&#8217;assenzio, consumato da molti artisti famosi con rituali elaborati e accessori stravaganti, divenne un&#8217;ispirazione dello stile di vita bohemi\u00e8nne. Questo carte incarnano il fascino della bevanda verde smeraldo che conquist\u00f2 l&#8217;Europa. Venduto prima di oggi solamente all&#8217;interno del cofanetto Prohibition Box, ora potr\u00e0 entrare a far parte della [&hellip;]<\/p>\n","protected":false},"featured_media":17202,"comment_status":"closed","ping_status":"closed","template":"","meta":{"_et_pb_use_builder":"","_et_pb_old_content":"","_et_gb_content_width":""},"product_brand":[],"product_cat":[1506],"product_tag":[1548],"class_list":{"0":"post-10373","1":"product","2":"type-product","3":"status-publish","4":"has-post-thumbnail","6":"product_cat-mazzi-di-carte-ellusionist","7":"product_tag-mazzo-carte-absinthe-by-ellusionist","9":"first","10":"instock","11":"taxable","12":"shipping-taxable","13":"purchasable","14":"product-type-simple"},"yoast_head":"<!-- This site is optimized with the Yoast SEO plugin v27.4 - https:\/\/yoast.com\/product\/yoast-seo-wordpress\/ -->\n<title>MTY015 - Mazzo Carte Absinthe by Ellusionist - BazarBonino<\/title>\n<meta name=\"description\" content=\"Mazzo Carte Absinthe by Ellusionist L&#039;assenzio, consumato da molti artisti famosi con rituali elaborati e accessori stravaganti, divenne un&#039;ispirazione...\" \/>\n<meta name=\"robots\" content=\"index, follow, max-snippet:-1, max-image-preview:large, max-video-preview:-1\" \/>\n<link rel=\"canonical\" href=\"https:\/\/www.bazarbonino.com\/store\/prodotto\/mty015-mazzo-carte-absinthe-by-ellusionist\/\" \/>\n<meta property=\"og:locale\" content=\"it_IT\" \/>\n<meta property=\"og:type\" content=\"article\" \/>\n<meta property=\"og:title\" content=\"MTY015 - Mazzo Carte Absinthe by Ellusionist - BazarBonino\" \/>\n<meta property=\"og:description\" content=\"Mazzo Carte Absinthe by Ellusionist L&#039;assenzio, consumato da molti artisti famosi con rituali elaborati e accessori stravaganti, divenne un&#039;ispirazione...\" \/>\n<meta property=\"og:url\" content=\"https:\/\/www.bazarbonino.com\/store\/prodotto\/mty015-mazzo-carte-absinthe-by-ellusionist\/\" \/>\n<meta property=\"og:site_name\" content=\"BazarBonino\" \/>\n<meta property=\"article:publisher\" content=\"https:\/\/www.facebook.com\/bazar.bonino\" \/>\n<meta property=\"article:modified_time\" content=\"2020-11-10T19:48:56+00:00\" \/>\n<meta property=\"og:image\" content=\"https:\/\/www.bazarbonino.com\/store\/wp-content\/uploads\/2017\/03\/MTY015-Mazzo-Carte-Absinthe-by-Ellusionist-1.jpg\" \/>\n\t<meta property=\"og:image:width\" content=\"1024\" \/>\n\t<meta property=\"og:image:height\" content=\"687\" \/>\n\t<meta property=\"og:image:type\" content=\"image\/jpeg\" \/>\n<meta name=\"twitter:card\" content=\"summary_large_image\" \/>\n<script type=\"application\/ld+json\" class=\"yoast-schema-graph\">{\"@context\":\"https:\\\/\\\/schema.org\",\"@graph\":[{\"@type\":\"WebPage\",\"@id\":\"https:\\\/\\\/www.bazarbonino.com\\\/store\\\/prodotto\\\/mty015-mazzo-carte-absinthe-by-ellusionist\\\/\",\"url\":\"https:\\\/\\\/www.bazarbonino.com\\\/store\\\/prodotto\\\/mty015-mazzo-carte-absinthe-by-ellusionist\\\/\",\"name\":\"MTY015 - Mazzo Carte Absinthe by Ellusionist - BazarBonino\",\"isPartOf\":{\"@id\":\"https:\\\/\\\/www.bazarbonino.com\\\/store\\\/#website\"},\"primaryImageOfPage\":{\"@id\":\"https:\\\/\\\/www.bazarbonino.com\\\/store\\\/prodotto\\\/mty015-mazzo-carte-absinthe-by-ellusionist\\\/#primaryimage\"},\"image\":{\"@id\":\"https:\\\/\\\/www.bazarbonino.com\\\/store\\\/prodotto\\\/mty015-mazzo-carte-absinthe-by-ellusionist\\\/#primaryimage\"},\"thumbnailUrl\":\"https:\\\/\\\/www.bazarbonino.com\\\/store\\\/wp-content\\\/uploads\\\/2017\\\/03\\\/MTY015-Mazzo-Carte-Absinthe-by-Ellusionist-1.jpg\",\"datePublished\":\"2017-03-15T19:00:52+00:00\",\"dateModified\":\"2020-11-10T19:48:56+00:00\",\"description\":\"Mazzo Carte Absinthe by Ellusionist L'assenzio, consumato da molti artisti famosi con rituali elaborati e accessori stravaganti, divenne un'ispirazione...\",\"breadcrumb\":{\"@id\":\"https:\\\/\\\/www.bazarbonino.com\\\/store\\\/prodotto\\\/mty015-mazzo-carte-absinthe-by-ellusionist\\\/#breadcrumb\"},\"inLanguage\":\"it-IT\",\"potentialAction\":[{\"@type\":\"ReadAction\",\"target\":[\"https:\\\/\\\/www.bazarbonino.com\\\/store\\\/prodotto\\\/mty015-mazzo-carte-absinthe-by-ellusionist\\\/\"]}]},{\"@type\":\"ImageObject\",\"inLanguage\":\"it-IT\",\"@id\":\"https:\\\/\\\/www.bazarbonino.com\\\/store\\\/prodotto\\\/mty015-mazzo-carte-absinthe-by-ellusionist\\\/#primaryimage\",\"url\":\"https:\\\/\\\/www.bazarbonino.com\\\/store\\\/wp-content\\\/uploads\\\/2017\\\/03\\\/MTY015-Mazzo-Carte-Absinthe-by-Ellusionist-1.jpg\",\"contentUrl\":\"https:\\\/\\\/www.bazarbonino.com\\\/store\\\/wp-content\\\/uploads\\\/2017\\\/03\\\/MTY015-Mazzo-Carte-Absinthe-by-Ellusionist-1.jpg\",\"width\":1024,\"height\":687,\"caption\":\"MTY015 - Mazzo Carte Absinthe by Ellusionist\"},{\"@type\":\"BreadcrumbList\",\"@id\":\"https:\\\/\\\/www.bazarbonino.com\\\/store\\\/prodotto\\\/mty015-mazzo-carte-absinthe-by-ellusionist\\\/#breadcrumb\",\"itemListElement\":[{\"@type\":\"ListItem\",\"position\":1,\"name\":\"Home\",\"item\":\"https:\\\/\\\/www.bazarbonino.com\\\/store\\\/\"},{\"@type\":\"ListItem\",\"position\":2,\"name\":\"Catalogo\",\"item\":\"https:\\\/\\\/www.bazarbonino.com\\\/store\\\/shop\\\/\"},{\"@type\":\"ListItem\",\"position\":3,\"name\":\"MTY015 &#8211; Mazzo Carte Absinthe by Ellusionist\"}]},{\"@type\":\"WebSite\",\"@id\":\"https:\\\/\\\/www.bazarbonino.com\\\/store\\\/#website\",\"url\":\"https:\\\/\\\/www.bazarbonino.com\\\/store\\\/\",\"name\":\"BazarBonino\",\"description\":\"\",\"potentialAction\":[{\"@type\":\"SearchAction\",\"target\":{\"@type\":\"EntryPoint\",\"urlTemplate\":\"https:\\\/\\\/www.bazarbonino.com\\\/store\\\/?s={search_term_string}\"},\"query-input\":{\"@type\":\"PropertyValueSpecification\",\"valueRequired\":true,\"valueName\":\"search_term_string\"}}],\"inLanguage\":\"it-IT\"}]}<\/script>\n<!-- \/ Yoast SEO plugin. -->","yoast_head_json":{"title":"MTY015 - Mazzo Carte Absinthe by Ellusionist - BazarBonino","description":"Mazzo Carte Absinthe by Ellusionist L'assenzio, consumato da molti artisti famosi con rituali elaborati e accessori stravaganti, divenne un'ispirazione...","robots":{"index":"index","follow":"follow","max-snippet":"max-snippet:-1","max-image-preview":"max-image-preview:large","max-video-preview":"max-video-preview:-1"},"canonical":"https:\/\/www.bazarbonino.com\/store\/prodotto\/mty015-mazzo-carte-absinthe-by-ellusionist\/","og_locale":"it_IT","og_type":"article","og_title":"MTY015 - Mazzo Carte Absinthe by Ellusionist - BazarBonino","og_description":"Mazzo Carte Absinthe by Ellusionist L'assenzio, consumato da molti artisti famosi con rituali elaborati e accessori stravaganti, divenne un'ispirazione...","og_url":"https:\/\/www.bazarbonino.com\/store\/prodotto\/mty015-mazzo-carte-absinthe-by-ellusionist\/","og_site_name":"BazarBonino","article_publisher":"https:\/\/www.facebook.com\/bazar.bonino","article_modified_time":"2020-11-10T19:48:56+00:00","og_image":[{"width":1024,"height":687,"url":"https:\/\/www.bazarbonino.com\/store\/wp-content\/uploads\/2017\/03\/MTY015-Mazzo-Carte-Absinthe-by-Ellusionist-1.jpg","type":"image\/jpeg"}],"twitter_card":"summary_large_image","schema":{"@context":"https:\/\/schema.org","@graph":[{"@type":"WebPage","@id":"https:\/\/www.bazarbonino.com\/store\/prodotto\/mty015-mazzo-carte-absinthe-by-ellusionist\/","url":"https:\/\/www.bazarbonino.com\/store\/prodotto\/mty015-mazzo-carte-absinthe-by-ellusionist\/","name":"MTY015 - Mazzo Carte Absinthe by Ellusionist - BazarBonino","isPartOf":{"@id":"https:\/\/www.bazarbonino.com\/store\/#website"},"primaryImageOfPage":{"@id":"https:\/\/www.bazarbonino.com\/store\/prodotto\/mty015-mazzo-carte-absinthe-by-ellusionist\/#primaryimage"},"image":{"@id":"https:\/\/www.bazarbonino.com\/store\/prodotto\/mty015-mazzo-carte-absinthe-by-ellusionist\/#primaryimage"},"thumbnailUrl":"https:\/\/www.bazarbonino.com\/store\/wp-content\/uploads\/2017\/03\/MTY015-Mazzo-Carte-Absinthe-by-Ellusionist-1.jpg","datePublished":"2017-03-15T19:00:52+00:00","dateModified":"2020-11-10T19:48:56+00:00","description":"Mazzo Carte Absinthe by Ellusionist L'assenzio, consumato da molti artisti famosi con rituali elaborati e accessori stravaganti, divenne un'ispirazione...","breadcrumb":{"@id":"https:\/\/www.bazarbonino.com\/store\/prodotto\/mty015-mazzo-carte-absinthe-by-ellusionist\/#breadcrumb"},"inLanguage":"it-IT","potentialAction":[{"@type":"ReadAction","target":["https:\/\/www.bazarbonino.com\/store\/prodotto\/mty015-mazzo-carte-absinthe-by-ellusionist\/"]}]},{"@type":"ImageObject","inLanguage":"it-IT","@id":"https:\/\/www.bazarbonino.com\/store\/prodotto\/mty015-mazzo-carte-absinthe-by-ellusionist\/#primaryimage","url":"https:\/\/www.bazarbonino.com\/store\/wp-content\/uploads\/2017\/03\/MTY015-Mazzo-Carte-Absinthe-by-Ellusionist-1.jpg","contentUrl":"https:\/\/www.bazarbonino.com\/store\/wp-content\/uploads\/2017\/03\/MTY015-Mazzo-Carte-Absinthe-by-Ellusionist-1.jpg","width":1024,"height":687,"caption":"MTY015 - Mazzo Carte Absinthe by Ellusionist"},{"@type":"BreadcrumbList","@id":"https:\/\/www.bazarbonino.com\/store\/prodotto\/mty015-mazzo-carte-absinthe-by-ellusionist\/#breadcrumb","itemListElement":[{"@type":"ListItem","position":1,"name":"Home","item":"https:\/\/www.bazarbonino.com\/store\/"},{"@type":"ListItem","position":2,"name":"Catalogo","item":"https:\/\/www.bazarbonino.com\/store\/shop\/"},{"@type":"ListItem","position":3,"name":"MTY015 &#8211; Mazzo Carte Absinthe by Ellusionist"}]},{"@type":"WebSite","@id":"https:\/\/www.bazarbonino.com\/store\/#website","url":"https:\/\/www.bazarbonino.com\/store\/","name":"BazarBonino","description":"","potentialAction":[{"@type":"SearchAction","target":{"@type":"EntryPoint","urlTemplate":"https:\/\/www.bazarbonino.com\/store\/?s={search_term_string}"},"query-input":{"@type":"PropertyValueSpecification","valueRequired":true,"valueName":"search_term_string"}}],"inLanguage":"it-IT"}]}},"_links":{"self":[{"href":"https:\/\/www.bazarbonino.com\/store\/wp-json\/wp\/v2\/product\/10373","targetHints":{"allow":["GET"]}}],"collection":[{"href":"https:\/\/www.bazarbonino.com\/store\/wp-json\/wp\/v2\/product"}],"about":[{"href":"https:\/\/www.bazarbonino.com\/store\/wp-json\/wp\/v2\/types\/product"}],"replies":[{"embeddable":true,"href":"https:\/\/www.bazarbonino.com\/store\/wp-json\/wp\/v2\/comments?post=10373"}],"wp:featuredmedia":[{"embeddable":true,"href":"https:\/\/www.bazarbonino.com\/store\/wp-json\/wp\/v2\/media\/17202"}],"wp:attachment":[{"href":"https:\/\/www.bazarbonino.com\/store\/wp-json\/wp\/v2\/media?parent=10373"}],"wp:term":[{"taxonomy":"product_brand","embeddable":true,"href":"https:\/\/www.bazarbonino.com\/store\/wp-json\/wp\/v2\/product_brand?post=10373"},{"taxonomy":"product_cat","embeddable":true,"href":"https:\/\/www.bazarbonino.com\/store\/wp-json\/wp\/v2\/product_cat?post=10373"},{"taxonomy":"product_tag","embeddable":true,"href":"https:\/\/www.bazarbonino.com\/store\/wp-json\/wp\/v2\/product_tag?post=10373"}],"curies":[{"name":"wp","href":"https:\/\/api.w.org\/{rel}","templated":true}]}}