{"id":10243,"date":"2017-03-13T00:26:07","date_gmt":"2017-03-12T23:26:07","guid":{"rendered":"http:\/\/www.bazarbonino.com\/store\/prodotto\/mty030-mazzo-carte-monarchs-green\/"},"modified":"2024-11-26T16:30:25","modified_gmt":"2024-11-26T15:30:25","slug":"mty030-mazzo-carte-monarchs-green","status":"publish","type":"product","link":"https:\/\/www.bazarbonino.com\/store\/prodotto\/mty030-mazzo-carte-monarchs-green\/","title":{"rendered":"MTY003 &#8211; Mazzo Carte Monarchs Green"},"content":{"rendered":"<div id=\"stcpDiv\">MTY003 &#8211; Mazzo Carte Monarchs Green L&#8217;ultima edizione del pi\u00f9 lussuoso mazzo del mondo, l&#8217;astuccio ha un colore verde bosco e con lamine in rilievo color oro. Le carte sono assolutamente mozzafiato e risultano ottime proprio come sembrano. L&#8217;astuccio \u00e8 composto da due strati ed \u00e8 il pi\u00f9 resistente che abbiamo mai fatto. Le carte da gioco Monarch sono Made in USA su carta certificata FSC proveniente da foreste sostenibili. Le carte stesse sono stampate con inchiostri a base vegetale. Il mazzo \u00e8 in formato poker.<\/div>\n","protected":false},"excerpt":{"rendered":"<p>MTY003 &#8211; Mazzo Carte Monarchs Green L&#8217;ultima edizione del pi\u00f9 lussuoso mazzo del mondo, l&#8217;astuccio ha un colore verde bosco e con lamine in rilievo color oro. Le carte sono assolutamente mozzafiato e risultano ottime proprio come sembrano. L&#8217;astuccio \u00e8 composto da due strati ed \u00e8 il pi\u00f9 resistente che abbiamo mai fatto. Le carte [&hellip;]<\/p>\n","protected":false},"featured_media":17469,"comment_status":"closed","ping_status":"closed","template":"","meta":{"_et_pb_use_builder":"","_et_pb_old_content":"","_et_gb_content_width":""},"product_brand":[],"product_cat":[1507],"product_tag":[1513],"class_list":{"0":"post-10243","1":"product","2":"type-product","3":"status-publish","4":"has-post-thumbnail","6":"product_cat-mazzi-di-carte-theory11","7":"product_tag-mazzo-carte-monarchs-green","9":"first","10":"outofstock","11":"taxable","12":"shipping-taxable","13":"purchasable","14":"product-type-simple"},"yoast_head":"<!-- This site is optimized with the Yoast SEO plugin v27.4 - https:\/\/yoast.com\/product\/yoast-seo-wordpress\/ -->\n<title>MTY003 - Mazzo Carte Monarchs Green - BazarBonino<\/title>\n<meta name=\"description\" content=\"Mazzo Carte Monarchs Green L&#039;ultima edizione del pi\u00f9 lussuoso mazzo del mondo, l&#039;astuccio ha un colore verde e lamine in rilievo color oro.\" \/>\n<meta name=\"robots\" content=\"index, follow, max-snippet:-1, max-image-preview:large, max-video-preview:-1\" \/>\n<link rel=\"canonical\" href=\"https:\/\/www.bazarbonino.com\/store\/prodotto\/mty030-mazzo-carte-monarchs-green\/\" \/>\n<meta property=\"og:locale\" content=\"it_IT\" \/>\n<meta property=\"og:type\" content=\"article\" \/>\n<meta property=\"og:title\" content=\"MTY003 - Mazzo Carte Monarchs Green - BazarBonino\" \/>\n<meta property=\"og:description\" content=\"Mazzo Carte Monarchs Green L&#039;ultima edizione del pi\u00f9 lussuoso mazzo del mondo, l&#039;astuccio ha un colore verde e lamine in rilievo color oro.\" \/>\n<meta property=\"og:url\" content=\"https:\/\/www.bazarbonino.com\/store\/prodotto\/mty030-mazzo-carte-monarchs-green\/\" \/>\n<meta property=\"og:site_name\" content=\"BazarBonino\" \/>\n<meta property=\"article:publisher\" content=\"https:\/\/www.facebook.com\/bazar.bonino\" \/>\n<meta property=\"article:modified_time\" content=\"2024-11-26T15:30:25+00:00\" \/>\n<meta property=\"og:image\" content=\"https:\/\/www.bazarbonino.com\/store\/wp-content\/uploads\/2017\/03\/MTY003-Mazzo-Carte-Monarchs-Green.jpg\" \/>\n\t<meta property=\"og:image:width\" content=\"1512\" \/>\n\t<meta property=\"og:image:height\" content=\"1015\" \/>\n\t<meta property=\"og:image:type\" content=\"image\/jpeg\" \/>\n<meta name=\"twitter:card\" content=\"summary_large_image\" \/>\n<script type=\"application\/ld+json\" class=\"yoast-schema-graph\">{\"@context\":\"https:\\\/\\\/schema.org\",\"@graph\":[{\"@type\":\"WebPage\",\"@id\":\"https:\\\/\\\/www.bazarbonino.com\\\/store\\\/prodotto\\\/mty030-mazzo-carte-monarchs-green\\\/\",\"url\":\"https:\\\/\\\/www.bazarbonino.com\\\/store\\\/prodotto\\\/mty030-mazzo-carte-monarchs-green\\\/\",\"name\":\"MTY003 - Mazzo Carte Monarchs Green - BazarBonino\",\"isPartOf\":{\"@id\":\"https:\\\/\\\/www.bazarbonino.com\\\/store\\\/#website\"},\"primaryImageOfPage\":{\"@id\":\"https:\\\/\\\/www.bazarbonino.com\\\/store\\\/prodotto\\\/mty030-mazzo-carte-monarchs-green\\\/#primaryimage\"},\"image\":{\"@id\":\"https:\\\/\\\/www.bazarbonino.com\\\/store\\\/prodotto\\\/mty030-mazzo-carte-monarchs-green\\\/#primaryimage\"},\"thumbnailUrl\":\"https:\\\/\\\/www.bazarbonino.com\\\/store\\\/wp-content\\\/uploads\\\/2017\\\/03\\\/MTY003-Mazzo-Carte-Monarchs-Green.jpg\",\"datePublished\":\"2017-03-12T23:26:07+00:00\",\"dateModified\":\"2024-11-26T15:30:25+00:00\",\"description\":\"Mazzo Carte Monarchs Green L'ultima edizione del pi\u00f9 lussuoso mazzo del mondo, l'astuccio ha un colore verde e lamine in rilievo color oro.\",\"breadcrumb\":{\"@id\":\"https:\\\/\\\/www.bazarbonino.com\\\/store\\\/prodotto\\\/mty030-mazzo-carte-monarchs-green\\\/#breadcrumb\"},\"inLanguage\":\"it-IT\",\"potentialAction\":[{\"@type\":\"ReadAction\",\"target\":[\"https:\\\/\\\/www.bazarbonino.com\\\/store\\\/prodotto\\\/mty030-mazzo-carte-monarchs-green\\\/\"]}]},{\"@type\":\"ImageObject\",\"inLanguage\":\"it-IT\",\"@id\":\"https:\\\/\\\/www.bazarbonino.com\\\/store\\\/prodotto\\\/mty030-mazzo-carte-monarchs-green\\\/#primaryimage\",\"url\":\"https:\\\/\\\/www.bazarbonino.com\\\/store\\\/wp-content\\\/uploads\\\/2017\\\/03\\\/MTY003-Mazzo-Carte-Monarchs-Green.jpg\",\"contentUrl\":\"https:\\\/\\\/www.bazarbonino.com\\\/store\\\/wp-content\\\/uploads\\\/2017\\\/03\\\/MTY003-Mazzo-Carte-Monarchs-Green.jpg\",\"width\":1512,\"height\":1015,\"caption\":\"MTY003 - Mazzo Carte Monarchs Green\"},{\"@type\":\"BreadcrumbList\",\"@id\":\"https:\\\/\\\/www.bazarbonino.com\\\/store\\\/prodotto\\\/mty030-mazzo-carte-monarchs-green\\\/#breadcrumb\",\"itemListElement\":[{\"@type\":\"ListItem\",\"position\":1,\"name\":\"Home\",\"item\":\"https:\\\/\\\/www.bazarbonino.com\\\/store\\\/\"},{\"@type\":\"ListItem\",\"position\":2,\"name\":\"Catalogo\",\"item\":\"https:\\\/\\\/www.bazarbonino.com\\\/store\\\/shop\\\/\"},{\"@type\":\"ListItem\",\"position\":3,\"name\":\"MTY003 &#8211; Mazzo Carte Monarchs Green\"}]},{\"@type\":\"WebSite\",\"@id\":\"https:\\\/\\\/www.bazarbonino.com\\\/store\\\/#website\",\"url\":\"https:\\\/\\\/www.bazarbonino.com\\\/store\\\/\",\"name\":\"BazarBonino\",\"description\":\"\",\"potentialAction\":[{\"@type\":\"SearchAction\",\"target\":{\"@type\":\"EntryPoint\",\"urlTemplate\":\"https:\\\/\\\/www.bazarbonino.com\\\/store\\\/?s={search_term_string}\"},\"query-input\":{\"@type\":\"PropertyValueSpecification\",\"valueRequired\":true,\"valueName\":\"search_term_string\"}}],\"inLanguage\":\"it-IT\"}]}<\/script>\n<!-- \/ Yoast SEO plugin. -->","yoast_head_json":{"title":"MTY003 - Mazzo Carte Monarchs Green - BazarBonino","description":"Mazzo Carte Monarchs Green L'ultima edizione del pi\u00f9 lussuoso mazzo del mondo, l'astuccio ha un colore verde e lamine in rilievo color oro.","robots":{"index":"index","follow":"follow","max-snippet":"max-snippet:-1","max-image-preview":"max-image-preview:large","max-video-preview":"max-video-preview:-1"},"canonical":"https:\/\/www.bazarbonino.com\/store\/prodotto\/mty030-mazzo-carte-monarchs-green\/","og_locale":"it_IT","og_type":"article","og_title":"MTY003 - Mazzo Carte Monarchs Green - BazarBonino","og_description":"Mazzo Carte Monarchs Green L'ultima edizione del pi\u00f9 lussuoso mazzo del mondo, l'astuccio ha un colore verde e lamine in rilievo color oro.","og_url":"https:\/\/www.bazarbonino.com\/store\/prodotto\/mty030-mazzo-carte-monarchs-green\/","og_site_name":"BazarBonino","article_publisher":"https:\/\/www.facebook.com\/bazar.bonino","article_modified_time":"2024-11-26T15:30:25+00:00","og_image":[{"width":1512,"height":1015,"url":"https:\/\/www.bazarbonino.com\/store\/wp-content\/uploads\/2017\/03\/MTY003-Mazzo-Carte-Monarchs-Green.jpg","type":"image\/jpeg"}],"twitter_card":"summary_large_image","schema":{"@context":"https:\/\/schema.org","@graph":[{"@type":"WebPage","@id":"https:\/\/www.bazarbonino.com\/store\/prodotto\/mty030-mazzo-carte-monarchs-green\/","url":"https:\/\/www.bazarbonino.com\/store\/prodotto\/mty030-mazzo-carte-monarchs-green\/","name":"MTY003 - Mazzo Carte Monarchs Green - BazarBonino","isPartOf":{"@id":"https:\/\/www.bazarbonino.com\/store\/#website"},"primaryImageOfPage":{"@id":"https:\/\/www.bazarbonino.com\/store\/prodotto\/mty030-mazzo-carte-monarchs-green\/#primaryimage"},"image":{"@id":"https:\/\/www.bazarbonino.com\/store\/prodotto\/mty030-mazzo-carte-monarchs-green\/#primaryimage"},"thumbnailUrl":"https:\/\/www.bazarbonino.com\/store\/wp-content\/uploads\/2017\/03\/MTY003-Mazzo-Carte-Monarchs-Green.jpg","datePublished":"2017-03-12T23:26:07+00:00","dateModified":"2024-11-26T15:30:25+00:00","description":"Mazzo Carte Monarchs Green L'ultima edizione del pi\u00f9 lussuoso mazzo del mondo, l'astuccio ha un colore verde e lamine in rilievo color oro.","breadcrumb":{"@id":"https:\/\/www.bazarbonino.com\/store\/prodotto\/mty030-mazzo-carte-monarchs-green\/#breadcrumb"},"inLanguage":"it-IT","potentialAction":[{"@type":"ReadAction","target":["https:\/\/www.bazarbonino.com\/store\/prodotto\/mty030-mazzo-carte-monarchs-green\/"]}]},{"@type":"ImageObject","inLanguage":"it-IT","@id":"https:\/\/www.bazarbonino.com\/store\/prodotto\/mty030-mazzo-carte-monarchs-green\/#primaryimage","url":"https:\/\/www.bazarbonino.com\/store\/wp-content\/uploads\/2017\/03\/MTY003-Mazzo-Carte-Monarchs-Green.jpg","contentUrl":"https:\/\/www.bazarbonino.com\/store\/wp-content\/uploads\/2017\/03\/MTY003-Mazzo-Carte-Monarchs-Green.jpg","width":1512,"height":1015,"caption":"MTY003 - Mazzo Carte Monarchs Green"},{"@type":"BreadcrumbList","@id":"https:\/\/www.bazarbonino.com\/store\/prodotto\/mty030-mazzo-carte-monarchs-green\/#breadcrumb","itemListElement":[{"@type":"ListItem","position":1,"name":"Home","item":"https:\/\/www.bazarbonino.com\/store\/"},{"@type":"ListItem","position":2,"name":"Catalogo","item":"https:\/\/www.bazarbonino.com\/store\/shop\/"},{"@type":"ListItem","position":3,"name":"MTY003 &#8211; Mazzo Carte Monarchs Green"}]},{"@type":"WebSite","@id":"https:\/\/www.bazarbonino.com\/store\/#website","url":"https:\/\/www.bazarbonino.com\/store\/","name":"BazarBonino","description":"","potentialAction":[{"@type":"SearchAction","target":{"@type":"EntryPoint","urlTemplate":"https:\/\/www.bazarbonino.com\/store\/?s={search_term_string}"},"query-input":{"@type":"PropertyValueSpecification","valueRequired":true,"valueName":"search_term_string"}}],"inLanguage":"it-IT"}]}},"_links":{"self":[{"href":"https:\/\/www.bazarbonino.com\/store\/wp-json\/wp\/v2\/product\/10243","targetHints":{"allow":["GET"]}}],"collection":[{"href":"https:\/\/www.bazarbonino.com\/store\/wp-json\/wp\/v2\/product"}],"about":[{"href":"https:\/\/www.bazarbonino.com\/store\/wp-json\/wp\/v2\/types\/product"}],"replies":[{"embeddable":true,"href":"https:\/\/www.bazarbonino.com\/store\/wp-json\/wp\/v2\/comments?post=10243"}],"wp:featuredmedia":[{"embeddable":true,"href":"https:\/\/www.bazarbonino.com\/store\/wp-json\/wp\/v2\/media\/17469"}],"wp:attachment":[{"href":"https:\/\/www.bazarbonino.com\/store\/wp-json\/wp\/v2\/media?parent=10243"}],"wp:term":[{"taxonomy":"product_brand","embeddable":true,"href":"https:\/\/www.bazarbonino.com\/store\/wp-json\/wp\/v2\/product_brand?post=10243"},{"taxonomy":"product_cat","embeddable":true,"href":"https:\/\/www.bazarbonino.com\/store\/wp-json\/wp\/v2\/product_cat?post=10243"},{"taxonomy":"product_tag","embeddable":true,"href":"https:\/\/www.bazarbonino.com\/store\/wp-json\/wp\/v2\/product_tag?post=10243"}],"curies":[{"name":"wp","href":"https:\/\/api.w.org\/{rel}","templated":true}]}}