{"id":1789,"date":"2013-01-03T19:06:49","date_gmt":"2013-01-03T18:06:49","guid":{"rendered":"http:\/\/www.bazarbonino.com\/store\/?page_id=1789"},"modified":"2018-07-14T16:04:16","modified_gmt":"2018-07-14T14:04:16","slug":"il-negozio","status":"publish","type":"page","link":"https:\/\/www.bazarbonino.com\/store\/il-negozio\/","title":{"rendered":"Il Negozio"},"content":{"rendered":"<p><img loading=\"lazy\" decoding=\"async\" class=\"alignnone size-full wp-image-2148\" src=\"http:\/\/www.bazarbonino.com\/store\/wp-content\/uploads\/2013\/01\/il_negozio_960x267.jpg\" alt=\"il_negozio_960x267\" width=\"960\" height=\"267\" \/><\/p>\n<h5>Il Negozio<\/h5>\n<p>Nel quadrilatero romano, nei pressi del Santuario della Consolata e dello storico &#8220;Bicerin&#8221;, nasceva nel 1938 l&#8217;emporio Bonino, il negozio di carta e corda da imballo. Gestito\u00a0da Giovanni, il piccolo spazio aperto dall&#8217;omonimo nonno settanta anni fa, \u00e8 uno degli indirizzi pi\u00f9 interessanti della citt\u00e0.<\/p>\n<p>Bazar Bonino ha mantenuto inalterato l&#8217;aspetto della &#8220;bottega di una volta&#8221; e l&#8217;atmosfera \u00e8 a met\u00e0 strada tra il Paese dei Balocchi e quello di Babbo Natale. Anche la cortesia e la gentilezza di chi ti accoglie esprimono le buone maniere di un tempo e la gioia per un lavoro svolto con entusiasmo immutato. Sugli alti scaffali si trovano carte da regalo, fiocchi e nastri colorati, tutto per le feste, festoni, scatole, giocoleria ed articoli di magia, passatempi, cartoleria di ogni genere e poi maschere, parrucche e travestimenti, scherzi di carnevale, magnifici e rari presepi napoletani in terracotta, alberi, luci e addobbi natalizi.<\/p>\n<p>Bazar Bonino\u00a0ha una\u00a0vasta\u00a0selezione tra le pi\u00f9 svariate categorie merceologiche:<\/p>\n<ul>\n<li>Colori per Face &amp; Body Painting Diamond Fx;<\/li>\n<li>Articoli di Giocoleria e Magia;<\/li>\n<li>Articoli per\u00a0Carnevale ed Halloween\u00a0come trucchi per il viso, costumi, parrucche,\u00a0 maschere, accessori;<\/li>\n<li>Addobbi per feste come palloncini, festoni, spara-coriandoli e cotillons;<\/li>\n<li>Articoli Natalizi\u00a0come alberi sintetici, luci e\u00a0articoli decorativi, Presepe Napoletano in\u00a0terracotta con vestiti in\u00a0tessuto e accessori;<\/li>\n<li>Articoli pirotecnici di\u00a0libera vendita;<\/li>\n<li>Giocattoli\u00a0e giochi\u00a0in latta e legno;<\/li>\n<li>Automodelli\u00a0statici;<\/li>\n<li>Gadget e novit\u00e0 dal mondo.<\/li>\n<\/ul>\n","protected":false},"excerpt":{"rendered":"<p>Il Negozio Nel quadrilatero romano, nei pressi del Santuario della Consolata e dello storico &#8220;Bicerin&#8221;, nasceva nel 1938 l&#8217;emporio Bonino, il negozio di carta e corda da imballo. Gestito\u00a0da Giovanni, il piccolo spazio aperto dall&#8217;omonimo nonno settanta anni fa, \u00e8 uno degli indirizzi pi\u00f9 interessanti della citt\u00e0. Bazar Bonino ha mantenuto inalterato l&#8217;aspetto della &#8220;bottega [&hellip;]<\/p>\n","protected":false},"author":3,"featured_media":0,"parent":0,"menu_order":0,"comment_status":"closed","ping_status":"closed","template":"","meta":{"_et_pb_use_builder":"","_et_pb_old_content":"","_et_gb_content_width":"","footnotes":""},"class_list":["post-1789","page","type-page","status-publish","hentry"],"yoast_head":"<!-- This site is optimized with the Yoast SEO plugin v27.4 - https:\/\/yoast.com\/product\/yoast-seo-wordpress\/ -->\n<title>Il Negozio - BazarBonino<\/title>\n<meta name=\"robots\" content=\"index, follow, max-snippet:-1, max-image-preview:large, max-video-preview:-1\" \/>\n<link rel=\"canonical\" href=\"https:\/\/www.bazarbonino.com\/store\/il-negozio\/\" \/>\n<meta property=\"og:locale\" content=\"it_IT\" \/>\n<meta property=\"og:type\" content=\"article\" \/>\n<meta property=\"og:title\" content=\"Il Negozio - BazarBonino\" \/>\n<meta property=\"og:description\" content=\"Il Negozio Nel quadrilatero romano, nei pressi del Santuario della Consolata e dello storico &#8220;Bicerin&#8221;, nasceva nel 1938 l&#8217;emporio Bonino, il negozio di carta e corda da imballo. Gestito\u00a0da Giovanni, il piccolo spazio aperto dall&#8217;omonimo nonno settanta anni fa, \u00e8 uno degli indirizzi pi\u00f9 interessanti della citt\u00e0. Bazar Bonino ha mantenuto inalterato l&#8217;aspetto della &#8220;bottega [&hellip;]\" \/>\n<meta property=\"og:url\" content=\"https:\/\/www.bazarbonino.com\/store\/il-negozio\/\" \/>\n<meta property=\"og:site_name\" content=\"BazarBonino\" \/>\n<meta property=\"article:publisher\" content=\"https:\/\/www.facebook.com\/bazar.bonino\" \/>\n<meta property=\"article:modified_time\" content=\"2018-07-14T14:04:16+00:00\" \/>\n<meta property=\"og:image\" content=\"http:\/\/www.bazarbonino.com\/store\/wp-content\/uploads\/2013\/01\/il_negozio_960x267.jpg\" \/>\n<meta name=\"twitter:card\" content=\"summary_large_image\" \/>\n<meta name=\"twitter:label1\" content=\"Tempo di lettura stimato\" \/>\n\t<meta name=\"twitter:data1\" content=\"1 minuto\" \/>\n<script type=\"application\/ld+json\" class=\"yoast-schema-graph\">{\"@context\":\"https:\\\/\\\/schema.org\",\"@graph\":[{\"@type\":\"WebPage\",\"@id\":\"https:\\\/\\\/www.bazarbonino.com\\\/store\\\/il-negozio\\\/\",\"url\":\"https:\\\/\\\/www.bazarbonino.com\\\/store\\\/il-negozio\\\/\",\"name\":\"Il Negozio - BazarBonino\",\"isPartOf\":{\"@id\":\"https:\\\/\\\/www.bazarbonino.com\\\/store\\\/#website\"},\"primaryImageOfPage\":{\"@id\":\"https:\\\/\\\/www.bazarbonino.com\\\/store\\\/il-negozio\\\/#primaryimage\"},\"image\":{\"@id\":\"https:\\\/\\\/www.bazarbonino.com\\\/store\\\/il-negozio\\\/#primaryimage\"},\"thumbnailUrl\":\"http:\\\/\\\/www.bazarbonino.com\\\/store\\\/wp-content\\\/uploads\\\/2013\\\/01\\\/il_negozio_960x267.jpg\",\"datePublished\":\"2013-01-03T18:06:49+00:00\",\"dateModified\":\"2018-07-14T14:04:16+00:00\",\"breadcrumb\":{\"@id\":\"https:\\\/\\\/www.bazarbonino.com\\\/store\\\/il-negozio\\\/#breadcrumb\"},\"inLanguage\":\"it-IT\",\"potentialAction\":[{\"@type\":\"ReadAction\",\"target\":[\"https:\\\/\\\/www.bazarbonino.com\\\/store\\\/il-negozio\\\/\"]}]},{\"@type\":\"ImageObject\",\"inLanguage\":\"it-IT\",\"@id\":\"https:\\\/\\\/www.bazarbonino.com\\\/store\\\/il-negozio\\\/#primaryimage\",\"url\":\"http:\\\/\\\/www.bazarbonino.com\\\/store\\\/wp-content\\\/uploads\\\/2013\\\/01\\\/il_negozio_960x267.jpg\",\"contentUrl\":\"http:\\\/\\\/www.bazarbonino.com\\\/store\\\/wp-content\\\/uploads\\\/2013\\\/01\\\/il_negozio_960x267.jpg\"},{\"@type\":\"BreadcrumbList\",\"@id\":\"https:\\\/\\\/www.bazarbonino.com\\\/store\\\/il-negozio\\\/#breadcrumb\",\"itemListElement\":[{\"@type\":\"ListItem\",\"position\":1,\"name\":\"Home\",\"item\":\"https:\\\/\\\/www.bazarbonino.com\\\/store\\\/\"},{\"@type\":\"ListItem\",\"position\":2,\"name\":\"Il Negozio\"}]},{\"@type\":\"WebSite\",\"@id\":\"https:\\\/\\\/www.bazarbonino.com\\\/store\\\/#website\",\"url\":\"https:\\\/\\\/www.bazarbonino.com\\\/store\\\/\",\"name\":\"BazarBonino\",\"description\":\"\",\"potentialAction\":[{\"@type\":\"SearchAction\",\"target\":{\"@type\":\"EntryPoint\",\"urlTemplate\":\"https:\\\/\\\/www.bazarbonino.com\\\/store\\\/?s={search_term_string}\"},\"query-input\":{\"@type\":\"PropertyValueSpecification\",\"valueRequired\":true,\"valueName\":\"search_term_string\"}}],\"inLanguage\":\"it-IT\"}]}<\/script>\n<!-- \/ Yoast SEO plugin. -->","yoast_head_json":{"title":"Il Negozio - BazarBonino","robots":{"index":"index","follow":"follow","max-snippet":"max-snippet:-1","max-image-preview":"max-image-preview:large","max-video-preview":"max-video-preview:-1"},"canonical":"https:\/\/www.bazarbonino.com\/store\/il-negozio\/","og_locale":"it_IT","og_type":"article","og_title":"Il Negozio - BazarBonino","og_description":"Il Negozio Nel quadrilatero romano, nei pressi del Santuario della Consolata e dello storico &#8220;Bicerin&#8221;, nasceva nel 1938 l&#8217;emporio Bonino, il negozio di carta e corda da imballo. Gestito\u00a0da Giovanni, il piccolo spazio aperto dall&#8217;omonimo nonno settanta anni fa, \u00e8 uno degli indirizzi pi\u00f9 interessanti della citt\u00e0. Bazar Bonino ha mantenuto inalterato l&#8217;aspetto della &#8220;bottega [&hellip;]","og_url":"https:\/\/www.bazarbonino.com\/store\/il-negozio\/","og_site_name":"BazarBonino","article_publisher":"https:\/\/www.facebook.com\/bazar.bonino","article_modified_time":"2018-07-14T14:04:16+00:00","og_image":[{"url":"http:\/\/www.bazarbonino.com\/store\/wp-content\/uploads\/2013\/01\/il_negozio_960x267.jpg","type":"","width":"","height":""}],"twitter_card":"summary_large_image","twitter_misc":{"Tempo di lettura stimato":"1 minuto"},"schema":{"@context":"https:\/\/schema.org","@graph":[{"@type":"WebPage","@id":"https:\/\/www.bazarbonino.com\/store\/il-negozio\/","url":"https:\/\/www.bazarbonino.com\/store\/il-negozio\/","name":"Il Negozio - BazarBonino","isPartOf":{"@id":"https:\/\/www.bazarbonino.com\/store\/#website"},"primaryImageOfPage":{"@id":"https:\/\/www.bazarbonino.com\/store\/il-negozio\/#primaryimage"},"image":{"@id":"https:\/\/www.bazarbonino.com\/store\/il-negozio\/#primaryimage"},"thumbnailUrl":"http:\/\/www.bazarbonino.com\/store\/wp-content\/uploads\/2013\/01\/il_negozio_960x267.jpg","datePublished":"2013-01-03T18:06:49+00:00","dateModified":"2018-07-14T14:04:16+00:00","breadcrumb":{"@id":"https:\/\/www.bazarbonino.com\/store\/il-negozio\/#breadcrumb"},"inLanguage":"it-IT","potentialAction":[{"@type":"ReadAction","target":["https:\/\/www.bazarbonino.com\/store\/il-negozio\/"]}]},{"@type":"ImageObject","inLanguage":"it-IT","@id":"https:\/\/www.bazarbonino.com\/store\/il-negozio\/#primaryimage","url":"http:\/\/www.bazarbonino.com\/store\/wp-content\/uploads\/2013\/01\/il_negozio_960x267.jpg","contentUrl":"http:\/\/www.bazarbonino.com\/store\/wp-content\/uploads\/2013\/01\/il_negozio_960x267.jpg"},{"@type":"BreadcrumbList","@id":"https:\/\/www.bazarbonino.com\/store\/il-negozio\/#breadcrumb","itemListElement":[{"@type":"ListItem","position":1,"name":"Home","item":"https:\/\/www.bazarbonino.com\/store\/"},{"@type":"ListItem","position":2,"name":"Il Negozio"}]},{"@type":"WebSite","@id":"https:\/\/www.bazarbonino.com\/store\/#website","url":"https:\/\/www.bazarbonino.com\/store\/","name":"BazarBonino","description":"","potentialAction":[{"@type":"SearchAction","target":{"@type":"EntryPoint","urlTemplate":"https:\/\/www.bazarbonino.com\/store\/?s={search_term_string}"},"query-input":{"@type":"PropertyValueSpecification","valueRequired":true,"valueName":"search_term_string"}}],"inLanguage":"it-IT"}]}},"_links":{"self":[{"href":"https:\/\/www.bazarbonino.com\/store\/wp-json\/wp\/v2\/pages\/1789","targetHints":{"allow":["GET"]}}],"collection":[{"href":"https:\/\/www.bazarbonino.com\/store\/wp-json\/wp\/v2\/pages"}],"about":[{"href":"https:\/\/www.bazarbonino.com\/store\/wp-json\/wp\/v2\/types\/page"}],"author":[{"embeddable":true,"href":"https:\/\/www.bazarbonino.com\/store\/wp-json\/wp\/v2\/users\/3"}],"replies":[{"embeddable":true,"href":"https:\/\/www.bazarbonino.com\/store\/wp-json\/wp\/v2\/comments?post=1789"}],"version-history":[{"count":11,"href":"https:\/\/www.bazarbonino.com\/store\/wp-json\/wp\/v2\/pages\/1789\/revisions"}],"predecessor-version":[{"id":12088,"href":"https:\/\/www.bazarbonino.com\/store\/wp-json\/wp\/v2\/pages\/1789\/revisions\/12088"}],"wp:attachment":[{"href":"https:\/\/www.bazarbonino.com\/store\/wp-json\/wp\/v2\/media?parent=1789"}],"curies":[{"name":"wp","href":"https:\/\/api.w.org\/{rel}","templated":true}]}}